{"id":7658,"date":"2023-11-23T10:01:22","date_gmt":"2023-11-23T02:01:22","guid":{"rendered":"https:\/\/www.wireproauto.com\/?post_type=product&#038;p=7658"},"modified":"2024-09-14T14:14:48","modified_gmt":"2024-09-14T06:14:48","slug":"max-240-sqmm-high-cost-effective-big-wire-stripping-machine","status":"publish","type":"product","link":"https:\/\/www.wireproauto.com\/tr\/urun\/max-240-sqmm-high-cost-effective-big-wire-stripping-machine\/","title":{"rendered":"SU-240 max 240 sqmm high cost effective big wire stripping machine"},"content":{"rendered":"<div class=\"fusion-fullwidth fullwidth-box fusion-builder-row-1 fusion-flex-container nonhundred-percent-fullwidth non-hundred-percent-height-scrolling\" style=\"--awb-border-radius-top-left:0px;--awb-border-radius-top-right:0px;--awb-border-radius-bottom-right:0px;--awb-border-radius-bottom-left:0px;--awb-flex-wrap:wrap;\" ><div class=\"fusion-builder-row fusion-row fusion-flex-align-items-flex-start fusion-flex-content-wrap\" style=\"max-width:1258.4px;margin-left: calc(-4% \/ 2 );margin-right: calc(-4% \/ 2 );\"><div class=\"fusion-layout-column fusion_builder_column fusion-builder-column-0 fusion_builder_column_1_1 1_1 fusion-flex-column\" style=\"--awb-bg-size:cover;--awb-width-large:100%;--awb-margin-top-large:0px;--awb-spacing-right-large:1.92%;--awb-margin-bottom-large:0px;--awb-spacing-left-large:1.92%;--awb-width-medium:100%;--awb-spacing-right-medium:1.92%;--awb-spacing-left-medium:1.92%;--awb-width-small:100%;--awb-spacing-right-small:1.92%;--awb-spacing-left-small:1.92%;\"><div class=\"fusion-column-wrapper fusion-flex-justify-content-flex-start fusion-content-layout-column\"><div class=\"fusion-text fusion-text-1\"><p>Seri makineler, otomotiv end\u00fcstrisi g\u00fc\u00e7 kablosu, elektrik kontrol kabini, pil kutusu kablosu, yeni enerji arac\u0131 kablo demeti, y\u00fcksek g\u00fc\u00e7 kayna\u011f\u0131 koruma kablosu, \u015farj kaz\u0131k demeti gibi b\u00fcy\u00fck boyutlu kablolar\u0131 tam otomatik olarak kesmek ve soymak i\u00e7in tasarlanm\u0131\u015ft\u0131r. Silikon tel, y\u00fcksek s\u0131cakl\u0131k teli ve sinyal teli vb. i\u00e7in iyidir.<\/p>\n<p data-spm-anchor-id=\"a2700.details.0.i27.3d4b477a3Yj7hI\">1. 120 \/150 sqmm alt\u0131ndaki kablolar\u0131n i\u015flenmesi, \u00e7al\u0131\u015fma verimlili\u011finin art\u0131r\u0131lmas\u0131<br \/>\n2. Normal makinelere g\u00f6re uzun s\u0131y\u0131rma uzunlu\u011fu<br \/>\n3. Bant besleme kablosu, kabartma yok, \u00e7izik yok<br \/>\n4. \u0130\u015fleme merkezini otomatik olarak tan\u0131mlay\u0131n, \u00fcretim oran\u0131n\u0131 art\u0131r\u0131n<br \/>\n5. \u00d6zel eksenel konumland\u0131rma ve geli\u015fmi\u015f tak\u0131m tutucular kullanarak do\u011frulu\u011fu ve \u00fcretim h\u0131z\u0131n\u0131 art\u0131r\u0131r.<br \/>\n6.Digitally Display Ekranl\u0131 kesme teli \u00e7ap\u0131, y\u00fcksek kaliteli pn\u00f6matik bile\u015fenler, daha fazla enerji tasarrufu ve istikrarl\u0131 \u00e7al\u0131\u015fma.<br \/>\n7. \u0130ste\u011fe ba\u011fl\u0131 yard\u0131mc\u0131 ekipman: otomatik tel besleyici, tel istifleyici veya sar\u0131c\u0131 vb.<\/p>\n<h2 data-spm-anchor-id=\"a2700.details.0.i27.3d4b477a3Yj7hI\">B\u00fcy\u00fck kablo kesme ve s\u0131y\u0131rma makinesi video<\/h2>\n<div class=\"video-shortcode\"><iframe title=\"SU-070 Otomatik ak\u00fc kablosu kesme \u015feridi s\u00fcper kal\u0131n ceket kablo kesme s\u0131y\u0131rma soyma makinesi\" width=\"1210\" height=\"681\" src=\"https:\/\/www.youtube.com\/embed\/aDHvv2Zrh2A?feature=oembed\" frameborder=\"0\" allow=\"accelerometer; autoplay; clipboard-write; encrypted-media; gyroscope; picture-in-picture\" allowfullscreen><\/iframe><\/div>\n<\/div><\/div><\/div><\/div><\/div>","protected":false},"excerpt":{"rendered":"<p><strong>Model: SU-240<\/strong><\/p>\n<p>Otomotiv end\u00fcstrisi g\u00fc\u00e7 kablosu, elektrik kontrol kabini, ak\u00fc kutusu kablosu, yeni enerji arac\u0131 kablo demeti, y\u00fcksek g\u00fc\u00e7 kayna\u011f\u0131 koruma kablosu, \u015farj kaz\u0131k demeti gibi b\u00fcy\u00fck boyutlu kablolar\u0131 tam otomatik olarak keser ve s\u0131y\u0131r\u0131r.<\/p>","protected":false},"featured_media":3658,"template":"","meta":[],"product_brand":[],"product_cat":[171],"product_tag":[338,302,227],"class_list":{"0":"post-7658","1":"product","2":"type-product","3":"status-publish","4":"has-post-thumbnail","6":"product_cat-cut-and-strip","7":"product_tag-big-cable-full-auto-cutting-stripping-machine","8":"product_tag-big-wire-proceesing-machine","9":"product_tag-wire-stripping-machine","11":"first","12":"instock","13":"shipping-taxable","14":"purchasable","15":"product-type-simple"},"yoast_head":"<!-- This site is optimized with the Yoast SEO plugin v26.9 - https:\/\/yoast.com\/product\/yoast-seo-wordpress\/ -->\n<title>SU-240 max 240 sqmm high cost effective big wire stripping machine - WIREPRO Automation Technology<\/title>\n<meta name=\"description\" content=\"Full-automatic cut and strip big size cable, like power cable, electric control cabinet, battery box cable, wiring harness, shielding cable stripping machine.\" \/>\n<meta name=\"robots\" content=\"index, follow, max-snippet:-1, max-image-preview:large, max-video-preview:-1\" \/>\n<link rel=\"canonical\" href=\"https:\/\/www.wireproauto.com\/tr\/urun\/max-240-sqmm-high-cost-effective-big-wire-stripping-machine\/\" \/>\n<meta property=\"og:locale\" content=\"tr_TR\" \/>\n<meta property=\"og:type\" content=\"article\" \/>\n<meta property=\"og:title\" content=\"SU-240 max 240 sqmm high cost effective big wire stripping machine - WIREPRO Automation Technology\" \/>\n<meta property=\"og:description\" content=\"Full-automatic cut and strip big size cable, like power cable, electric control cabinet, battery box cable, wiring harness, shielding cable stripping machine.\" \/>\n<meta property=\"og:url\" content=\"https:\/\/www.wireproauto.com\/tr\/urun\/max-240-sqmm-high-cost-effective-big-wire-stripping-machine\/\" \/>\n<meta property=\"og:site_name\" content=\"WIREPRO Automation Technology\" \/>\n<meta property=\"article:modified_time\" content=\"2024-09-14T06:14:48+00:00\" \/>\n<meta property=\"og:image\" content=\"https:\/\/www.wireproauto.com\/wp-content\/uploads\/2021\/03\/cable-strip-SU-070-150-8.jpg\" \/>\n\t<meta property=\"og:image:width\" content=\"800\" \/>\n\t<meta property=\"og:image:height\" content=\"800\" \/>\n\t<meta property=\"og:image:type\" content=\"image\/jpeg\" \/>\n<meta name=\"twitter:card\" content=\"summary_large_image\" \/>\n<meta name=\"twitter:label1\" content=\"Tahmini okuma s\u00fcresi\" \/>\n\t<meta name=\"twitter:data1\" content=\"1 dakika\" \/>\n<script type=\"application\/ld+json\" class=\"yoast-schema-graph\">{\"@context\":\"https:\/\/schema.org\",\"@graph\":[{\"@type\":\"WebPage\",\"@id\":\"https:\/\/www.wireproauto.com\/product\/max-240-sqmm-high-cost-effective-big-wire-stripping-machine\/\",\"url\":\"https:\/\/www.wireproauto.com\/product\/max-240-sqmm-high-cost-effective-big-wire-stripping-machine\/\",\"name\":\"SU-240 max 240 sqmm high cost effective big wire stripping machine - WIREPRO Automation Technology\",\"isPartOf\":{\"@id\":\"https:\/\/www.wireproauto.com\/#website\"},\"primaryImageOfPage\":{\"@id\":\"https:\/\/www.wireproauto.com\/product\/max-240-sqmm-high-cost-effective-big-wire-stripping-machine\/#primaryimage\"},\"image\":{\"@id\":\"https:\/\/www.wireproauto.com\/product\/max-240-sqmm-high-cost-effective-big-wire-stripping-machine\/#primaryimage\"},\"thumbnailUrl\":\"https:\/\/www.wireproauto.com\/wp-content\/uploads\/2021\/03\/cable-strip-SU-070-150-8.jpg\",\"datePublished\":\"2023-11-23T02:01:22+00:00\",\"dateModified\":\"2024-09-14T06:14:48+00:00\",\"description\":\"Full-automatic cut and strip big size cable, like power cable, electric control cabinet, battery box cable, wiring harness, shielding cable stripping machine.\",\"breadcrumb\":{\"@id\":\"https:\/\/www.wireproauto.com\/product\/max-240-sqmm-high-cost-effective-big-wire-stripping-machine\/#breadcrumb\"},\"inLanguage\":\"tr\",\"potentialAction\":[{\"@type\":\"ReadAction\",\"target\":[\"https:\/\/www.wireproauto.com\/product\/max-240-sqmm-high-cost-effective-big-wire-stripping-machine\/\"]}]},{\"@type\":\"ImageObject\",\"inLanguage\":\"tr\",\"@id\":\"https:\/\/www.wireproauto.com\/product\/max-240-sqmm-high-cost-effective-big-wire-stripping-machine\/#primaryimage\",\"url\":\"https:\/\/www.wireproauto.com\/wp-content\/uploads\/2021\/03\/cable-strip-SU-070-150-8.jpg\",\"contentUrl\":\"https:\/\/www.wireproauto.com\/wp-content\/uploads\/2021\/03\/cable-strip-SU-070-150-8.jpg\",\"width\":800,\"height\":800,\"caption\":\"cable wire cut strip inner cores strip machine\"},{\"@type\":\"BreadcrumbList\",\"@id\":\"https:\/\/www.wireproauto.com\/product\/max-240-sqmm-high-cost-effective-big-wire-stripping-machine\/#breadcrumb\",\"itemListElement\":[{\"@type\":\"ListItem\",\"position\":1,\"name\":\"HOME\",\"item\":\"https:\/\/www.wireproauto.com\/\"},{\"@type\":\"ListItem\",\"position\":2,\"name\":\"PRODUCTS\",\"item\":\"https:\/\/www.wireproauto.com\/professional-wire-processing-machines\/\"},{\"@type\":\"ListItem\",\"position\":3,\"name\":\"SU-240 max 240 sqmm high cost effective big wire stripping machine\"}]},{\"@type\":\"WebSite\",\"@id\":\"https:\/\/www.wireproauto.com\/#website\",\"url\":\"https:\/\/www.wireproauto.com\/\",\"name\":\"WIREPRO Automation Technology\",\"description\":\"Wire Processing Machines and Harness Assembly Equipment, Total Solution\",\"potentialAction\":[{\"@type\":\"SearchAction\",\"target\":{\"@type\":\"EntryPoint\",\"urlTemplate\":\"https:\/\/www.wireproauto.com\/?s={search_term_string}\"},\"query-input\":{\"@type\":\"PropertyValueSpecification\",\"valueRequired\":true,\"valueName\":\"search_term_string\"}}],\"inLanguage\":\"tr\"}]}<\/script>\n<!-- \/ Yoast SEO plugin. -->","yoast_head_json":{"title":"SU-240 max 240 sqmm high cost effective big wire stripping machine - WIREPRO Automation Technology","description":"Full-automatic cut and strip big size cable, like power cable, electric control cabinet, battery box cable, wiring harness, shielding cable stripping machine.","robots":{"index":"index","follow":"follow","max-snippet":"max-snippet:-1","max-image-preview":"max-image-preview:large","max-video-preview":"max-video-preview:-1"},"canonical":"https:\/\/www.wireproauto.com\/tr\/urun\/max-240-sqmm-high-cost-effective-big-wire-stripping-machine\/","og_locale":"tr_TR","og_type":"article","og_title":"SU-240 max 240 sqmm high cost effective big wire stripping machine - WIREPRO Automation Technology","og_description":"Full-automatic cut and strip big size cable, like power cable, electric control cabinet, battery box cable, wiring harness, shielding cable stripping machine.","og_url":"https:\/\/www.wireproauto.com\/tr\/urun\/max-240-sqmm-high-cost-effective-big-wire-stripping-machine\/","og_site_name":"WIREPRO Automation Technology","article_modified_time":"2024-09-14T06:14:48+00:00","og_image":[{"width":800,"height":800,"url":"https:\/\/www.wireproauto.com\/wp-content\/uploads\/2021\/03\/cable-strip-SU-070-150-8.jpg","type":"image\/jpeg"}],"twitter_card":"summary_large_image","twitter_misc":{"Tahmini okuma s\u00fcresi":"1 dakika"},"schema":{"@context":"https:\/\/schema.org","@graph":[{"@type":"WebPage","@id":"https:\/\/www.wireproauto.com\/product\/max-240-sqmm-high-cost-effective-big-wire-stripping-machine\/","url":"https:\/\/www.wireproauto.com\/product\/max-240-sqmm-high-cost-effective-big-wire-stripping-machine\/","name":"SU-240 max 240 sqmm high cost effective big wire stripping machine - WIREPRO Automation Technology","isPartOf":{"@id":"https:\/\/www.wireproauto.com\/#website"},"primaryImageOfPage":{"@id":"https:\/\/www.wireproauto.com\/product\/max-240-sqmm-high-cost-effective-big-wire-stripping-machine\/#primaryimage"},"image":{"@id":"https:\/\/www.wireproauto.com\/product\/max-240-sqmm-high-cost-effective-big-wire-stripping-machine\/#primaryimage"},"thumbnailUrl":"https:\/\/www.wireproauto.com\/wp-content\/uploads\/2021\/03\/cable-strip-SU-070-150-8.jpg","datePublished":"2023-11-23T02:01:22+00:00","dateModified":"2024-09-14T06:14:48+00:00","description":"Full-automatic cut and strip big size cable, like power cable, electric control cabinet, battery box cable, wiring harness, shielding cable stripping machine.","breadcrumb":{"@id":"https:\/\/www.wireproauto.com\/product\/max-240-sqmm-high-cost-effective-big-wire-stripping-machine\/#breadcrumb"},"inLanguage":"tr","potentialAction":[{"@type":"ReadAction","target":["https:\/\/www.wireproauto.com\/product\/max-240-sqmm-high-cost-effective-big-wire-stripping-machine\/"]}]},{"@type":"ImageObject","inLanguage":"tr","@id":"https:\/\/www.wireproauto.com\/product\/max-240-sqmm-high-cost-effective-big-wire-stripping-machine\/#primaryimage","url":"https:\/\/www.wireproauto.com\/wp-content\/uploads\/2021\/03\/cable-strip-SU-070-150-8.jpg","contentUrl":"https:\/\/www.wireproauto.com\/wp-content\/uploads\/2021\/03\/cable-strip-SU-070-150-8.jpg","width":800,"height":800,"caption":"cable wire cut strip inner cores strip machine"},{"@type":"BreadcrumbList","@id":"https:\/\/www.wireproauto.com\/product\/max-240-sqmm-high-cost-effective-big-wire-stripping-machine\/#breadcrumb","itemListElement":[{"@type":"ListItem","position":1,"name":"HOME","item":"https:\/\/www.wireproauto.com\/"},{"@type":"ListItem","position":2,"name":"PRODUCTS","item":"https:\/\/www.wireproauto.com\/professional-wire-processing-machines\/"},{"@type":"ListItem","position":3,"name":"SU-240 max 240 sqmm high cost effective big wire stripping machine"}]},{"@type":"WebSite","@id":"https:\/\/www.wireproauto.com\/#website","url":"https:\/\/www.wireproauto.com\/","name":"WIREPRO Automation Technology","description":"Wire Processing Machines and Harness Assembly Equipment, Total Solution","potentialAction":[{"@type":"SearchAction","target":{"@type":"EntryPoint","urlTemplate":"https:\/\/www.wireproauto.com\/?s={search_term_string}"},"query-input":{"@type":"PropertyValueSpecification","valueRequired":true,"valueName":"search_term_string"}}],"inLanguage":"tr"}]}},"_links":{"self":[{"href":"https:\/\/www.wireproauto.com\/tr\/wp-json\/wp\/v2\/product\/7658","targetHints":{"allow":["GET"]}}],"collection":[{"href":"https:\/\/www.wireproauto.com\/tr\/wp-json\/wp\/v2\/product"}],"about":[{"href":"https:\/\/www.wireproauto.com\/tr\/wp-json\/wp\/v2\/types\/product"}],"wp:featuredmedia":[{"embeddable":true,"href":"https:\/\/www.wireproauto.com\/tr\/wp-json\/wp\/v2\/media\/3658"}],"wp:attachment":[{"href":"https:\/\/www.wireproauto.com\/tr\/wp-json\/wp\/v2\/media?parent=7658"}],"wp:term":[{"taxonomy":"product_brand","embeddable":true,"href":"https:\/\/www.wireproauto.com\/tr\/wp-json\/wp\/v2\/product_brand?post=7658"},{"taxonomy":"product_cat","embeddable":true,"href":"https:\/\/www.wireproauto.com\/tr\/wp-json\/wp\/v2\/product_cat?post=7658"},{"taxonomy":"product_tag","embeddable":true,"href":"https:\/\/www.wireproauto.com\/tr\/wp-json\/wp\/v2\/product_tag?post=7658"}],"curies":[{"name":"wp","href":"https:\/\/api.w.org\/{rel}","templated":true}]}}