{"id":6903,"date":"2023-02-02T14:18:59","date_gmt":"2023-02-02T06:18:59","guid":{"rendered":"https:\/\/www.wireproauto.com\/?post_type=product&#038;p=6903"},"modified":"2023-02-02T16:26:16","modified_gmt":"2023-02-02T08:26:16","slug":"small-plastic-products-injection-moulding-machine","status":"publish","type":"product","link":"https:\/\/www.wireproauto.com\/tr\/urun\/small-plastic-products-injection-moulding-machine\/","title":{"rendered":"PI-F16 K\u00fc\u00e7\u00fck Plastik \u00dcr\u00fcnler Enjeksiyon Makinesi"},"content":{"rendered":"<div class=\"fusion-fullwidth fullwidth-box fusion-builder-row-1 fusion-flex-container nonhundred-percent-fullwidth non-hundred-percent-height-scrolling\" style=\"--awb-border-radius-top-left:0px;--awb-border-radius-top-right:0px;--awb-border-radius-bottom-right:0px;--awb-border-radius-bottom-left:0px;--awb-flex-wrap:wrap;\" ><div class=\"fusion-builder-row fusion-row fusion-flex-align-items-flex-start fusion-flex-content-wrap\" style=\"max-width:1258.4px;margin-left: calc(-4% \/ 2 );margin-right: calc(-4% \/ 2 );\"><div class=\"fusion-layout-column fusion_builder_column fusion-builder-column-0 fusion_builder_column_1_1 1_1 fusion-flex-column\" style=\"--awb-bg-size:cover;--awb-width-large:100%;--awb-margin-top-large:0px;--awb-spacing-right-large:1.92%;--awb-margin-bottom-large:0px;--awb-spacing-left-large:1.92%;--awb-width-medium:100%;--awb-spacing-right-medium:1.92%;--awb-spacing-left-medium:1.92%;--awb-width-small:100%;--awb-spacing-right-small:1.92%;--awb-spacing-left-small:1.92%;\"><div class=\"fusion-column-wrapper fusion-flex-justify-content-flex-start fusion-content-layout-column\"><div class=\"fusion-text fusion-text-1\"><p>Bu, elektrik fi\u015fleri, veri kablolar\u0131, USB, ses kablolar\u0131, \u015farj cihazlar\u0131, konekt\u00f6rler ve di\u011fer \u00fcr\u00fcnlerin enjeksiyon kal\u0131plamas\u0131 i\u00e7in uygun bir g\u00fc\u00e7 kablosu fi\u015fi enjeksiyon kal\u0131plama makinesidir. Enjeksiyon kal\u0131b\u0131n\u0131n \u00fcr\u00fcne g\u00f6re \u00f6zelle\u015ftirilmesi gerekir ve bir seferde enjekte edilebilecek miktar \u00fcr\u00fcn\u00fcn boyutuna ba\u011fl\u0131d\u0131r.<br \/>\n\u00c7e\u015fitli termoplastikler i\u00e7in uygundur: PVC, TPR, TPE, PE, PBT, PC, PS, PP, PU, PE, POM, PMMA, PET, PPO, PPS, ABS, LCP, akrilik, melamin, naylon, polipropilen, polistiren vb.<\/p>\n<p>\u00d6zellikler:<br \/>\n1. D\u00fcz vida \u00e7\u0131kar\u0131lm\u0131\u015f tertibat<br \/>\n2. \u0130ki (\u00fc\u00e7) fazl\u0131 s\u0131cakl\u0131k, \u00e7\u0131kar\u0131lan h\u0131z, destek bas\u0131nc\u0131 ve vida h\u0131z\u0131, \u00e7e\u015fitli plastik ba\u011flant\u0131lar i\u00e7in uygundur<br \/>\n3. Sabit alt kal\u0131p ve gev\u015fek \u00fcst kal\u0131p tipi, ek par\u00e7alar\u0131n plastik enjeksiyon kal\u0131plamas\u0131 i\u00e7in uygundur ve ayr\u0131ca bitmi\u015f \u00fcr\u00fcnler i\u00e7in bir ejekt\u00f6r ile donat\u0131lm\u0131\u015ft\u0131r<br \/>\n4. D\u00fc\u015f\u00fck bas\u0131n\u00e7l\u0131 kapal\u0131 kal\u0131p tertibat\u0131 kal\u0131p g\u00fcvenli\u011fini koruyabilir<\/p>\n<\/div><\/div><\/div><\/div><\/div>","protected":false},"excerpt":{"rendered":"<p><strong>Model: PI-F16<\/strong><\/p>\n<p>&nbsp;<\/p>","protected":false},"featured_media":6918,"template":"","meta":[],"product_brand":[],"product_cat":[189],"product_tag":[387],"class_list":{"0":"post-6903","1":"product","2":"type-product","3":"status-publish","4":"has-post-thumbnail","6":"product_cat-injection-molding-machine","7":"product_tag-injection-molding-machine","9":"first","10":"instock","11":"shipping-taxable","12":"purchasable","13":"product-type-simple"},"yoast_head":"<!-- This site is optimized with the Yoast SEO plugin v26.9 - https:\/\/yoast.com\/product\/yoast-seo-wordpress\/ -->\n<title>PI-F16 Small Plastic Products Injection Moulding Machine - WIREPRO Automation Technology<\/title>\n<meta name=\"description\" content=\"WIREPO supply different tubing cutting machine. CB-R03\u00a0works with rotating blades. It can cut more hard materials tubes than common blades.\" \/>\n<meta name=\"robots\" content=\"index, follow, max-snippet:-1, max-image-preview:large, max-video-preview:-1\" \/>\n<link rel=\"canonical\" href=\"https:\/\/www.wireproauto.com\/tr\/urun\/small-plastic-products-injection-moulding-machine\/\" \/>\n<meta property=\"og:locale\" content=\"tr_TR\" \/>\n<meta property=\"og:type\" content=\"article\" \/>\n<meta property=\"og:title\" content=\"PI-F16 Small Plastic Products Injection Moulding Machine - WIREPRO Automation Technology\" \/>\n<meta property=\"og:description\" content=\"WIREPO supply different tubing cutting machine. CB-R03\u00a0works with rotating blades. It can cut more hard materials tubes than common blades.\" \/>\n<meta property=\"og:url\" content=\"https:\/\/www.wireproauto.com\/tr\/urun\/small-plastic-products-injection-moulding-machine\/\" \/>\n<meta property=\"og:site_name\" content=\"WIREPRO Automation Technology\" \/>\n<meta property=\"article:modified_time\" content=\"2023-02-02T08:26:16+00:00\" \/>\n<meta property=\"og:image\" content=\"https:\/\/www.wireproauto.com\/wp-content\/uploads\/2023\/02\/PI-F16-Small-Plastic-Products-Injection-Moulding-Machine-1.jpg\" \/>\n\t<meta property=\"og:image:width\" content=\"800\" \/>\n\t<meta property=\"og:image:height\" content=\"800\" \/>\n\t<meta property=\"og:image:type\" content=\"image\/jpeg\" \/>\n<meta name=\"twitter:card\" content=\"summary_large_image\" \/>\n<meta name=\"twitter:label1\" content=\"Tahmini okuma s\u00fcresi\" \/>\n\t<meta name=\"twitter:data1\" content=\"2 dakika\" \/>\n<script type=\"application\/ld+json\" class=\"yoast-schema-graph\">{\"@context\":\"https:\/\/schema.org\",\"@graph\":[{\"@type\":\"WebPage\",\"@id\":\"https:\/\/www.wireproauto.com\/product\/small-plastic-products-injection-moulding-machine\/\",\"url\":\"https:\/\/www.wireproauto.com\/product\/small-plastic-products-injection-moulding-machine\/\",\"name\":\"PI-F16 Small Plastic Products Injection Moulding Machine - WIREPRO Automation Technology\",\"isPartOf\":{\"@id\":\"https:\/\/www.wireproauto.com\/#website\"},\"primaryImageOfPage\":{\"@id\":\"https:\/\/www.wireproauto.com\/product\/small-plastic-products-injection-moulding-machine\/#primaryimage\"},\"image\":{\"@id\":\"https:\/\/www.wireproauto.com\/product\/small-plastic-products-injection-moulding-machine\/#primaryimage\"},\"thumbnailUrl\":\"https:\/\/www.wireproauto.com\/wp-content\/uploads\/2023\/02\/PI-F16-Small-Plastic-Products-Injection-Moulding-Machine-1.jpg\",\"datePublished\":\"2023-02-02T06:18:59+00:00\",\"dateModified\":\"2023-02-02T08:26:16+00:00\",\"description\":\"WIREPO supply different tubing cutting machine. CB-R03\u00a0works with rotating blades. It can cut more hard materials tubes than common blades.\",\"breadcrumb\":{\"@id\":\"https:\/\/www.wireproauto.com\/product\/small-plastic-products-injection-moulding-machine\/#breadcrumb\"},\"inLanguage\":\"tr\",\"potentialAction\":[{\"@type\":\"ReadAction\",\"target\":[\"https:\/\/www.wireproauto.com\/product\/small-plastic-products-injection-moulding-machine\/\"]}]},{\"@type\":\"ImageObject\",\"inLanguage\":\"tr\",\"@id\":\"https:\/\/www.wireproauto.com\/product\/small-plastic-products-injection-moulding-machine\/#primaryimage\",\"url\":\"https:\/\/www.wireproauto.com\/wp-content\/uploads\/2023\/02\/PI-F16-Small-Plastic-Products-Injection-Moulding-Machine-1.jpg\",\"contentUrl\":\"https:\/\/www.wireproauto.com\/wp-content\/uploads\/2023\/02\/PI-F16-Small-Plastic-Products-Injection-Moulding-Machine-1.jpg\",\"width\":800,\"height\":800},{\"@type\":\"BreadcrumbList\",\"@id\":\"https:\/\/www.wireproauto.com\/product\/small-plastic-products-injection-moulding-machine\/#breadcrumb\",\"itemListElement\":[{\"@type\":\"ListItem\",\"position\":1,\"name\":\"HOME\",\"item\":\"https:\/\/www.wireproauto.com\/\"},{\"@type\":\"ListItem\",\"position\":2,\"name\":\"PRODUCTS\",\"item\":\"https:\/\/www.wireproauto.com\/professional-wire-processing-machines\/\"},{\"@type\":\"ListItem\",\"position\":3,\"name\":\"PI-F16 Small Plastic Products Injection Moulding Machine\"}]},{\"@type\":\"WebSite\",\"@id\":\"https:\/\/www.wireproauto.com\/#website\",\"url\":\"https:\/\/www.wireproauto.com\/\",\"name\":\"WIREPRO Automation Technology\",\"description\":\"Wire Processing Machines and Harness Assembly Equipment, Total Solution\",\"potentialAction\":[{\"@type\":\"SearchAction\",\"target\":{\"@type\":\"EntryPoint\",\"urlTemplate\":\"https:\/\/www.wireproauto.com\/?s={search_term_string}\"},\"query-input\":{\"@type\":\"PropertyValueSpecification\",\"valueRequired\":true,\"valueName\":\"search_term_string\"}}],\"inLanguage\":\"tr\"}]}<\/script>\n<!-- \/ Yoast SEO plugin. -->","yoast_head_json":{"title":"PI-F16 Small Plastic Products Injection Moulding Machine - WIREPRO Automation Technology","description":"WIREPO supply different tubing cutting machine. CB-R03\u00a0works with rotating blades. It can cut more hard materials tubes than common blades.","robots":{"index":"index","follow":"follow","max-snippet":"max-snippet:-1","max-image-preview":"max-image-preview:large","max-video-preview":"max-video-preview:-1"},"canonical":"https:\/\/www.wireproauto.com\/tr\/urun\/small-plastic-products-injection-moulding-machine\/","og_locale":"tr_TR","og_type":"article","og_title":"PI-F16 Small Plastic Products Injection Moulding Machine - WIREPRO Automation Technology","og_description":"WIREPO supply different tubing cutting machine. CB-R03\u00a0works with rotating blades. It can cut more hard materials tubes than common blades.","og_url":"https:\/\/www.wireproauto.com\/tr\/urun\/small-plastic-products-injection-moulding-machine\/","og_site_name":"WIREPRO Automation Technology","article_modified_time":"2023-02-02T08:26:16+00:00","og_image":[{"width":800,"height":800,"url":"https:\/\/www.wireproauto.com\/wp-content\/uploads\/2023\/02\/PI-F16-Small-Plastic-Products-Injection-Moulding-Machine-1.jpg","type":"image\/jpeg"}],"twitter_card":"summary_large_image","twitter_misc":{"Tahmini okuma s\u00fcresi":"2 dakika"},"schema":{"@context":"https:\/\/schema.org","@graph":[{"@type":"WebPage","@id":"https:\/\/www.wireproauto.com\/product\/small-plastic-products-injection-moulding-machine\/","url":"https:\/\/www.wireproauto.com\/product\/small-plastic-products-injection-moulding-machine\/","name":"PI-F16 Small Plastic Products Injection Moulding Machine - WIREPRO Automation Technology","isPartOf":{"@id":"https:\/\/www.wireproauto.com\/#website"},"primaryImageOfPage":{"@id":"https:\/\/www.wireproauto.com\/product\/small-plastic-products-injection-moulding-machine\/#primaryimage"},"image":{"@id":"https:\/\/www.wireproauto.com\/product\/small-plastic-products-injection-moulding-machine\/#primaryimage"},"thumbnailUrl":"https:\/\/www.wireproauto.com\/wp-content\/uploads\/2023\/02\/PI-F16-Small-Plastic-Products-Injection-Moulding-Machine-1.jpg","datePublished":"2023-02-02T06:18:59+00:00","dateModified":"2023-02-02T08:26:16+00:00","description":"WIREPO supply different tubing cutting machine. CB-R03\u00a0works with rotating blades. It can cut more hard materials tubes than common blades.","breadcrumb":{"@id":"https:\/\/www.wireproauto.com\/product\/small-plastic-products-injection-moulding-machine\/#breadcrumb"},"inLanguage":"tr","potentialAction":[{"@type":"ReadAction","target":["https:\/\/www.wireproauto.com\/product\/small-plastic-products-injection-moulding-machine\/"]}]},{"@type":"ImageObject","inLanguage":"tr","@id":"https:\/\/www.wireproauto.com\/product\/small-plastic-products-injection-moulding-machine\/#primaryimage","url":"https:\/\/www.wireproauto.com\/wp-content\/uploads\/2023\/02\/PI-F16-Small-Plastic-Products-Injection-Moulding-Machine-1.jpg","contentUrl":"https:\/\/www.wireproauto.com\/wp-content\/uploads\/2023\/02\/PI-F16-Small-Plastic-Products-Injection-Moulding-Machine-1.jpg","width":800,"height":800},{"@type":"BreadcrumbList","@id":"https:\/\/www.wireproauto.com\/product\/small-plastic-products-injection-moulding-machine\/#breadcrumb","itemListElement":[{"@type":"ListItem","position":1,"name":"HOME","item":"https:\/\/www.wireproauto.com\/"},{"@type":"ListItem","position":2,"name":"PRODUCTS","item":"https:\/\/www.wireproauto.com\/professional-wire-processing-machines\/"},{"@type":"ListItem","position":3,"name":"PI-F16 Small Plastic Products Injection Moulding Machine"}]},{"@type":"WebSite","@id":"https:\/\/www.wireproauto.com\/#website","url":"https:\/\/www.wireproauto.com\/","name":"WIREPRO Automation Technology","description":"Wire Processing Machines and Harness Assembly Equipment, Total Solution","potentialAction":[{"@type":"SearchAction","target":{"@type":"EntryPoint","urlTemplate":"https:\/\/www.wireproauto.com\/?s={search_term_string}"},"query-input":{"@type":"PropertyValueSpecification","valueRequired":true,"valueName":"search_term_string"}}],"inLanguage":"tr"}]}},"_links":{"self":[{"href":"https:\/\/www.wireproauto.com\/tr\/wp-json\/wp\/v2\/product\/6903","targetHints":{"allow":["GET"]}}],"collection":[{"href":"https:\/\/www.wireproauto.com\/tr\/wp-json\/wp\/v2\/product"}],"about":[{"href":"https:\/\/www.wireproauto.com\/tr\/wp-json\/wp\/v2\/types\/product"}],"wp:featuredmedia":[{"embeddable":true,"href":"https:\/\/www.wireproauto.com\/tr\/wp-json\/wp\/v2\/media\/6918"}],"wp:attachment":[{"href":"https:\/\/www.wireproauto.com\/tr\/wp-json\/wp\/v2\/media?parent=6903"}],"wp:term":[{"taxonomy":"product_brand","embeddable":true,"href":"https:\/\/www.wireproauto.com\/tr\/wp-json\/wp\/v2\/product_brand?post=6903"},{"taxonomy":"product_cat","embeddable":true,"href":"https:\/\/www.wireproauto.com\/tr\/wp-json\/wp\/v2\/product_cat?post=6903"},{"taxonomy":"product_tag","embeddable":true,"href":"https:\/\/www.wireproauto.com\/tr\/wp-json\/wp\/v2\/product_tag?post=6903"}],"curies":[{"name":"wp","href":"https:\/\/api.w.org\/{rel}","templated":true}]}}