{"id":4942,"date":"2021-07-12T15:40:34","date_gmt":"2021-07-12T07:40:34","guid":{"rendered":"https:\/\/www.wireproauto.com\/?post_type=product&#038;p=4942"},"modified":"2026-03-11T16:08:26","modified_gmt":"2026-03-11T08:08:26","slug":"automatic-tube-wire-cable-cutting-machine","status":"publish","type":"product","link":"https:\/\/www.wireproauto.com\/tr\/urun\/automatic-tube-wire-cable-cutting-machine\/","title":{"rendered":"CW-A15 Otomatik t\u00fcp tel kablo kesme tek u\u00e7lu \u015ferit makinesi"},"content":{"rendered":"<div class=\"fusion-fullwidth fullwidth-box fusion-builder-row-1 fusion-flex-container nonhundred-percent-fullwidth non-hundred-percent-height-scrolling\" style=\"--awb-border-radius-top-left:0px;--awb-border-radius-top-right:0px;--awb-border-radius-bottom-right:0px;--awb-border-radius-bottom-left:0px;--awb-flex-wrap:wrap;\" ><div class=\"fusion-builder-row fusion-row fusion-flex-align-items-flex-start fusion-flex-content-wrap\" style=\"max-width:1258.4px;margin-left: calc(-4% \/ 2 );margin-right: calc(-4% \/ 2 );\"><div class=\"fusion-layout-column fusion_builder_column fusion-builder-column-0 fusion_builder_column_1_1 1_1 fusion-flex-column\" style=\"--awb-bg-size:cover;--awb-width-large:100%;--awb-margin-top-large:0px;--awb-spacing-right-large:1.92%;--awb-margin-bottom-large:0px;--awb-spacing-left-large:1.92%;--awb-width-medium:100%;--awb-spacing-right-medium:1.92%;--awb-spacing-left-medium:1.92%;--awb-width-small:100%;--awb-spacing-right-small:1.92%;--awb-spacing-left-small:1.92%;\"><div class=\"fusion-column-wrapper fusion-flex-justify-content-flex-start fusion-content-layout-column\"><div class=\"fusion-text fusion-text-1\"><p>Full-automatic cutting cable machine, max 150 sqmm, support strip one end. Can process cable like the automotive industry power cable, electric control cabinet, battery box cable, new energy vehicle wiring harness, high power supply shielding cable, charging pile harness.<\/p>\n<h2>\u00d6zellikler:<\/h2>\n<p>1. Processing cable below 150 sqmm, improving working efficiency<br \/>\n2. Compared to the SU-150, this model price is very good, save equipment cost.<br \/>\n3. Bant besleme kablosu, kabartma yok, \u00e7izik yok<br \/>\n4. \u0130\u015fleme merkezini otomatik olarak tan\u0131mlay\u0131n, \u00fcretim oran\u0131n\u0131 art\u0131r\u0131n<br \/>\n5. \u00d6zel eksenel konumland\u0131rma ve geli\u015fmi\u015f tak\u0131m tutucular kullanarak do\u011frulu\u011fu ve \u00fcretim h\u0131z\u0131n\u0131 art\u0131r\u0131r.<br \/>\n6. Digitally Display Screened cutting wire diameter, high-quality pneumatic components, more energy-saving, and work stably.<br \/>\n7. \u0130ste\u011fe ba\u011fl\u0131 yard\u0131mc\u0131 ekipman: otomatik tel besleyici, tel istifleyici veya sar\u0131c\u0131 vb.<\/p>\n<p>Can cut tube and other materials too.<\/p>\n<h2 data-spm-anchor-id=\"a2700.details.pronpeci14.i1.c94b2689uA5CKC\">CW-A15 cable cutting machine video:<\/h2>\n<div class=\"video-shortcode\"><iframe title=\"CW-A15 Max 150 sqmm desk type automatic tube wire cable cutting one end stripping machine\" width=\"1210\" height=\"681\" src=\"https:\/\/www.youtube.com\/embed\/R5pWbamGj-4?feature=oembed\" frameborder=\"0\" allow=\"accelerometer; autoplay; clipboard-write; encrypted-media; gyroscope; picture-in-picture\" allowfullscreen><\/iframe><\/div>\n<\/div><\/div><\/div><\/div><\/div>","protected":false},"excerpt":{"rendered":"<p><strong>Model: CW-A15<\/strong><\/p>\n<p>Automatic cutting machine for wire, cable, tube. Cable max 150 sqmm, support strip one end.<\/p>","protected":false},"featured_media":6805,"template":"","meta":[],"product_brand":[],"product_cat":[161,171,175],"product_tag":[302,241,303,227,230],"class_list":{"0":"post-4942","1":"product","2":"type-product","3":"status-publish","4":"has-post-thumbnail","6":"product_cat-cut-or-strip","7":"product_cat-cut-and-strip","8":"product_cat-materials-cutting","9":"product_tag-big-wire-proceesing-machine","10":"product_tag-cutting-machine","11":"product_tag-multicores-cable-processsing-machine","12":"product_tag-wire-stripping-machine","13":"product_tag-wire-cutting-machine","15":"first","16":"instock","17":"shipping-taxable","18":"purchasable","19":"product-type-simple"},"yoast_head":"<!-- This site is optimized with the Yoast SEO plugin v26.9 - https:\/\/yoast.com\/product\/yoast-seo-wordpress\/ -->\n<title>CW-A15 Automatic tube wire cable cutting one end strip machine - WIREPRO Automation Technology<\/title>\n<meta name=\"description\" content=\"This multifunctional cutting machine is used to cut for wide tapes, flat soft tubes, hose, and heat shrink tube, and so on.\" \/>\n<meta name=\"robots\" content=\"index, follow, max-snippet:-1, max-image-preview:large, max-video-preview:-1\" \/>\n<link rel=\"canonical\" href=\"https:\/\/www.wireproauto.com\/tr\/urun\/automatic-tube-wire-cable-cutting-machine\/\" \/>\n<meta property=\"og:locale\" content=\"tr_TR\" \/>\n<meta property=\"og:type\" content=\"article\" \/>\n<meta property=\"og:title\" content=\"CW-A15 Automatic tube wire cable cutting one end strip machine - WIREPRO Automation Technology\" \/>\n<meta property=\"og:description\" content=\"This multifunctional cutting machine is used to cut for wide tapes, flat soft tubes, hose, and heat shrink tube, and so on.\" \/>\n<meta property=\"og:url\" content=\"https:\/\/www.wireproauto.com\/tr\/urun\/automatic-tube-wire-cable-cutting-machine\/\" \/>\n<meta property=\"og:site_name\" content=\"WIREPRO Automation Technology\" \/>\n<meta property=\"article:modified_time\" content=\"2026-03-11T08:08:26+00:00\" \/>\n<meta property=\"og:image\" content=\"https:\/\/www.wireproauto.com\/wp-content\/uploads\/2021\/07\/CW-A15-Automatic-tube-wire-cable-cutting-one-end-strip-machine-1.jpg\" \/>\n\t<meta property=\"og:image:width\" content=\"800\" \/>\n\t<meta property=\"og:image:height\" content=\"800\" \/>\n\t<meta property=\"og:image:type\" content=\"image\/jpeg\" \/>\n<meta name=\"twitter:card\" content=\"summary_large_image\" \/>\n<meta name=\"twitter:label1\" content=\"Tahmini okuma s\u00fcresi\" \/>\n\t<meta name=\"twitter:data1\" content=\"1 dakika\" \/>\n<script type=\"application\/ld+json\" class=\"yoast-schema-graph\">{\"@context\":\"https:\/\/schema.org\",\"@graph\":[{\"@type\":\"WebPage\",\"@id\":\"https:\/\/www.wireproauto.com\/product\/automatic-tube-wire-cable-cutting-machine\/\",\"url\":\"https:\/\/www.wireproauto.com\/product\/automatic-tube-wire-cable-cutting-machine\/\",\"name\":\"CW-A15 Automatic tube wire cable cutting one end strip machine - WIREPRO Automation Technology\",\"isPartOf\":{\"@id\":\"https:\/\/www.wireproauto.com\/#website\"},\"primaryImageOfPage\":{\"@id\":\"https:\/\/www.wireproauto.com\/product\/automatic-tube-wire-cable-cutting-machine\/#primaryimage\"},\"image\":{\"@id\":\"https:\/\/www.wireproauto.com\/product\/automatic-tube-wire-cable-cutting-machine\/#primaryimage\"},\"thumbnailUrl\":\"https:\/\/www.wireproauto.com\/wp-content\/uploads\/2021\/07\/CW-A15-Automatic-tube-wire-cable-cutting-one-end-strip-machine-1.jpg\",\"datePublished\":\"2021-07-12T07:40:34+00:00\",\"dateModified\":\"2026-03-11T08:08:26+00:00\",\"description\":\"This multifunctional cutting machine is used to cut for wide tapes, flat soft tubes, hose, and heat shrink tube, and so on.\",\"breadcrumb\":{\"@id\":\"https:\/\/www.wireproauto.com\/product\/automatic-tube-wire-cable-cutting-machine\/#breadcrumb\"},\"inLanguage\":\"tr\",\"potentialAction\":[{\"@type\":\"ReadAction\",\"target\":[\"https:\/\/www.wireproauto.com\/product\/automatic-tube-wire-cable-cutting-machine\/\"]}]},{\"@type\":\"ImageObject\",\"inLanguage\":\"tr\",\"@id\":\"https:\/\/www.wireproauto.com\/product\/automatic-tube-wire-cable-cutting-machine\/#primaryimage\",\"url\":\"https:\/\/www.wireproauto.com\/wp-content\/uploads\/2021\/07\/CW-A15-Automatic-tube-wire-cable-cutting-one-end-strip-machine-1.jpg\",\"contentUrl\":\"https:\/\/www.wireproauto.com\/wp-content\/uploads\/2021\/07\/CW-A15-Automatic-tube-wire-cable-cutting-one-end-strip-machine-1.jpg\",\"width\":800,\"height\":800},{\"@type\":\"BreadcrumbList\",\"@id\":\"https:\/\/www.wireproauto.com\/product\/automatic-tube-wire-cable-cutting-machine\/#breadcrumb\",\"itemListElement\":[{\"@type\":\"ListItem\",\"position\":1,\"name\":\"HOME\",\"item\":\"https:\/\/www.wireproauto.com\/\"},{\"@type\":\"ListItem\",\"position\":2,\"name\":\"PRODUCTS\",\"item\":\"https:\/\/www.wireproauto.com\/professional-wire-processing-machines\/\"},{\"@type\":\"ListItem\",\"position\":3,\"name\":\"CW-A15 Automatic tube wire cable cutting one end strip machine\"}]},{\"@type\":\"WebSite\",\"@id\":\"https:\/\/www.wireproauto.com\/#website\",\"url\":\"https:\/\/www.wireproauto.com\/\",\"name\":\"WIREPRO Automation Technology\",\"description\":\"Wire Processing Machines and Harness Assembly Equipment, Total Solution\",\"potentialAction\":[{\"@type\":\"SearchAction\",\"target\":{\"@type\":\"EntryPoint\",\"urlTemplate\":\"https:\/\/www.wireproauto.com\/?s={search_term_string}\"},\"query-input\":{\"@type\":\"PropertyValueSpecification\",\"valueRequired\":true,\"valueName\":\"search_term_string\"}}],\"inLanguage\":\"tr\"}]}<\/script>\n<!-- \/ Yoast SEO plugin. -->","yoast_head_json":{"title":"CW-A15 Automatic tube wire cable cutting one end strip machine - WIREPRO Automation Technology","description":"This multifunctional cutting machine is used to cut for wide tapes, flat soft tubes, hose, and heat shrink tube, and so on.","robots":{"index":"index","follow":"follow","max-snippet":"max-snippet:-1","max-image-preview":"max-image-preview:large","max-video-preview":"max-video-preview:-1"},"canonical":"https:\/\/www.wireproauto.com\/tr\/urun\/automatic-tube-wire-cable-cutting-machine\/","og_locale":"tr_TR","og_type":"article","og_title":"CW-A15 Automatic tube wire cable cutting one end strip machine - WIREPRO Automation Technology","og_description":"This multifunctional cutting machine is used to cut for wide tapes, flat soft tubes, hose, and heat shrink tube, and so on.","og_url":"https:\/\/www.wireproauto.com\/tr\/urun\/automatic-tube-wire-cable-cutting-machine\/","og_site_name":"WIREPRO Automation Technology","article_modified_time":"2026-03-11T08:08:26+00:00","og_image":[{"width":800,"height":800,"url":"https:\/\/www.wireproauto.com\/wp-content\/uploads\/2021\/07\/CW-A15-Automatic-tube-wire-cable-cutting-one-end-strip-machine-1.jpg","type":"image\/jpeg"}],"twitter_card":"summary_large_image","twitter_misc":{"Tahmini okuma s\u00fcresi":"1 dakika"},"schema":{"@context":"https:\/\/schema.org","@graph":[{"@type":"WebPage","@id":"https:\/\/www.wireproauto.com\/product\/automatic-tube-wire-cable-cutting-machine\/","url":"https:\/\/www.wireproauto.com\/product\/automatic-tube-wire-cable-cutting-machine\/","name":"CW-A15 Automatic tube wire cable cutting one end strip machine - WIREPRO Automation Technology","isPartOf":{"@id":"https:\/\/www.wireproauto.com\/#website"},"primaryImageOfPage":{"@id":"https:\/\/www.wireproauto.com\/product\/automatic-tube-wire-cable-cutting-machine\/#primaryimage"},"image":{"@id":"https:\/\/www.wireproauto.com\/product\/automatic-tube-wire-cable-cutting-machine\/#primaryimage"},"thumbnailUrl":"https:\/\/www.wireproauto.com\/wp-content\/uploads\/2021\/07\/CW-A15-Automatic-tube-wire-cable-cutting-one-end-strip-machine-1.jpg","datePublished":"2021-07-12T07:40:34+00:00","dateModified":"2026-03-11T08:08:26+00:00","description":"This multifunctional cutting machine is used to cut for wide tapes, flat soft tubes, hose, and heat shrink tube, and so on.","breadcrumb":{"@id":"https:\/\/www.wireproauto.com\/product\/automatic-tube-wire-cable-cutting-machine\/#breadcrumb"},"inLanguage":"tr","potentialAction":[{"@type":"ReadAction","target":["https:\/\/www.wireproauto.com\/product\/automatic-tube-wire-cable-cutting-machine\/"]}]},{"@type":"ImageObject","inLanguage":"tr","@id":"https:\/\/www.wireproauto.com\/product\/automatic-tube-wire-cable-cutting-machine\/#primaryimage","url":"https:\/\/www.wireproauto.com\/wp-content\/uploads\/2021\/07\/CW-A15-Automatic-tube-wire-cable-cutting-one-end-strip-machine-1.jpg","contentUrl":"https:\/\/www.wireproauto.com\/wp-content\/uploads\/2021\/07\/CW-A15-Automatic-tube-wire-cable-cutting-one-end-strip-machine-1.jpg","width":800,"height":800},{"@type":"BreadcrumbList","@id":"https:\/\/www.wireproauto.com\/product\/automatic-tube-wire-cable-cutting-machine\/#breadcrumb","itemListElement":[{"@type":"ListItem","position":1,"name":"HOME","item":"https:\/\/www.wireproauto.com\/"},{"@type":"ListItem","position":2,"name":"PRODUCTS","item":"https:\/\/www.wireproauto.com\/professional-wire-processing-machines\/"},{"@type":"ListItem","position":3,"name":"CW-A15 Automatic tube wire cable cutting one end strip machine"}]},{"@type":"WebSite","@id":"https:\/\/www.wireproauto.com\/#website","url":"https:\/\/www.wireproauto.com\/","name":"WIREPRO Automation Technology","description":"Wire Processing Machines and Harness Assembly Equipment, Total Solution","potentialAction":[{"@type":"SearchAction","target":{"@type":"EntryPoint","urlTemplate":"https:\/\/www.wireproauto.com\/?s={search_term_string}"},"query-input":{"@type":"PropertyValueSpecification","valueRequired":true,"valueName":"search_term_string"}}],"inLanguage":"tr"}]}},"_links":{"self":[{"href":"https:\/\/www.wireproauto.com\/tr\/wp-json\/wp\/v2\/product\/4942","targetHints":{"allow":["GET"]}}],"collection":[{"href":"https:\/\/www.wireproauto.com\/tr\/wp-json\/wp\/v2\/product"}],"about":[{"href":"https:\/\/www.wireproauto.com\/tr\/wp-json\/wp\/v2\/types\/product"}],"wp:featuredmedia":[{"embeddable":true,"href":"https:\/\/www.wireproauto.com\/tr\/wp-json\/wp\/v2\/media\/6805"}],"wp:attachment":[{"href":"https:\/\/www.wireproauto.com\/tr\/wp-json\/wp\/v2\/media?parent=4942"}],"wp:term":[{"taxonomy":"product_brand","embeddable":true,"href":"https:\/\/www.wireproauto.com\/tr\/wp-json\/wp\/v2\/product_brand?post=4942"},{"taxonomy":"product_cat","embeddable":true,"href":"https:\/\/www.wireproauto.com\/tr\/wp-json\/wp\/v2\/product_cat?post=4942"},{"taxonomy":"product_tag","embeddable":true,"href":"https:\/\/www.wireproauto.com\/tr\/wp-json\/wp\/v2\/product_tag?post=4942"}],"curies":[{"name":"wp","href":"https:\/\/api.w.org\/{rel}","templated":true}]}}