{"id":4941,"date":"2021-07-12T15:16:20","date_gmt":"2021-07-12T07:16:20","guid":{"rendered":"https:\/\/www.wireproauto.com\/?post_type=product&#038;p=4941"},"modified":"2025-05-09T12:35:35","modified_gmt":"2025-05-09T04:35:35","slug":"custom-diameter-automatic-plastic-pipe-cutting-machine","status":"publish","type":"product","link":"https:\/\/www.wireproauto.com\/tr\/urun\/custom-diameter-automatic-plastic-pipe-cutting-machine\/","title":{"rendered":"CP-50 CP-100 \u00d6zel \u00e7apl\u0131 otomatik plastik boru kesme makinesi"},"content":{"rendered":"<div class=\"fusion-fullwidth fullwidth-box fusion-builder-row-1 fusion-flex-container nonhundred-percent-fullwidth non-hundred-percent-height-scrolling\" style=\"--awb-border-radius-top-left:0px;--awb-border-radius-top-right:0px;--awb-border-radius-bottom-right:0px;--awb-border-radius-bottom-left:0px;--awb-flex-wrap:wrap;\" ><div class=\"fusion-builder-row fusion-row fusion-flex-align-items-flex-start fusion-flex-content-wrap\" style=\"max-width:1258.4px;margin-left: calc(-4% \/ 2 );margin-right: calc(-4% \/ 2 );\"><div class=\"fusion-layout-column fusion_builder_column fusion-builder-column-0 fusion_builder_column_1_1 1_1 fusion-flex-column\" style=\"--awb-bg-size:cover;--awb-width-large:100%;--awb-margin-top-large:0px;--awb-spacing-right-large:1.92%;--awb-margin-bottom-large:0px;--awb-spacing-left-large:1.92%;--awb-width-medium:100%;--awb-spacing-right-medium:1.92%;--awb-spacing-left-medium:1.92%;--awb-width-small:100%;--awb-spacing-right-small:1.92%;--awb-spacing-left-small:1.92%;\"><div class=\"fusion-column-wrapper fusion-flex-justify-content-flex-start fusion-content-layout-column\"><div class=\"fusion-text fusion-text-1\"><p>PC, PE, PVC, PP, ABS, PS, PET ve di\u011fer plastik borular i\u00e7in y\u00fcksek hassasiyetli otomatik plastik boru kesme makinesi. PC PVC ABC PP t\u00fcp kesme makinesi.<br \/>\nBu makine serisi bir plastik boru ekstr\u00fczyon \u00fcretim hatt\u0131 ile \u00e7al\u0131\u015fmaktad\u0131r.<\/p>\n<p>Maksimum \u00e7ap 50 mm i\u00e7in CP-50, maksimum \u00e7ap 100 mm i\u00e7in CP-100, di\u011fer \u00e7aplar \u00f6zel olabilir.<\/p>\n<h2>\u00d6zellikler:<\/h2>\n<p>1. D\u00f6ner b\u0131\u00e7akla kesme, tala\u015fs\u0131z kesme, d\u00fcz ve p\u00fcr\u00fczs\u00fcz kesim, girinti yok, \u00e7izik yok, deformasyon yok<br \/>\n2. Y\u00fcksek \u00e7\u00f6z\u00fcn\u00fcrl\u00fckl\u00fc LCD ekran, bilgi i\u00e7eri\u011fine h\u0131zl\u0131 eri\u015fim, hatalar\u0131 azalt\u0131r<br \/>\n3. Manuel korumalar olmadan plastik ekstr\u00fcder ile otomatik olarak kesilebilir<br \/>\n4. Uzunluk, manuel besleme, otomatik besleme ile do\u011fru kontrol.<br \/>\n5. \u00d6zel hat borular\u0131 lastik tekerlekler ve kesicilerle donat\u0131labilir.<br \/>\n6. Farkl\u0131 \u00f6zellikler ve farkl\u0131 malzemeler i\u00e7in tasarlanm\u0131\u015ft\u0131r, iyi esneklik ve h\u0131zl\u0131 i\u015fleme<\/p>\n<h2>Video:<\/h2>\n<div class=\"video-shortcode\"><iframe title=\"\u00d6zel \u00e7apl\u0131 otomatik plastik PC PVC ABC PP t\u00fcp kesme makinesi.\" width=\"1210\" height=\"681\" src=\"https:\/\/www.youtube.com\/embed\/osOf89tnpcI?feature=oembed\" frameborder=\"0\" allow=\"accelerometer; autoplay; clipboard-write; encrypted-media; gyroscope; picture-in-picture\" allowfullscreen><\/iframe><\/div>\n<div class=\"video-shortcode\"><iframe title=\"CP-50 CP-100 PC, PE, PVC, PP, ABS, PS, PET i\u00e7in otomatik plastik boru boru kesme makinesi\" width=\"1210\" height=\"908\" src=\"https:\/\/www.youtube.com\/embed\/IMbRIMMyQuo?feature=oembed\" frameborder=\"0\" allow=\"accelerometer; autoplay; clipboard-write; encrypted-media; gyroscope; picture-in-picture\" allowfullscreen><\/iframe><\/div>\n<\/div><\/div><\/div><\/div><\/div>","protected":false},"excerpt":{"rendered":"<p><strong>Model CP-50 CP-100<\/strong><\/p>\n<p>PC, PE, PVC, PP, ABS, PS, PET ve di\u011fer plastik borular i\u00e7in y\u00fcksek hassasiyetli otomatik plastik boru kesme makinesi<\/p>","protected":false},"featured_media":5502,"template":"","meta":[],"product_brand":[],"product_cat":[175],"product_tag":[351,352],"class_list":{"0":"post-4941","1":"product","2":"type-product","3":"status-publish","4":"has-post-thumbnail","6":"product_cat-materials-cutting","7":"product_tag-tube-cutting-machine","8":"product_tag-tubing-cutting-machine","10":"first","11":"instock","12":"shipping-taxable","13":"purchasable","14":"product-type-simple"},"yoast_head":"<!-- This site is optimized with the Yoast SEO plugin v26.9 - https:\/\/yoast.com\/product\/yoast-seo-wordpress\/ -->\n<title>CP-50 CP-100 Custom diameter automatic plastic pipe cutting machine - WIREPRO Automation Technology<\/title>\n<meta name=\"description\" content=\"Automatic small size good price cutting machine, steel rope cutter, electric wire cutting machine, cable cutting machine for sale. Welcome contact WIREPRO.\" \/>\n<meta name=\"robots\" content=\"index, follow, max-snippet:-1, max-image-preview:large, max-video-preview:-1\" \/>\n<link rel=\"canonical\" href=\"https:\/\/www.wireproauto.com\/tr\/urun\/custom-diameter-automatic-plastic-pipe-cutting-machine\/\" \/>\n<meta property=\"og:locale\" content=\"tr_TR\" \/>\n<meta property=\"og:type\" content=\"article\" \/>\n<meta property=\"og:title\" content=\"CP-50 CP-100 Custom diameter automatic plastic pipe cutting machine - WIREPRO Automation Technology\" \/>\n<meta property=\"og:description\" content=\"Automatic small size good price cutting machine, steel rope cutter, electric wire cutting machine, cable cutting machine for sale. Welcome contact WIREPRO.\" \/>\n<meta property=\"og:url\" content=\"https:\/\/www.wireproauto.com\/tr\/urun\/custom-diameter-automatic-plastic-pipe-cutting-machine\/\" \/>\n<meta property=\"og:site_name\" content=\"WIREPRO Automation Technology\" \/>\n<meta property=\"article:modified_time\" content=\"2025-05-09T04:35:35+00:00\" \/>\n<meta property=\"og:image\" content=\"https:\/\/www.wireproauto.com\/wp-content\/uploads\/2021\/07\/CP-50-CP-100-Custom-diameter-automatic-plastic-pipe-cutting-machine.jpg\" \/>\n\t<meta property=\"og:image:width\" content=\"800\" \/>\n\t<meta property=\"og:image:height\" content=\"800\" \/>\n\t<meta property=\"og:image:type\" content=\"image\/jpeg\" \/>\n<meta name=\"twitter:card\" content=\"summary_large_image\" \/>\n<meta name=\"twitter:label1\" content=\"Tahmini okuma s\u00fcresi\" \/>\n\t<meta name=\"twitter:data1\" content=\"1 dakika\" \/>\n<script type=\"application\/ld+json\" class=\"yoast-schema-graph\">{\"@context\":\"https:\/\/schema.org\",\"@graph\":[{\"@type\":\"WebPage\",\"@id\":\"https:\/\/www.wireproauto.com\/product\/custom-diameter-automatic-plastic-pipe-cutting-machine\/\",\"url\":\"https:\/\/www.wireproauto.com\/product\/custom-diameter-automatic-plastic-pipe-cutting-machine\/\",\"name\":\"CP-50 CP-100 Custom diameter automatic plastic pipe cutting machine - WIREPRO Automation Technology\",\"isPartOf\":{\"@id\":\"https:\/\/www.wireproauto.com\/#website\"},\"primaryImageOfPage\":{\"@id\":\"https:\/\/www.wireproauto.com\/product\/custom-diameter-automatic-plastic-pipe-cutting-machine\/#primaryimage\"},\"image\":{\"@id\":\"https:\/\/www.wireproauto.com\/product\/custom-diameter-automatic-plastic-pipe-cutting-machine\/#primaryimage\"},\"thumbnailUrl\":\"https:\/\/www.wireproauto.com\/wp-content\/uploads\/2021\/07\/CP-50-CP-100-Custom-diameter-automatic-plastic-pipe-cutting-machine.jpg\",\"datePublished\":\"2021-07-12T07:16:20+00:00\",\"dateModified\":\"2025-05-09T04:35:35+00:00\",\"description\":\"Automatic small size good price cutting machine, steel rope cutter, electric wire cutting machine, cable cutting machine for sale. Welcome contact WIREPRO.\",\"breadcrumb\":{\"@id\":\"https:\/\/www.wireproauto.com\/product\/custom-diameter-automatic-plastic-pipe-cutting-machine\/#breadcrumb\"},\"inLanguage\":\"tr\",\"potentialAction\":[{\"@type\":\"ReadAction\",\"target\":[\"https:\/\/www.wireproauto.com\/product\/custom-diameter-automatic-plastic-pipe-cutting-machine\/\"]}]},{\"@type\":\"ImageObject\",\"inLanguage\":\"tr\",\"@id\":\"https:\/\/www.wireproauto.com\/product\/custom-diameter-automatic-plastic-pipe-cutting-machine\/#primaryimage\",\"url\":\"https:\/\/www.wireproauto.com\/wp-content\/uploads\/2021\/07\/CP-50-CP-100-Custom-diameter-automatic-plastic-pipe-cutting-machine.jpg\",\"contentUrl\":\"https:\/\/www.wireproauto.com\/wp-content\/uploads\/2021\/07\/CP-50-CP-100-Custom-diameter-automatic-plastic-pipe-cutting-machine.jpg\",\"width\":800,\"height\":800},{\"@type\":\"BreadcrumbList\",\"@id\":\"https:\/\/www.wireproauto.com\/product\/custom-diameter-automatic-plastic-pipe-cutting-machine\/#breadcrumb\",\"itemListElement\":[{\"@type\":\"ListItem\",\"position\":1,\"name\":\"HOME\",\"item\":\"https:\/\/www.wireproauto.com\/\"},{\"@type\":\"ListItem\",\"position\":2,\"name\":\"PRODUCTS\",\"item\":\"https:\/\/www.wireproauto.com\/professional-wire-processing-machines\/\"},{\"@type\":\"ListItem\",\"position\":3,\"name\":\"CP-50 CP-100 Custom diameter automatic plastic pipe cutting machine\"}]},{\"@type\":\"WebSite\",\"@id\":\"https:\/\/www.wireproauto.com\/#website\",\"url\":\"https:\/\/www.wireproauto.com\/\",\"name\":\"WIREPRO Automation Technology\",\"description\":\"Wire Processing Machines and Harness Assembly Equipment, Total Solution\",\"potentialAction\":[{\"@type\":\"SearchAction\",\"target\":{\"@type\":\"EntryPoint\",\"urlTemplate\":\"https:\/\/www.wireproauto.com\/?s={search_term_string}\"},\"query-input\":{\"@type\":\"PropertyValueSpecification\",\"valueRequired\":true,\"valueName\":\"search_term_string\"}}],\"inLanguage\":\"tr\"}]}<\/script>\n<!-- \/ Yoast SEO plugin. -->","yoast_head_json":{"title":"CP-50 CP-100 Custom diameter automatic plastic pipe cutting machine - WIREPRO Automation Technology","description":"Automatic small size good price cutting machine, steel rope cutter, electric wire cutting machine, cable cutting machine for sale. Welcome contact WIREPRO.","robots":{"index":"index","follow":"follow","max-snippet":"max-snippet:-1","max-image-preview":"max-image-preview:large","max-video-preview":"max-video-preview:-1"},"canonical":"https:\/\/www.wireproauto.com\/tr\/urun\/custom-diameter-automatic-plastic-pipe-cutting-machine\/","og_locale":"tr_TR","og_type":"article","og_title":"CP-50 CP-100 Custom diameter automatic plastic pipe cutting machine - WIREPRO Automation Technology","og_description":"Automatic small size good price cutting machine, steel rope cutter, electric wire cutting machine, cable cutting machine for sale. Welcome contact WIREPRO.","og_url":"https:\/\/www.wireproauto.com\/tr\/urun\/custom-diameter-automatic-plastic-pipe-cutting-machine\/","og_site_name":"WIREPRO Automation Technology","article_modified_time":"2025-05-09T04:35:35+00:00","og_image":[{"width":800,"height":800,"url":"https:\/\/www.wireproauto.com\/wp-content\/uploads\/2021\/07\/CP-50-CP-100-Custom-diameter-automatic-plastic-pipe-cutting-machine.jpg","type":"image\/jpeg"}],"twitter_card":"summary_large_image","twitter_misc":{"Tahmini okuma s\u00fcresi":"1 dakika"},"schema":{"@context":"https:\/\/schema.org","@graph":[{"@type":"WebPage","@id":"https:\/\/www.wireproauto.com\/product\/custom-diameter-automatic-plastic-pipe-cutting-machine\/","url":"https:\/\/www.wireproauto.com\/product\/custom-diameter-automatic-plastic-pipe-cutting-machine\/","name":"CP-50 CP-100 Custom diameter automatic plastic pipe cutting machine - WIREPRO Automation Technology","isPartOf":{"@id":"https:\/\/www.wireproauto.com\/#website"},"primaryImageOfPage":{"@id":"https:\/\/www.wireproauto.com\/product\/custom-diameter-automatic-plastic-pipe-cutting-machine\/#primaryimage"},"image":{"@id":"https:\/\/www.wireproauto.com\/product\/custom-diameter-automatic-plastic-pipe-cutting-machine\/#primaryimage"},"thumbnailUrl":"https:\/\/www.wireproauto.com\/wp-content\/uploads\/2021\/07\/CP-50-CP-100-Custom-diameter-automatic-plastic-pipe-cutting-machine.jpg","datePublished":"2021-07-12T07:16:20+00:00","dateModified":"2025-05-09T04:35:35+00:00","description":"Automatic small size good price cutting machine, steel rope cutter, electric wire cutting machine, cable cutting machine for sale. Welcome contact WIREPRO.","breadcrumb":{"@id":"https:\/\/www.wireproauto.com\/product\/custom-diameter-automatic-plastic-pipe-cutting-machine\/#breadcrumb"},"inLanguage":"tr","potentialAction":[{"@type":"ReadAction","target":["https:\/\/www.wireproauto.com\/product\/custom-diameter-automatic-plastic-pipe-cutting-machine\/"]}]},{"@type":"ImageObject","inLanguage":"tr","@id":"https:\/\/www.wireproauto.com\/product\/custom-diameter-automatic-plastic-pipe-cutting-machine\/#primaryimage","url":"https:\/\/www.wireproauto.com\/wp-content\/uploads\/2021\/07\/CP-50-CP-100-Custom-diameter-automatic-plastic-pipe-cutting-machine.jpg","contentUrl":"https:\/\/www.wireproauto.com\/wp-content\/uploads\/2021\/07\/CP-50-CP-100-Custom-diameter-automatic-plastic-pipe-cutting-machine.jpg","width":800,"height":800},{"@type":"BreadcrumbList","@id":"https:\/\/www.wireproauto.com\/product\/custom-diameter-automatic-plastic-pipe-cutting-machine\/#breadcrumb","itemListElement":[{"@type":"ListItem","position":1,"name":"HOME","item":"https:\/\/www.wireproauto.com\/"},{"@type":"ListItem","position":2,"name":"PRODUCTS","item":"https:\/\/www.wireproauto.com\/professional-wire-processing-machines\/"},{"@type":"ListItem","position":3,"name":"CP-50 CP-100 Custom diameter automatic plastic pipe cutting machine"}]},{"@type":"WebSite","@id":"https:\/\/www.wireproauto.com\/#website","url":"https:\/\/www.wireproauto.com\/","name":"WIREPRO Automation Technology","description":"Wire Processing Machines and Harness Assembly Equipment, Total Solution","potentialAction":[{"@type":"SearchAction","target":{"@type":"EntryPoint","urlTemplate":"https:\/\/www.wireproauto.com\/?s={search_term_string}"},"query-input":{"@type":"PropertyValueSpecification","valueRequired":true,"valueName":"search_term_string"}}],"inLanguage":"tr"}]}},"_links":{"self":[{"href":"https:\/\/www.wireproauto.com\/tr\/wp-json\/wp\/v2\/product\/4941","targetHints":{"allow":["GET"]}}],"collection":[{"href":"https:\/\/www.wireproauto.com\/tr\/wp-json\/wp\/v2\/product"}],"about":[{"href":"https:\/\/www.wireproauto.com\/tr\/wp-json\/wp\/v2\/types\/product"}],"wp:featuredmedia":[{"embeddable":true,"href":"https:\/\/www.wireproauto.com\/tr\/wp-json\/wp\/v2\/media\/5502"}],"wp:attachment":[{"href":"https:\/\/www.wireproauto.com\/tr\/wp-json\/wp\/v2\/media?parent=4941"}],"wp:term":[{"taxonomy":"product_brand","embeddable":true,"href":"https:\/\/www.wireproauto.com\/tr\/wp-json\/wp\/v2\/product_brand?post=4941"},{"taxonomy":"product_cat","embeddable":true,"href":"https:\/\/www.wireproauto.com\/tr\/wp-json\/wp\/v2\/product_cat?post=4941"},{"taxonomy":"product_tag","embeddable":true,"href":"https:\/\/www.wireproauto.com\/tr\/wp-json\/wp\/v2\/product_tag?post=4941"}],"curies":[{"name":"wp","href":"https:\/\/api.w.org\/{rel}","templated":true}]}}