{"id":3937,"date":"2021-05-13T11:55:06","date_gmt":"2021-05-13T03:55:06","guid":{"rendered":"https:\/\/www.wireproauto.com\/?post_type=product&#038;p=3937"},"modified":"2026-03-11T16:18:52","modified_gmt":"2026-03-11T08:18:52","slug":"automatic-2d-wire-cable-cutting-stripping-bending-machine","status":"publish","type":"product","link":"https:\/\/www.wireproauto.com\/tr\/urun\/automatic-2d-wire-cable-cutting-stripping-bending-machine\/","title":{"rendered":"SU-B06 Otomatik 2d tel kablo kesme s\u0131y\u0131rma b\u00fckme makinesi"},"content":{"rendered":"<div class=\"fusion-fullwidth fullwidth-box fusion-builder-row-1 fusion-flex-container nonhundred-percent-fullwidth non-hundred-percent-height-scrolling\" style=\"--awb-border-radius-top-left:0px;--awb-border-radius-top-right:0px;--awb-border-radius-bottom-right:0px;--awb-border-radius-bottom-left:0px;--awb-flex-wrap:wrap;\" ><div class=\"fusion-builder-row fusion-row fusion-flex-align-items-flex-start fusion-flex-content-wrap\" style=\"max-width:1258.4px;margin-left: calc(-4% \/ 2 );margin-right: calc(-4% \/ 2 );\"><div class=\"fusion-layout-column fusion_builder_column fusion-builder-column-0 fusion_builder_column_1_1 1_1 fusion-flex-column\" style=\"--awb-bg-size:cover;--awb-width-large:100%;--awb-margin-top-large:0px;--awb-spacing-right-large:1.92%;--awb-margin-bottom-large:0px;--awb-spacing-left-large:1.92%;--awb-width-medium:100%;--awb-spacing-right-medium:1.92%;--awb-spacing-left-medium:1.92%;--awb-width-small:100%;--awb-spacing-right-small:1.92%;--awb-spacing-left-small:1.92%;\"><div class=\"fusion-column-wrapper fusion-flex-justify-content-flex-start fusion-content-layout-column\"><div class=\"fusion-text fusion-text-1\"><p>Bu seri makine sert telleri kesmek, s\u0131y\u0131rmak ve b\u00fckmek i\u00e7in kullan\u0131l\u0131r. \u0130ki tel ucunun s\u0131yr\u0131lmas\u0131n\u0131 ve farkl\u0131 \u015fekillerde b\u00fck\u00fclmesini destekler. Elektrik kontrol kabininin jumper teli, saya\u00e7 kutusunun b\u00fckme teli, kontakt\u00f6r\u00fcn ileri ve geri jumper teli, masa kutusu, saat kabini ve b\u00fck\u00fclmesi ve s\u0131yr\u0131lmas\u0131 gereken di\u011fer sert teller vb. i\u00e7in uygundur.<br \/>\n1. Destek neredeyse keyfi olarak a\u00e7\u0131 ve b\u00fckme uzunlu\u011funu ayarlar<br \/>\n2. M\u00fckemmel b\u00fckme tutarl\u0131l\u0131\u011f\u0131 ve manuel i\u015flem hatas\u0131n\u0131 ortadan kald\u0131r\u0131r<br \/>\n3. Otomatik s\u0131y\u0131rma ve b\u00fckme, i\u015f verimlili\u011fini art\u0131r\u0131r<br \/>\n4. Shangyin lineer k\u0131zak, hassas pn\u00f6matik bas\u0131n\u00e7 silindiri, daha fazla hassasiyet, daha eksiksiz fonksiyonlar ile donat\u0131n.<\/p>\n<h2>2d tel kablo kesme s\u0131y\u0131rma b\u00fckme makinesi video<\/h2>\n<div class=\"video-shortcode\"><iframe title=\"SU-B06 \u00c7in sat\u0131l\u0131k iyi fiyat otomatik k\u00fc\u00e7\u00fck 2d tel kablo kesme s\u0131y\u0131rma b\u00fckme makinesi\" width=\"1210\" height=\"681\" src=\"https:\/\/www.youtube.com\/embed\/C0oRgyfSPTw?feature=oembed\" frameborder=\"0\" allow=\"accelerometer; autoplay; clipboard-write; encrypted-media; gyroscope; picture-in-picture\" allowfullscreen><\/iframe><\/div>\n<\/div><\/div><\/div><\/div><\/div>","protected":false},"excerpt":{"rendered":"<p><strong>Model SU-B06 <\/strong><\/p>\n<p>K\u00fc\u00e7\u00fck teller i\u00e7in tasarlanm\u0131\u015ft\u0131r 0.1 - 6 mm2 tam otomatik kesme, s\u0131y\u0131rma ve b\u00fckme.<\/p>","protected":false},"featured_media":3938,"template":"","meta":[],"product_brand":[],"product_cat":[171],"product_tag":[346,309,227,348],"class_list":{"0":"post-3937","1":"product","2":"type-product","3":"status-publish","4":"has-post-thumbnail","6":"product_cat-cut-and-strip","7":"product_tag-one-core-small-wire-processing-machine","8":"product_tag-solid-wire-processing-machine","9":"product_tag-wire-stripping-machine","10":"product_tag-wire-stripping-bending-machine","12":"first","13":"instock","14":"shipping-taxable","15":"purchasable","16":"product-type-simple"},"yoast_head":"<!-- This site is optimized with the Yoast SEO plugin v26.9 - https:\/\/yoast.com\/product\/yoast-seo-wordpress\/ -->\n<title>SU-B06 Automatic 2d wire cable cutting stripping bending machine - WIREPRO Automation Technology<\/title>\n<meta name=\"description\" content=\"Automatic 2d wire bender, cable cutting stripping bending machine from WIREPRO Automation. Contact us if you need more info!\" \/>\n<meta name=\"robots\" content=\"index, follow, max-snippet:-1, max-image-preview:large, max-video-preview:-1\" \/>\n<link rel=\"canonical\" href=\"https:\/\/www.wireproauto.com\/tr\/urun\/automatic-2d-wire-cable-cutting-stripping-bending-machine\/\" \/>\n<meta property=\"og:locale\" content=\"tr_TR\" \/>\n<meta property=\"og:type\" content=\"article\" \/>\n<meta property=\"og:title\" content=\"SU-B06 Automatic 2d wire cable cutting stripping bending machine - WIREPRO Automation Technology\" \/>\n<meta property=\"og:description\" content=\"Automatic 2d wire bender, cable cutting stripping bending machine from WIREPRO Automation. Contact us if you need more info!\" \/>\n<meta property=\"og:url\" content=\"https:\/\/www.wireproauto.com\/tr\/urun\/automatic-2d-wire-cable-cutting-stripping-bending-machine\/\" \/>\n<meta property=\"og:site_name\" content=\"WIREPRO Automation Technology\" \/>\n<meta property=\"article:modified_time\" content=\"2026-03-11T08:18:52+00:00\" \/>\n<meta property=\"og:image\" content=\"https:\/\/www.wireproauto.com\/wp-content\/uploads\/2021\/05\/wire-bending-SU-B06-1.jpg\" \/>\n\t<meta property=\"og:image:width\" content=\"800\" \/>\n\t<meta property=\"og:image:height\" content=\"800\" \/>\n\t<meta property=\"og:image:type\" content=\"image\/jpeg\" \/>\n<meta name=\"twitter:card\" content=\"summary_large_image\" \/>\n<meta name=\"twitter:label1\" content=\"Tahmini okuma s\u00fcresi\" \/>\n\t<meta name=\"twitter:data1\" content=\"1 dakika\" \/>\n<script type=\"application\/ld+json\" class=\"yoast-schema-graph\">{\"@context\":\"https:\/\/schema.org\",\"@graph\":[{\"@type\":\"WebPage\",\"@id\":\"https:\/\/www.wireproauto.com\/product\/automatic-2d-wire-cable-cutting-stripping-bending-machine\/\",\"url\":\"https:\/\/www.wireproauto.com\/product\/automatic-2d-wire-cable-cutting-stripping-bending-machine\/\",\"name\":\"SU-B06 Automatic 2d wire cable cutting stripping bending machine - WIREPRO Automation Technology\",\"isPartOf\":{\"@id\":\"https:\/\/www.wireproauto.com\/#website\"},\"primaryImageOfPage\":{\"@id\":\"https:\/\/www.wireproauto.com\/product\/automatic-2d-wire-cable-cutting-stripping-bending-machine\/#primaryimage\"},\"image\":{\"@id\":\"https:\/\/www.wireproauto.com\/product\/automatic-2d-wire-cable-cutting-stripping-bending-machine\/#primaryimage\"},\"thumbnailUrl\":\"https:\/\/www.wireproauto.com\/wp-content\/uploads\/2021\/05\/wire-bending-SU-B06-1.jpg\",\"datePublished\":\"2021-05-13T03:55:06+00:00\",\"dateModified\":\"2026-03-11T08:18:52+00:00\",\"description\":\"Automatic 2d wire bender, cable cutting stripping bending machine from WIREPRO Automation. Contact us if you need more info!\",\"breadcrumb\":{\"@id\":\"https:\/\/www.wireproauto.com\/product\/automatic-2d-wire-cable-cutting-stripping-bending-machine\/#breadcrumb\"},\"inLanguage\":\"tr\",\"potentialAction\":[{\"@type\":\"ReadAction\",\"target\":[\"https:\/\/www.wireproauto.com\/product\/automatic-2d-wire-cable-cutting-stripping-bending-machine\/\"]}]},{\"@type\":\"ImageObject\",\"inLanguage\":\"tr\",\"@id\":\"https:\/\/www.wireproauto.com\/product\/automatic-2d-wire-cable-cutting-stripping-bending-machine\/#primaryimage\",\"url\":\"https:\/\/www.wireproauto.com\/wp-content\/uploads\/2021\/05\/wire-bending-SU-B06-1.jpg\",\"contentUrl\":\"https:\/\/www.wireproauto.com\/wp-content\/uploads\/2021\/05\/wire-bending-SU-B06-1.jpg\",\"width\":800,\"height\":800,\"caption\":\"Automatic 2d wire cable cutting stripping bending machine\"},{\"@type\":\"BreadcrumbList\",\"@id\":\"https:\/\/www.wireproauto.com\/product\/automatic-2d-wire-cable-cutting-stripping-bending-machine\/#breadcrumb\",\"itemListElement\":[{\"@type\":\"ListItem\",\"position\":1,\"name\":\"HOME\",\"item\":\"https:\/\/www.wireproauto.com\/\"},{\"@type\":\"ListItem\",\"position\":2,\"name\":\"PRODUCTS\",\"item\":\"https:\/\/www.wireproauto.com\/professional-wire-processing-machines\/\"},{\"@type\":\"ListItem\",\"position\":3,\"name\":\"SU-B06 Automatic 2d wire cable cutting stripping bending machine\"}]},{\"@type\":\"WebSite\",\"@id\":\"https:\/\/www.wireproauto.com\/#website\",\"url\":\"https:\/\/www.wireproauto.com\/\",\"name\":\"WIREPRO Automation Technology\",\"description\":\"Wire Processing Machines and Harness Assembly Equipment, Total Solution\",\"potentialAction\":[{\"@type\":\"SearchAction\",\"target\":{\"@type\":\"EntryPoint\",\"urlTemplate\":\"https:\/\/www.wireproauto.com\/?s={search_term_string}\"},\"query-input\":{\"@type\":\"PropertyValueSpecification\",\"valueRequired\":true,\"valueName\":\"search_term_string\"}}],\"inLanguage\":\"tr\"}]}<\/script>\n<!-- \/ Yoast SEO plugin. -->","yoast_head_json":{"title":"SU-B06 Automatic 2d wire cable cutting stripping bending machine - WIREPRO Automation Technology","description":"Automatic 2d wire bender, cable cutting stripping bending machine from WIREPRO Automation. Contact us if you need more info!","robots":{"index":"index","follow":"follow","max-snippet":"max-snippet:-1","max-image-preview":"max-image-preview:large","max-video-preview":"max-video-preview:-1"},"canonical":"https:\/\/www.wireproauto.com\/tr\/urun\/automatic-2d-wire-cable-cutting-stripping-bending-machine\/","og_locale":"tr_TR","og_type":"article","og_title":"SU-B06 Automatic 2d wire cable cutting stripping bending machine - WIREPRO Automation Technology","og_description":"Automatic 2d wire bender, cable cutting stripping bending machine from WIREPRO Automation. Contact us if you need more info!","og_url":"https:\/\/www.wireproauto.com\/tr\/urun\/automatic-2d-wire-cable-cutting-stripping-bending-machine\/","og_site_name":"WIREPRO Automation Technology","article_modified_time":"2026-03-11T08:18:52+00:00","og_image":[{"width":800,"height":800,"url":"https:\/\/www.wireproauto.com\/wp-content\/uploads\/2021\/05\/wire-bending-SU-B06-1.jpg","type":"image\/jpeg"}],"twitter_card":"summary_large_image","twitter_misc":{"Tahmini okuma s\u00fcresi":"1 dakika"},"schema":{"@context":"https:\/\/schema.org","@graph":[{"@type":"WebPage","@id":"https:\/\/www.wireproauto.com\/product\/automatic-2d-wire-cable-cutting-stripping-bending-machine\/","url":"https:\/\/www.wireproauto.com\/product\/automatic-2d-wire-cable-cutting-stripping-bending-machine\/","name":"SU-B06 Automatic 2d wire cable cutting stripping bending machine - WIREPRO Automation Technology","isPartOf":{"@id":"https:\/\/www.wireproauto.com\/#website"},"primaryImageOfPage":{"@id":"https:\/\/www.wireproauto.com\/product\/automatic-2d-wire-cable-cutting-stripping-bending-machine\/#primaryimage"},"image":{"@id":"https:\/\/www.wireproauto.com\/product\/automatic-2d-wire-cable-cutting-stripping-bending-machine\/#primaryimage"},"thumbnailUrl":"https:\/\/www.wireproauto.com\/wp-content\/uploads\/2021\/05\/wire-bending-SU-B06-1.jpg","datePublished":"2021-05-13T03:55:06+00:00","dateModified":"2026-03-11T08:18:52+00:00","description":"Automatic 2d wire bender, cable cutting stripping bending machine from WIREPRO Automation. Contact us if you need more info!","breadcrumb":{"@id":"https:\/\/www.wireproauto.com\/product\/automatic-2d-wire-cable-cutting-stripping-bending-machine\/#breadcrumb"},"inLanguage":"tr","potentialAction":[{"@type":"ReadAction","target":["https:\/\/www.wireproauto.com\/product\/automatic-2d-wire-cable-cutting-stripping-bending-machine\/"]}]},{"@type":"ImageObject","inLanguage":"tr","@id":"https:\/\/www.wireproauto.com\/product\/automatic-2d-wire-cable-cutting-stripping-bending-machine\/#primaryimage","url":"https:\/\/www.wireproauto.com\/wp-content\/uploads\/2021\/05\/wire-bending-SU-B06-1.jpg","contentUrl":"https:\/\/www.wireproauto.com\/wp-content\/uploads\/2021\/05\/wire-bending-SU-B06-1.jpg","width":800,"height":800,"caption":"Automatic 2d wire cable cutting stripping bending machine"},{"@type":"BreadcrumbList","@id":"https:\/\/www.wireproauto.com\/product\/automatic-2d-wire-cable-cutting-stripping-bending-machine\/#breadcrumb","itemListElement":[{"@type":"ListItem","position":1,"name":"HOME","item":"https:\/\/www.wireproauto.com\/"},{"@type":"ListItem","position":2,"name":"PRODUCTS","item":"https:\/\/www.wireproauto.com\/professional-wire-processing-machines\/"},{"@type":"ListItem","position":3,"name":"SU-B06 Automatic 2d wire cable cutting stripping bending machine"}]},{"@type":"WebSite","@id":"https:\/\/www.wireproauto.com\/#website","url":"https:\/\/www.wireproauto.com\/","name":"WIREPRO Automation Technology","description":"Wire Processing Machines and Harness Assembly Equipment, Total Solution","potentialAction":[{"@type":"SearchAction","target":{"@type":"EntryPoint","urlTemplate":"https:\/\/www.wireproauto.com\/?s={search_term_string}"},"query-input":{"@type":"PropertyValueSpecification","valueRequired":true,"valueName":"search_term_string"}}],"inLanguage":"tr"}]}},"_links":{"self":[{"href":"https:\/\/www.wireproauto.com\/tr\/wp-json\/wp\/v2\/product\/3937","targetHints":{"allow":["GET"]}}],"collection":[{"href":"https:\/\/www.wireproauto.com\/tr\/wp-json\/wp\/v2\/product"}],"about":[{"href":"https:\/\/www.wireproauto.com\/tr\/wp-json\/wp\/v2\/types\/product"}],"wp:featuredmedia":[{"embeddable":true,"href":"https:\/\/www.wireproauto.com\/tr\/wp-json\/wp\/v2\/media\/3938"}],"wp:attachment":[{"href":"https:\/\/www.wireproauto.com\/tr\/wp-json\/wp\/v2\/media?parent=3937"}],"wp:term":[{"taxonomy":"product_brand","embeddable":true,"href":"https:\/\/www.wireproauto.com\/tr\/wp-json\/wp\/v2\/product_brand?post=3937"},{"taxonomy":"product_cat","embeddable":true,"href":"https:\/\/www.wireproauto.com\/tr\/wp-json\/wp\/v2\/product_cat?post=3937"},{"taxonomy":"product_tag","embeddable":true,"href":"https:\/\/www.wireproauto.com\/tr\/wp-json\/wp\/v2\/product_tag?post=3937"}],"curies":[{"name":"wp","href":"https:\/\/api.w.org\/{rel}","templated":true}]}}