{"id":3935,"date":"2021-05-13T11:54:54","date_gmt":"2021-05-13T03:54:54","guid":{"rendered":"https:\/\/www.wireproauto.com\/?post_type=product&#038;p=3935"},"modified":"2026-03-11T16:20:24","modified_gmt":"2026-03-11T08:20:24","slug":"automatic-35mm2-cable-wire-cutting-stripping-machine","status":"publish","type":"product","link":"https:\/\/www.wireproauto.com\/tr\/urun\/automatic-35mm2-cable-wire-cutting-stripping-machine\/","title":{"rendered":"SU-A35 Otomatik 35mm2 kablo tel kesme s\u0131y\u0131rma makinesi"},"content":{"rendered":"<div class=\"fusion-fullwidth fullwidth-box fusion-builder-row-1 fusion-flex-container nonhundred-percent-fullwidth non-hundred-percent-height-scrolling\" style=\"--awb-border-radius-top-left:0px;--awb-border-radius-top-right:0px;--awb-border-radius-bottom-right:0px;--awb-border-radius-bottom-left:0px;--awb-flex-wrap:wrap;\" ><div class=\"fusion-builder-row fusion-row fusion-flex-align-items-flex-start fusion-flex-content-wrap\" style=\"max-width:1258.4px;margin-left: calc(-4% \/ 2 );margin-right: calc(-4% \/ 2 );\"><div class=\"fusion-layout-column fusion_builder_column fusion-builder-column-0 fusion_builder_column_1_1 1_1 fusion-flex-column\" style=\"--awb-bg-size:cover;--awb-width-large:100%;--awb-margin-top-large:0px;--awb-spacing-right-large:1.92%;--awb-margin-bottom-large:0px;--awb-spacing-left-large:1.92%;--awb-width-medium:100%;--awb-spacing-right-medium:1.92%;--awb-spacing-left-medium:1.92%;--awb-width-small:100%;--awb-spacing-right-small:1.92%;--awb-spacing-left-small:1.92%;\"><div class=\"fusion-column-wrapper fusion-flex-justify-content-flex-start fusion-content-layout-column\"><div class=\"fusion-text fusion-text-1\"><h2>SU-A35 max 35mm2 otomatik kablo kesme s\u0131y\u0131rma makinesi<\/h2>\n<p><strong>\u00d6zellikler:<\/strong><\/p>\n<p>1. Bu makine 8 tekerlekli tahrik, \u00e7ift tarafl\u0131 presleme tekerlekleri, g\u00fc\u00e7l\u00fc g\u00fc\u00e7 ve y\u00fcksek hassasiyet benimser. Kay\u0131\u015f besleme sistemi tel y\u00fczeyinin zarar g\u00f6rmemesini sa\u011flayabilir.<br \/>\n2. Tel giri\u015f tekerle\u011fi ve \u00e7\u0131k\u0131\u015f tekerle\u011fi bask\u0131 kuvveti, tekerleklerin bas\u0131nc\u0131n\u0131 manuel olarak ayarlamaya gerek kalmadan do\u011frudan programda ayarlanabilir. \u00c7\u0131k\u0131\u015f tekerle\u011fi ayr\u0131ca uzun tel kafas\u0131 s\u0131y\u0131rma uzunlu\u011fu elde etmek i\u00e7in otomatik bir kald\u0131rma i\u015flevine sahiptir. Bu nedenle, tel kafan\u0131n s\u0131y\u0131rma uzunlu\u011fu aral\u0131\u011f\u0131 b\u00fcy\u00fck \u00f6l\u00e7\u00fcde artar. \u00c7\u0131k\u0131\u015f tekerle\u011finin kald\u0131rma y\u00fcksekli\u011fi de do\u011frudan programda ayarlanabilir.<br \/>\n3. Makine ayr\u0131ca \u00fc\u00e7 katman\u0131 s\u0131y\u0131rabilen \u00fc\u00e7 katmanl\u0131 bir s\u0131y\u0131rma program\u0131na sahiptir. Bu, k\u0131l\u0131f kablo ceketi ve i\u00e7 damarlar\u0131n s\u0131yr\u0131lmas\u0131 i\u00e7in uygundur. Veya s\u0131y\u0131rma uzunlu\u011fu uzun oldu\u011funda, makineyi toplu s\u0131y\u0131rma olarak ayarlay\u0131n.<br \/>\n4. 200 grup program belle\u011fi vard\u0131r ve farkl\u0131 tel i\u015fleme parametreleri farkl\u0131 program numaralar\u0131nda saklanabilir.<br \/>\n5. Renkli dokunmatik ekran i\u015fletim aray\u00fcz\u00fc, parametreler sezgisel ve anla\u015f\u0131lmas\u0131 kolayd\u0131r, makineyi basit bir e\u011fitimle h\u0131zl\u0131 bir \u015fekilde \u00e7al\u0131\u015ft\u0131rabilirsiniz<br \/>\n6. Dallanma aparatlar\u0131, kesme aparatlar\u0131 ve m\u00fcrekkep p\u00fcsk\u00fcrtmeli yaz\u0131c\u0131lar ile donat\u0131labilir.<\/p>\n<p>Askeri, t\u0131bbi, ileti\u015fim, g\u00fc\u00e7 kablolar\u0131, k\u0131l\u0131fl\u0131 teller, yumu\u015fak ve sert tellerin i\u015flenmesinde yayg\u0131n olarak kullan\u0131l\u0131r.<\/p>\n<h2>SU-A35 Otomatik tel kesme s\u0131y\u0131rma makinesi video<\/h2>\n<div class=\"video-shortcode\"><iframe title=\"SU-A35 35mm2 otomatik bak\u0131r kablo s\u0131y\u0131rma makinesi tel kesici s\u0131y\u0131rma makinesi\" width=\"1210\" height=\"681\" src=\"https:\/\/www.youtube.com\/embed\/yb0LKs4HE48?feature=oembed\" frameborder=\"0\" allow=\"accelerometer; autoplay; clipboard-write; encrypted-media; gyroscope; picture-in-picture\" allowfullscreen><\/iframe><\/div>\n<\/div><\/div><\/div><\/div><\/div>","protected":false},"excerpt":{"rendered":"<p><strong>Model: SU-A35<\/strong><\/p>\n<p>K\u00fc\u00e7\u00fck teller i\u00e7in tasarlanm\u0131\u015ft\u0131r 0.1 - 35 mm2 tam otomatik kesme ve s\u0131y\u0131rma. Kullan\u0131m\u0131 basit, dayan\u0131kl\u0131 ve uygun maliyetlidir.<\/p>","protected":false},"featured_media":5346,"template":"","meta":[],"product_brand":[],"product_cat":[171],"product_tag":[338,302,336,227],"class_list":{"0":"post-3935","1":"product","2":"type-product","3":"status-publish","4":"has-post-thumbnail","6":"product_cat-cut-and-strip","7":"product_tag-big-cable-full-auto-cutting-stripping-machine","8":"product_tag-big-wire-proceesing-machine","9":"product_tag-one-core-small-wire-cutting-and-stripping-machine","10":"product_tag-wire-stripping-machine","12":"first","13":"instock","14":"shipping-taxable","15":"purchasable","16":"product-type-simple"},"yoast_head":"<!-- This site is optimized with the Yoast SEO plugin v26.9 - https:\/\/yoast.com\/product\/yoast-seo-wordpress\/ -->\n<title>SU-A35 Automatic 35mm2 cable wire cutting stripping machine - WIREPRO Automation Technology<\/title>\n<meta name=\"description\" content=\"WIREPRO has one series wire cutting and stripping machine for different gauge wires. Automatic Max 35 sqmm electric wire cut and strip machine\" \/>\n<meta name=\"robots\" content=\"index, follow, max-snippet:-1, max-image-preview:large, max-video-preview:-1\" \/>\n<link rel=\"canonical\" href=\"https:\/\/www.wireproauto.com\/tr\/urun\/automatic-35mm2-cable-wire-cutting-stripping-machine\/\" \/>\n<meta property=\"og:locale\" content=\"tr_TR\" \/>\n<meta property=\"og:type\" content=\"article\" \/>\n<meta property=\"og:title\" content=\"SU-A35 Automatic 35mm2 cable wire cutting stripping machine - WIREPRO Automation Technology\" \/>\n<meta property=\"og:description\" content=\"WIREPRO has one series wire cutting and stripping machine for different gauge wires. Automatic Max 35 sqmm electric wire cut and strip machine\" \/>\n<meta property=\"og:url\" content=\"https:\/\/www.wireproauto.com\/tr\/urun\/automatic-35mm2-cable-wire-cutting-stripping-machine\/\" \/>\n<meta property=\"og:site_name\" content=\"WIREPRO Automation Technology\" \/>\n<meta property=\"article:modified_time\" content=\"2026-03-11T08:20:24+00:00\" \/>\n<meta property=\"og:image\" content=\"https:\/\/www.wireproauto.com\/wp-content\/uploads\/2021\/05\/wire-cutting-and-stripping-machine-SU-A35-15.jpg\" \/>\n\t<meta property=\"og:image:width\" content=\"800\" \/>\n\t<meta property=\"og:image:height\" content=\"800\" \/>\n\t<meta property=\"og:image:type\" content=\"image\/jpeg\" \/>\n<meta name=\"twitter:card\" content=\"summary_large_image\" \/>\n<meta name=\"twitter:label1\" content=\"Tahmini okuma s\u00fcresi\" \/>\n\t<meta name=\"twitter:data1\" content=\"2 dakika\" \/>\n<script type=\"application\/ld+json\" class=\"yoast-schema-graph\">{\"@context\":\"https:\/\/schema.org\",\"@graph\":[{\"@type\":\"WebPage\",\"@id\":\"https:\/\/www.wireproauto.com\/product\/automatic-35mm2-cable-wire-cutting-stripping-machine\/\",\"url\":\"https:\/\/www.wireproauto.com\/product\/automatic-35mm2-cable-wire-cutting-stripping-machine\/\",\"name\":\"SU-A35 Automatic 35mm2 cable wire cutting stripping machine - WIREPRO Automation Technology\",\"isPartOf\":{\"@id\":\"https:\/\/www.wireproauto.com\/#website\"},\"primaryImageOfPage\":{\"@id\":\"https:\/\/www.wireproauto.com\/product\/automatic-35mm2-cable-wire-cutting-stripping-machine\/#primaryimage\"},\"image\":{\"@id\":\"https:\/\/www.wireproauto.com\/product\/automatic-35mm2-cable-wire-cutting-stripping-machine\/#primaryimage\"},\"thumbnailUrl\":\"https:\/\/www.wireproauto.com\/wp-content\/uploads\/2021\/05\/wire-cutting-and-stripping-machine-SU-A35-15.jpg\",\"datePublished\":\"2021-05-13T03:54:54+00:00\",\"dateModified\":\"2026-03-11T08:20:24+00:00\",\"description\":\"WIREPRO has one series wire cutting and stripping machine for different gauge wires. Automatic Max 35 sqmm electric wire cut and strip machine\",\"breadcrumb\":{\"@id\":\"https:\/\/www.wireproauto.com\/product\/automatic-35mm2-cable-wire-cutting-stripping-machine\/#breadcrumb\"},\"inLanguage\":\"tr\",\"potentialAction\":[{\"@type\":\"ReadAction\",\"target\":[\"https:\/\/www.wireproauto.com\/product\/automatic-35mm2-cable-wire-cutting-stripping-machine\/\"]}]},{\"@type\":\"ImageObject\",\"inLanguage\":\"tr\",\"@id\":\"https:\/\/www.wireproauto.com\/product\/automatic-35mm2-cable-wire-cutting-stripping-machine\/#primaryimage\",\"url\":\"https:\/\/www.wireproauto.com\/wp-content\/uploads\/2021\/05\/wire-cutting-and-stripping-machine-SU-A35-15.jpg\",\"contentUrl\":\"https:\/\/www.wireproauto.com\/wp-content\/uploads\/2021\/05\/wire-cutting-and-stripping-machine-SU-A35-15.jpg\",\"width\":800,\"height\":800},{\"@type\":\"BreadcrumbList\",\"@id\":\"https:\/\/www.wireproauto.com\/product\/automatic-35mm2-cable-wire-cutting-stripping-machine\/#breadcrumb\",\"itemListElement\":[{\"@type\":\"ListItem\",\"position\":1,\"name\":\"HOME\",\"item\":\"https:\/\/www.wireproauto.com\/\"},{\"@type\":\"ListItem\",\"position\":2,\"name\":\"PRODUCTS\",\"item\":\"https:\/\/www.wireproauto.com\/professional-wire-processing-machines\/\"},{\"@type\":\"ListItem\",\"position\":3,\"name\":\"SU-A35 Automatic 35mm2 cable wire cutting stripping machine\"}]},{\"@type\":\"WebSite\",\"@id\":\"https:\/\/www.wireproauto.com\/#website\",\"url\":\"https:\/\/www.wireproauto.com\/\",\"name\":\"WIREPRO Automation Technology\",\"description\":\"Wire Processing Machines and Harness Assembly Equipment, Total Solution\",\"potentialAction\":[{\"@type\":\"SearchAction\",\"target\":{\"@type\":\"EntryPoint\",\"urlTemplate\":\"https:\/\/www.wireproauto.com\/?s={search_term_string}\"},\"query-input\":{\"@type\":\"PropertyValueSpecification\",\"valueRequired\":true,\"valueName\":\"search_term_string\"}}],\"inLanguage\":\"tr\"}]}<\/script>\n<!-- \/ Yoast SEO plugin. -->","yoast_head_json":{"title":"SU-A35 Automatic 35mm2 cable wire cutting stripping machine - WIREPRO Automation Technology","description":"WIREPRO has one series wire cutting and stripping machine for different gauge wires. Automatic Max 35 sqmm electric wire cut and strip machine","robots":{"index":"index","follow":"follow","max-snippet":"max-snippet:-1","max-image-preview":"max-image-preview:large","max-video-preview":"max-video-preview:-1"},"canonical":"https:\/\/www.wireproauto.com\/tr\/urun\/automatic-35mm2-cable-wire-cutting-stripping-machine\/","og_locale":"tr_TR","og_type":"article","og_title":"SU-A35 Automatic 35mm2 cable wire cutting stripping machine - WIREPRO Automation Technology","og_description":"WIREPRO has one series wire cutting and stripping machine for different gauge wires. Automatic Max 35 sqmm electric wire cut and strip machine","og_url":"https:\/\/www.wireproauto.com\/tr\/urun\/automatic-35mm2-cable-wire-cutting-stripping-machine\/","og_site_name":"WIREPRO Automation Technology","article_modified_time":"2026-03-11T08:20:24+00:00","og_image":[{"width":800,"height":800,"url":"https:\/\/www.wireproauto.com\/wp-content\/uploads\/2021\/05\/wire-cutting-and-stripping-machine-SU-A35-15.jpg","type":"image\/jpeg"}],"twitter_card":"summary_large_image","twitter_misc":{"Tahmini okuma s\u00fcresi":"2 dakika"},"schema":{"@context":"https:\/\/schema.org","@graph":[{"@type":"WebPage","@id":"https:\/\/www.wireproauto.com\/product\/automatic-35mm2-cable-wire-cutting-stripping-machine\/","url":"https:\/\/www.wireproauto.com\/product\/automatic-35mm2-cable-wire-cutting-stripping-machine\/","name":"SU-A35 Automatic 35mm2 cable wire cutting stripping machine - WIREPRO Automation Technology","isPartOf":{"@id":"https:\/\/www.wireproauto.com\/#website"},"primaryImageOfPage":{"@id":"https:\/\/www.wireproauto.com\/product\/automatic-35mm2-cable-wire-cutting-stripping-machine\/#primaryimage"},"image":{"@id":"https:\/\/www.wireproauto.com\/product\/automatic-35mm2-cable-wire-cutting-stripping-machine\/#primaryimage"},"thumbnailUrl":"https:\/\/www.wireproauto.com\/wp-content\/uploads\/2021\/05\/wire-cutting-and-stripping-machine-SU-A35-15.jpg","datePublished":"2021-05-13T03:54:54+00:00","dateModified":"2026-03-11T08:20:24+00:00","description":"WIREPRO has one series wire cutting and stripping machine for different gauge wires. Automatic Max 35 sqmm electric wire cut and strip machine","breadcrumb":{"@id":"https:\/\/www.wireproauto.com\/product\/automatic-35mm2-cable-wire-cutting-stripping-machine\/#breadcrumb"},"inLanguage":"tr","potentialAction":[{"@type":"ReadAction","target":["https:\/\/www.wireproauto.com\/product\/automatic-35mm2-cable-wire-cutting-stripping-machine\/"]}]},{"@type":"ImageObject","inLanguage":"tr","@id":"https:\/\/www.wireproauto.com\/product\/automatic-35mm2-cable-wire-cutting-stripping-machine\/#primaryimage","url":"https:\/\/www.wireproauto.com\/wp-content\/uploads\/2021\/05\/wire-cutting-and-stripping-machine-SU-A35-15.jpg","contentUrl":"https:\/\/www.wireproauto.com\/wp-content\/uploads\/2021\/05\/wire-cutting-and-stripping-machine-SU-A35-15.jpg","width":800,"height":800},{"@type":"BreadcrumbList","@id":"https:\/\/www.wireproauto.com\/product\/automatic-35mm2-cable-wire-cutting-stripping-machine\/#breadcrumb","itemListElement":[{"@type":"ListItem","position":1,"name":"HOME","item":"https:\/\/www.wireproauto.com\/"},{"@type":"ListItem","position":2,"name":"PRODUCTS","item":"https:\/\/www.wireproauto.com\/professional-wire-processing-machines\/"},{"@type":"ListItem","position":3,"name":"SU-A35 Automatic 35mm2 cable wire cutting stripping machine"}]},{"@type":"WebSite","@id":"https:\/\/www.wireproauto.com\/#website","url":"https:\/\/www.wireproauto.com\/","name":"WIREPRO Automation Technology","description":"Wire Processing Machines and Harness Assembly Equipment, Total Solution","potentialAction":[{"@type":"SearchAction","target":{"@type":"EntryPoint","urlTemplate":"https:\/\/www.wireproauto.com\/?s={search_term_string}"},"query-input":{"@type":"PropertyValueSpecification","valueRequired":true,"valueName":"search_term_string"}}],"inLanguage":"tr"}]}},"_links":{"self":[{"href":"https:\/\/www.wireproauto.com\/tr\/wp-json\/wp\/v2\/product\/3935","targetHints":{"allow":["GET"]}}],"collection":[{"href":"https:\/\/www.wireproauto.com\/tr\/wp-json\/wp\/v2\/product"}],"about":[{"href":"https:\/\/www.wireproauto.com\/tr\/wp-json\/wp\/v2\/types\/product"}],"wp:featuredmedia":[{"embeddable":true,"href":"https:\/\/www.wireproauto.com\/tr\/wp-json\/wp\/v2\/media\/5346"}],"wp:attachment":[{"href":"https:\/\/www.wireproauto.com\/tr\/wp-json\/wp\/v2\/media?parent=3935"}],"wp:term":[{"taxonomy":"product_brand","embeddable":true,"href":"https:\/\/www.wireproauto.com\/tr\/wp-json\/wp\/v2\/product_brand?post=3935"},{"taxonomy":"product_cat","embeddable":true,"href":"https:\/\/www.wireproauto.com\/tr\/wp-json\/wp\/v2\/product_cat?post=3935"},{"taxonomy":"product_tag","embeddable":true,"href":"https:\/\/www.wireproauto.com\/tr\/wp-json\/wp\/v2\/product_tag?post=3935"}],"curies":[{"name":"wp","href":"https:\/\/api.w.org\/{rel}","templated":true}]}}