{"id":3914,"date":"2021-05-12T18:02:16","date_gmt":"2021-05-12T10:02:16","guid":{"rendered":"https:\/\/www.wireproauto.com\/?post_type=product&#038;p=3914"},"modified":"2026-03-11T17:08:16","modified_gmt":"2026-03-11T09:08:16","slug":"automatic-one-core-electrical-wire-cutting-stripping-machine","status":"publish","type":"product","link":"https:\/\/www.wireproauto.com\/tr\/urun\/automatic-one-core-electrical-wire-cutting-stripping-machine\/","title":{"rendered":"SU-A41 Otomatik tek damarl\u0131 tel kesme s\u0131y\u0131rma makinesi"},"content":{"rendered":"<div class=\"fusion-fullwidth fullwidth-box fusion-builder-row-1 fusion-flex-container nonhundred-percent-fullwidth non-hundred-percent-height-scrolling\" style=\"--awb-border-radius-top-left:0px;--awb-border-radius-top-right:0px;--awb-border-radius-bottom-right:0px;--awb-border-radius-bottom-left:0px;--awb-flex-wrap:wrap;\" ><div class=\"fusion-builder-row fusion-row fusion-flex-align-items-flex-start fusion-flex-content-wrap\" style=\"max-width:1258.4px;margin-left: calc(-4% \/ 2 );margin-right: calc(-4% \/ 2 );\"><div class=\"fusion-layout-column fusion_builder_column fusion-builder-column-0 fusion_builder_column_1_1 1_1 fusion-flex-column\" style=\"--awb-bg-size:cover;--awb-width-large:100%;--awb-margin-top-large:0px;--awb-spacing-right-large:1.92%;--awb-margin-bottom-large:0px;--awb-spacing-left-large:1.92%;--awb-width-medium:100%;--awb-spacing-right-medium:1.92%;--awb-spacing-left-medium:1.92%;--awb-width-small:100%;--awb-spacing-right-small:1.92%;--awb-spacing-left-small:1.92%;\"><div class=\"fusion-column-wrapper fusion-flex-justify-content-flex-start fusion-content-layout-column\"><div class=\"fusion-text fusion-text-1\"><p>SU-A41, elektronik tel, silikon tel, PTFE tel, cam elyaf pamuk, izolasyon teli vb. i\u00e7in uygun olan \u00e7oklu i\u015fleme modlar\u0131na sahiptir. Tam otomatik kesme deste\u011fi, yar\u0131m s\u0131y\u0131rma, tam s\u0131y\u0131rma ve \u00e7ok b\u00f6l\u00fcml\u00fc s\u0131y\u0131rma i\u015flemi tek seferde tamamlanabilir.<br \/>\nEsnek teller, ince teller, \u00e7oklu bak\u0131r teller ve gev\u015fetilmesi kolay di\u011fer teller i\u00e7in b\u00fck\u00fcm par\u00e7alar\u0131 ekleyebilir. B\u00fck\u00fcm, tellerin kaybolmas\u0131n\u0131 veya b\u00fck\u00fclmesini \u00f6nleyebilir, terminale kolayca n\u00fcfuz edebilir veya daha iyi bir kalaylama etkisi elde edebilir. L\u00fctfen SU-T41 videolar\u0131n\u0131 kontrol edin.<\/p>\n<p>\u00d6zellikler:<br \/>\n1.  LCD ekran, \u00c7ince ve \u0130ngilizce deste\u011fi, otomatik bilgisayar programlamas\u0131na g\u00f6re tasarlanm\u0131\u015f t\u00fcm d\u00fc\u011fmeler ve i\u015fleme program\u0131, kullan\u0131m\u0131 kolay.<br \/>\n2.  Tel besleme i\u00e7in d\u00f6rt tahrik tekerle\u011fi \u00e7al\u0131\u015fmas\u0131, ayarlanabilir tel presleme kuvveti, y\u00fcksek tel besleme hassasiyeti, telde hasar yok ve bask\u0131 izi yok.<br \/>\n3.  Japonya'dan ithal edilen hammaddelerle yap\u0131lan y\u00fcksek kaliteli b\u0131\u00e7aklar, kesilen kenarlar \u00e7apaks\u0131zd\u0131r, a\u015f\u0131nmaya dayan\u0131kl\u0131d\u0131r ve daha uzun s\u00fcre kullan\u0131labilir.<br \/>\n4.  D\u00f6rt telli besleme tekerleklerinin bask\u0131 kuvveti ayarlanabilir, bu da \u00e7e\u015fitli boyutlardaki tellerin daha iyi i\u015flenmesine yard\u0131mc\u0131 olabilir.<br \/>\n5.  Y\u00fcksek hassasiyet, d\u00fc\u015f\u00fck g\u00fcr\u00fclt\u00fc, hassas ak\u0131m kontrol\u00fc, d\u00fc\u015f\u00fck motor \u0131s\u0131nmas\u0131, daha uzun hizmet \u00f6mr\u00fc olan bak\u0131r \u00e7ekirdekli step motor ile donat\u0131lm\u0131\u015ft\u0131r.<br \/>\n6.  Ak\u0131ll\u0131 kontrol sistemi, 32 bit CORTEX-M3 \u00e7ekirdek i\u015flemci kullanarak, 72M'ye kadar \u00e7al\u0131\u015fma h\u0131z\u0131. Y\u00fczlerce parametre ayar\u0131n\u0131 saklayabilir.<\/p>\n<h2>Otomatik tek damarl\u0131 tel kesme s\u0131y\u0131rma makinesi video<\/h2>\n<div class=\"video-shortcode\"><iframe title=\"SU-A41 tam otomatik elektrikli s\u0131y\u0131r\u0131c\u0131 farkl\u0131 model elektronik tel kesme \u015ferit makinesi\" width=\"1210\" height=\"681\" src=\"https:\/\/www.youtube.com\/embed\/K4FnsOiNWkE?feature=oembed\" frameborder=\"0\" allow=\"accelerometer; autoplay; clipboard-write; encrypted-media; gyroscope; picture-in-picture\" allowfullscreen><\/iframe><\/div>\n<\/div><\/div><\/div><\/div><\/div>","protected":false},"excerpt":{"rendered":"<p><strong>Model: SU-A41<\/strong><\/p>\n<p>SU-A41, 0,1 - 4 mm2 k\u00fc\u00e7\u00fck tellerin tam otomatik olarak kesilmesi ve s\u0131yr\u0131lmas\u0131 i\u00e7in tasarlanm\u0131\u015ft\u0131r. Kullan\u0131m\u0131 basit, dayan\u0131kl\u0131 ve uygun maliyetlidir.<\/p>","protected":false},"featured_media":3917,"template":"","meta":[],"product_brand":[],"product_cat":[171],"product_tag":[346,336,227,230],"class_list":{"0":"post-3914","1":"product","2":"type-product","3":"status-publish","4":"has-post-thumbnail","6":"product_cat-cut-and-strip","7":"product_tag-one-core-small-wire-processing-machine","8":"product_tag-one-core-small-wire-cutting-and-stripping-machine","9":"product_tag-wire-stripping-machine","10":"product_tag-wire-cutting-machine","12":"first","13":"instock","14":"shipping-taxable","15":"purchasable","16":"product-type-simple"},"yoast_head":"<!-- This site is optimized with the Yoast SEO plugin v26.9 - https:\/\/yoast.com\/product\/yoast-seo-wordpress\/ -->\n<title>SU-A41 Automatic one core wire cutting stripping machine - WIREPRO Automation Technology<\/title>\n<meta name=\"description\" content=\"SU-A41 wire cutting and stripping machine, suitable for electronic wire, silicone wire, PTFE wire, glass fiber cotton, isolation wire, etc..\" \/>\n<meta name=\"robots\" content=\"index, follow, max-snippet:-1, max-image-preview:large, max-video-preview:-1\" \/>\n<link rel=\"canonical\" href=\"https:\/\/www.wireproauto.com\/tr\/urun\/automatic-one-core-electrical-wire-cutting-stripping-machine\/\" \/>\n<meta property=\"og:locale\" content=\"tr_TR\" \/>\n<meta property=\"og:type\" content=\"article\" \/>\n<meta property=\"og:title\" content=\"SU-A41 Automatic one core wire cutting stripping machine - WIREPRO Automation Technology\" \/>\n<meta property=\"og:description\" content=\"SU-A41 wire cutting and stripping machine, suitable for electronic wire, silicone wire, PTFE wire, glass fiber cotton, isolation wire, etc..\" \/>\n<meta property=\"og:url\" content=\"https:\/\/www.wireproauto.com\/tr\/urun\/automatic-one-core-electrical-wire-cutting-stripping-machine\/\" \/>\n<meta property=\"og:site_name\" content=\"WIREPRO Automation Technology\" \/>\n<meta property=\"article:modified_time\" content=\"2026-03-11T09:08:16+00:00\" \/>\n<meta property=\"og:image\" content=\"https:\/\/www.wireproauto.com\/wp-content\/uploads\/2021\/05\/wire-stripping-SU-A41-10.jpg\" \/>\n\t<meta property=\"og:image:width\" content=\"800\" \/>\n\t<meta property=\"og:image:height\" content=\"800\" \/>\n\t<meta property=\"og:image:type\" content=\"image\/jpeg\" \/>\n<meta name=\"twitter:card\" content=\"summary_large_image\" \/>\n<meta name=\"twitter:label1\" content=\"Tahmini okuma s\u00fcresi\" \/>\n\t<meta name=\"twitter:data1\" content=\"2 dakika\" \/>\n<script type=\"application\/ld+json\" class=\"yoast-schema-graph\">{\"@context\":\"https:\/\/schema.org\",\"@graph\":[{\"@type\":\"WebPage\",\"@id\":\"https:\/\/www.wireproauto.com\/product\/automatic-one-core-electrical-wire-cutting-stripping-machine\/\",\"url\":\"https:\/\/www.wireproauto.com\/product\/automatic-one-core-electrical-wire-cutting-stripping-machine\/\",\"name\":\"SU-A41 Automatic one core wire cutting stripping machine - WIREPRO Automation Technology\",\"isPartOf\":{\"@id\":\"https:\/\/www.wireproauto.com\/#website\"},\"primaryImageOfPage\":{\"@id\":\"https:\/\/www.wireproauto.com\/product\/automatic-one-core-electrical-wire-cutting-stripping-machine\/#primaryimage\"},\"image\":{\"@id\":\"https:\/\/www.wireproauto.com\/product\/automatic-one-core-electrical-wire-cutting-stripping-machine\/#primaryimage\"},\"thumbnailUrl\":\"https:\/\/www.wireproauto.com\/wp-content\/uploads\/2021\/05\/wire-stripping-SU-A41-10.jpg\",\"datePublished\":\"2021-05-12T10:02:16+00:00\",\"dateModified\":\"2026-03-11T09:08:16+00:00\",\"description\":\"SU-A41 wire cutting and stripping machine, suitable for electronic wire, silicone wire, PTFE wire, glass fiber cotton, isolation wire, etc..\",\"breadcrumb\":{\"@id\":\"https:\/\/www.wireproauto.com\/product\/automatic-one-core-electrical-wire-cutting-stripping-machine\/#breadcrumb\"},\"inLanguage\":\"tr\",\"potentialAction\":[{\"@type\":\"ReadAction\",\"target\":[\"https:\/\/www.wireproauto.com\/product\/automatic-one-core-electrical-wire-cutting-stripping-machine\/\"]}]},{\"@type\":\"ImageObject\",\"inLanguage\":\"tr\",\"@id\":\"https:\/\/www.wireproauto.com\/product\/automatic-one-core-electrical-wire-cutting-stripping-machine\/#primaryimage\",\"url\":\"https:\/\/www.wireproauto.com\/wp-content\/uploads\/2021\/05\/wire-stripping-SU-A41-10.jpg\",\"contentUrl\":\"https:\/\/www.wireproauto.com\/wp-content\/uploads\/2021\/05\/wire-stripping-SU-A41-10.jpg\",\"width\":800,\"height\":800,\"caption\":\"Automatic one core wire cutting stripping machine\"},{\"@type\":\"BreadcrumbList\",\"@id\":\"https:\/\/www.wireproauto.com\/product\/automatic-one-core-electrical-wire-cutting-stripping-machine\/#breadcrumb\",\"itemListElement\":[{\"@type\":\"ListItem\",\"position\":1,\"name\":\"HOME\",\"item\":\"https:\/\/www.wireproauto.com\/\"},{\"@type\":\"ListItem\",\"position\":2,\"name\":\"PRODUCTS\",\"item\":\"https:\/\/www.wireproauto.com\/professional-wire-processing-machines\/\"},{\"@type\":\"ListItem\",\"position\":3,\"name\":\"SU-A41 Automatic one core wire cutting stripping machine\"}]},{\"@type\":\"WebSite\",\"@id\":\"https:\/\/www.wireproauto.com\/#website\",\"url\":\"https:\/\/www.wireproauto.com\/\",\"name\":\"WIREPRO Automation Technology\",\"description\":\"Wire Processing Machines and Harness Assembly Equipment, Total Solution\",\"potentialAction\":[{\"@type\":\"SearchAction\",\"target\":{\"@type\":\"EntryPoint\",\"urlTemplate\":\"https:\/\/www.wireproauto.com\/?s={search_term_string}\"},\"query-input\":{\"@type\":\"PropertyValueSpecification\",\"valueRequired\":true,\"valueName\":\"search_term_string\"}}],\"inLanguage\":\"tr\"}]}<\/script>\n<!-- \/ Yoast SEO plugin. -->","yoast_head_json":{"title":"SU-A41 Automatic one core wire cutting stripping machine - WIREPRO Automation Technology","description":"SU-A41 wire cutting and stripping machine, suitable for electronic wire, silicone wire, PTFE wire, glass fiber cotton, isolation wire, etc..","robots":{"index":"index","follow":"follow","max-snippet":"max-snippet:-1","max-image-preview":"max-image-preview:large","max-video-preview":"max-video-preview:-1"},"canonical":"https:\/\/www.wireproauto.com\/tr\/urun\/automatic-one-core-electrical-wire-cutting-stripping-machine\/","og_locale":"tr_TR","og_type":"article","og_title":"SU-A41 Automatic one core wire cutting stripping machine - WIREPRO Automation Technology","og_description":"SU-A41 wire cutting and stripping machine, suitable for electronic wire, silicone wire, PTFE wire, glass fiber cotton, isolation wire, etc..","og_url":"https:\/\/www.wireproauto.com\/tr\/urun\/automatic-one-core-electrical-wire-cutting-stripping-machine\/","og_site_name":"WIREPRO Automation Technology","article_modified_time":"2026-03-11T09:08:16+00:00","og_image":[{"width":800,"height":800,"url":"https:\/\/www.wireproauto.com\/wp-content\/uploads\/2021\/05\/wire-stripping-SU-A41-10.jpg","type":"image\/jpeg"}],"twitter_card":"summary_large_image","twitter_misc":{"Tahmini okuma s\u00fcresi":"2 dakika"},"schema":{"@context":"https:\/\/schema.org","@graph":[{"@type":"WebPage","@id":"https:\/\/www.wireproauto.com\/product\/automatic-one-core-electrical-wire-cutting-stripping-machine\/","url":"https:\/\/www.wireproauto.com\/product\/automatic-one-core-electrical-wire-cutting-stripping-machine\/","name":"SU-A41 Automatic one core wire cutting stripping machine - WIREPRO Automation Technology","isPartOf":{"@id":"https:\/\/www.wireproauto.com\/#website"},"primaryImageOfPage":{"@id":"https:\/\/www.wireproauto.com\/product\/automatic-one-core-electrical-wire-cutting-stripping-machine\/#primaryimage"},"image":{"@id":"https:\/\/www.wireproauto.com\/product\/automatic-one-core-electrical-wire-cutting-stripping-machine\/#primaryimage"},"thumbnailUrl":"https:\/\/www.wireproauto.com\/wp-content\/uploads\/2021\/05\/wire-stripping-SU-A41-10.jpg","datePublished":"2021-05-12T10:02:16+00:00","dateModified":"2026-03-11T09:08:16+00:00","description":"SU-A41 wire cutting and stripping machine, suitable for electronic wire, silicone wire, PTFE wire, glass fiber cotton, isolation wire, etc..","breadcrumb":{"@id":"https:\/\/www.wireproauto.com\/product\/automatic-one-core-electrical-wire-cutting-stripping-machine\/#breadcrumb"},"inLanguage":"tr","potentialAction":[{"@type":"ReadAction","target":["https:\/\/www.wireproauto.com\/product\/automatic-one-core-electrical-wire-cutting-stripping-machine\/"]}]},{"@type":"ImageObject","inLanguage":"tr","@id":"https:\/\/www.wireproauto.com\/product\/automatic-one-core-electrical-wire-cutting-stripping-machine\/#primaryimage","url":"https:\/\/www.wireproauto.com\/wp-content\/uploads\/2021\/05\/wire-stripping-SU-A41-10.jpg","contentUrl":"https:\/\/www.wireproauto.com\/wp-content\/uploads\/2021\/05\/wire-stripping-SU-A41-10.jpg","width":800,"height":800,"caption":"Automatic one core wire cutting stripping machine"},{"@type":"BreadcrumbList","@id":"https:\/\/www.wireproauto.com\/product\/automatic-one-core-electrical-wire-cutting-stripping-machine\/#breadcrumb","itemListElement":[{"@type":"ListItem","position":1,"name":"HOME","item":"https:\/\/www.wireproauto.com\/"},{"@type":"ListItem","position":2,"name":"PRODUCTS","item":"https:\/\/www.wireproauto.com\/professional-wire-processing-machines\/"},{"@type":"ListItem","position":3,"name":"SU-A41 Automatic one core wire cutting stripping machine"}]},{"@type":"WebSite","@id":"https:\/\/www.wireproauto.com\/#website","url":"https:\/\/www.wireproauto.com\/","name":"WIREPRO Automation Technology","description":"Wire Processing Machines and Harness Assembly Equipment, Total Solution","potentialAction":[{"@type":"SearchAction","target":{"@type":"EntryPoint","urlTemplate":"https:\/\/www.wireproauto.com\/?s={search_term_string}"},"query-input":{"@type":"PropertyValueSpecification","valueRequired":true,"valueName":"search_term_string"}}],"inLanguage":"tr"}]}},"_links":{"self":[{"href":"https:\/\/www.wireproauto.com\/tr\/wp-json\/wp\/v2\/product\/3914","targetHints":{"allow":["GET"]}}],"collection":[{"href":"https:\/\/www.wireproauto.com\/tr\/wp-json\/wp\/v2\/product"}],"about":[{"href":"https:\/\/www.wireproauto.com\/tr\/wp-json\/wp\/v2\/types\/product"}],"wp:featuredmedia":[{"embeddable":true,"href":"https:\/\/www.wireproauto.com\/tr\/wp-json\/wp\/v2\/media\/3917"}],"wp:attachment":[{"href":"https:\/\/www.wireproauto.com\/tr\/wp-json\/wp\/v2\/media?parent=3914"}],"wp:term":[{"taxonomy":"product_brand","embeddable":true,"href":"https:\/\/www.wireproauto.com\/tr\/wp-json\/wp\/v2\/product_brand?post=3914"},{"taxonomy":"product_cat","embeddable":true,"href":"https:\/\/www.wireproauto.com\/tr\/wp-json\/wp\/v2\/product_cat?post=3914"},{"taxonomy":"product_tag","embeddable":true,"href":"https:\/\/www.wireproauto.com\/tr\/wp-json\/wp\/v2\/product_tag?post=3914"}],"curies":[{"name":"wp","href":"https:\/\/api.w.org\/{rel}","templated":true}]}}