{"id":3651,"date":"2021-03-02T13:37:25","date_gmt":"2021-03-02T05:37:25","guid":{"rendered":"https:\/\/www.wireproauto.com\/?post_type=product&#038;p=3651"},"modified":"2025-05-09T13:35:17","modified_gmt":"2025-05-09T05:35:17","slug":"visual-precision-cut-bellows-wave-valley-tube-cutting-machine","status":"publish","type":"product","link":"https:\/\/www.wireproauto.com\/tr\/urun\/visual-precision-cut-bellows-wave-valley-tube-cutting-machine\/","title":{"rendered":"CB-V07 G\u00f6rsel hassas kesim k\u00f6r\u00fckl\u00fc dalga vadisi t\u00fcp kesme makinesi"},"content":{"rendered":"<div class=\"fusion-fullwidth fullwidth-box fusion-builder-row-1 fusion-flex-container nonhundred-percent-fullwidth non-hundred-percent-height-scrolling\" style=\"--awb-border-radius-top-left:0px;--awb-border-radius-top-right:0px;--awb-border-radius-bottom-right:0px;--awb-border-radius-bottom-left:0px;--awb-flex-wrap:wrap;\" ><div class=\"fusion-builder-row fusion-row fusion-flex-align-items-flex-start fusion-flex-content-wrap\" style=\"max-width:1258.4px;margin-left: calc(-4% \/ 2 );margin-right: calc(-4% \/ 2 );\"><div class=\"fusion-layout-column fusion_builder_column fusion-builder-column-0 fusion_builder_column_1_1 1_1 fusion-flex-column\" style=\"--awb-bg-size:cover;--awb-width-large:100%;--awb-margin-top-large:0px;--awb-spacing-right-large:1.92%;--awb-margin-bottom-large:0px;--awb-spacing-left-large:1.92%;--awb-width-medium:100%;--awb-spacing-right-medium:1.92%;--awb-spacing-left-medium:1.92%;--awb-width-small:100%;--awb-spacing-right-small:1.92%;--awb-spacing-left-small:1.92%;\"><div class=\"fusion-column-wrapper fusion-flex-justify-content-flex-start fusion-content-layout-column\"><div class=\"fusion-text fusion-text-1\"><p>The machine CB-P06 and CB-V07 are designed for precision cutting long corrugated tube wave peak or wave valley. The machines adopt belt traction and displacement sensor, automatic pre-release tube and deliver the tube, achieving high cutting speed and accuracy.<\/p>\n<p>Feature:<br \/>\n1. Touch screen, English and Chinese operating system, PLC control, operation digitalization<br \/>\n2. Automatic tube pre-release, pre-delivery, cutting efficient and accurate<br \/>\n3. With an Integrated circuit, work stable and simple maintenance<br \/>\n4. CB-P06 accurate cut tube wave peak, CB-V07accurate cut tube wave valley<br \/>\n5. Can custom splitting function.<\/p>\n<div class=\"video-shortcode\"><iframe title=\"CB-P06 CB-V07 precision cut bellows wave valley or peak corrugated pipe tube cutting machine\" width=\"1210\" height=\"681\" src=\"https:\/\/www.youtube.com\/embed\/NxlvyUcr5uc?feature=oembed\" frameborder=\"0\" allow=\"accelerometer; autoplay; clipboard-write; encrypted-media; gyroscope; picture-in-picture\" allowfullscreen><\/iframe><\/div>\n<\/div><\/div><\/div><\/div><\/div>","protected":false},"excerpt":{"rendered":"<p><strong>Model: CB-V07<\/strong><\/p>\n<p>The machine CB-V07 precision cutting long corrugated tube wave valley. It has a visual sensor system to make sure cut position.<\/p>","protected":false},"featured_media":3636,"template":"","meta":[],"product_brand":[],"product_cat":[175],"product_tag":[235,241],"class_list":{"0":"post-3651","1":"product","2":"type-product","3":"status-publish","4":"has-post-thumbnail","6":"product_cat-materials-cutting","7":"product_tag-corrugated-tube-cutting-machine","8":"product_tag-cutting-machine","10":"first","11":"instock","12":"shipping-taxable","13":"purchasable","14":"product-type-simple"},"yoast_head":"<!-- This site is optimized with the Yoast SEO plugin v26.9 - https:\/\/yoast.com\/product\/yoast-seo-wordpress\/ -->\n<title>CB-V07 Visual precision cut bellows wave valley tube cutting machine - WIREPRO Automation Technology<\/title>\n<meta name=\"description\" content=\"WIREPO supply different tube cutting machine. CB-V07 precision cutting long corrugated tube wave valley. It has a visual sensor system to make sure cut position.\" \/>\n<meta name=\"robots\" content=\"index, follow, max-snippet:-1, max-image-preview:large, max-video-preview:-1\" \/>\n<link rel=\"canonical\" href=\"https:\/\/www.wireproauto.com\/tr\/urun\/visual-precision-cut-bellows-wave-valley-tube-cutting-machine\/\" \/>\n<meta property=\"og:locale\" content=\"tr_TR\" \/>\n<meta property=\"og:type\" content=\"article\" \/>\n<meta property=\"og:title\" content=\"CB-V07 Visual precision cut bellows wave valley tube cutting machine - WIREPRO Automation Technology\" \/>\n<meta property=\"og:description\" content=\"WIREPO supply different tube cutting machine. CB-V07 precision cutting long corrugated tube wave valley. It has a visual sensor system to make sure cut position.\" \/>\n<meta property=\"og:url\" content=\"https:\/\/www.wireproauto.com\/tr\/urun\/visual-precision-cut-bellows-wave-valley-tube-cutting-machine\/\" \/>\n<meta property=\"og:site_name\" content=\"WIREPRO Automation Technology\" \/>\n<meta property=\"article:modified_time\" content=\"2025-05-09T05:35:17+00:00\" \/>\n<meta property=\"og:image\" content=\"https:\/\/www.wireproauto.com\/wp-content\/uploads\/2021\/03\/CB-P06.jpg\" \/>\n\t<meta property=\"og:image:width\" content=\"850\" \/>\n\t<meta property=\"og:image:height\" content=\"850\" \/>\n\t<meta property=\"og:image:type\" content=\"image\/jpeg\" \/>\n<meta name=\"twitter:card\" content=\"summary_large_image\" \/>\n<meta name=\"twitter:label1\" content=\"Tahmini okuma s\u00fcresi\" \/>\n\t<meta name=\"twitter:data1\" content=\"1 dakika\" \/>\n<script type=\"application\/ld+json\" class=\"yoast-schema-graph\">{\"@context\":\"https:\/\/schema.org\",\"@graph\":[{\"@type\":\"WebPage\",\"@id\":\"https:\/\/www.wireproauto.com\/product\/visual-precision-cut-bellows-wave-valley-tube-cutting-machine\/\",\"url\":\"https:\/\/www.wireproauto.com\/product\/visual-precision-cut-bellows-wave-valley-tube-cutting-machine\/\",\"name\":\"CB-V07 Visual precision cut bellows wave valley tube cutting machine - WIREPRO Automation Technology\",\"isPartOf\":{\"@id\":\"https:\/\/www.wireproauto.com\/#website\"},\"primaryImageOfPage\":{\"@id\":\"https:\/\/www.wireproauto.com\/product\/visual-precision-cut-bellows-wave-valley-tube-cutting-machine\/#primaryimage\"},\"image\":{\"@id\":\"https:\/\/www.wireproauto.com\/product\/visual-precision-cut-bellows-wave-valley-tube-cutting-machine\/#primaryimage\"},\"thumbnailUrl\":\"https:\/\/www.wireproauto.com\/wp-content\/uploads\/2021\/03\/CB-P06.jpg\",\"datePublished\":\"2021-03-02T05:37:25+00:00\",\"dateModified\":\"2025-05-09T05:35:17+00:00\",\"description\":\"WIREPO supply different tube cutting machine. CB-V07 precision cutting long corrugated tube wave valley. It has a visual sensor system to make sure cut position.\",\"breadcrumb\":{\"@id\":\"https:\/\/www.wireproauto.com\/product\/visual-precision-cut-bellows-wave-valley-tube-cutting-machine\/#breadcrumb\"},\"inLanguage\":\"tr\",\"potentialAction\":[{\"@type\":\"ReadAction\",\"target\":[\"https:\/\/www.wireproauto.com\/product\/visual-precision-cut-bellows-wave-valley-tube-cutting-machine\/\"]}]},{\"@type\":\"ImageObject\",\"inLanguage\":\"tr\",\"@id\":\"https:\/\/www.wireproauto.com\/product\/visual-precision-cut-bellows-wave-valley-tube-cutting-machine\/#primaryimage\",\"url\":\"https:\/\/www.wireproauto.com\/wp-content\/uploads\/2021\/03\/CB-P06.jpg\",\"contentUrl\":\"https:\/\/www.wireproauto.com\/wp-content\/uploads\/2021\/03\/CB-P06.jpg\",\"width\":850,\"height\":850,\"caption\":\"CB-P06 Visual system precision cut corrugated pipe wave peak machine\"},{\"@type\":\"BreadcrumbList\",\"@id\":\"https:\/\/www.wireproauto.com\/product\/visual-precision-cut-bellows-wave-valley-tube-cutting-machine\/#breadcrumb\",\"itemListElement\":[{\"@type\":\"ListItem\",\"position\":1,\"name\":\"HOME\",\"item\":\"https:\/\/www.wireproauto.com\/\"},{\"@type\":\"ListItem\",\"position\":2,\"name\":\"PRODUCTS\",\"item\":\"https:\/\/www.wireproauto.com\/professional-wire-processing-machines\/\"},{\"@type\":\"ListItem\",\"position\":3,\"name\":\"CB-V07 Visual precision cut bellows wave valley tube cutting machine\"}]},{\"@type\":\"WebSite\",\"@id\":\"https:\/\/www.wireproauto.com\/#website\",\"url\":\"https:\/\/www.wireproauto.com\/\",\"name\":\"WIREPRO Automation Technology\",\"description\":\"Wire Processing Machines and Harness Assembly Equipment, Total Solution\",\"potentialAction\":[{\"@type\":\"SearchAction\",\"target\":{\"@type\":\"EntryPoint\",\"urlTemplate\":\"https:\/\/www.wireproauto.com\/?s={search_term_string}\"},\"query-input\":{\"@type\":\"PropertyValueSpecification\",\"valueRequired\":true,\"valueName\":\"search_term_string\"}}],\"inLanguage\":\"tr\"}]}<\/script>\n<!-- \/ Yoast SEO plugin. -->","yoast_head_json":{"title":"CB-V07 Visual precision cut bellows wave valley tube cutting machine - WIREPRO Automation Technology","description":"WIREPO supply different tube cutting machine. CB-V07 precision cutting long corrugated tube wave valley. It has a visual sensor system to make sure cut position.","robots":{"index":"index","follow":"follow","max-snippet":"max-snippet:-1","max-image-preview":"max-image-preview:large","max-video-preview":"max-video-preview:-1"},"canonical":"https:\/\/www.wireproauto.com\/tr\/urun\/visual-precision-cut-bellows-wave-valley-tube-cutting-machine\/","og_locale":"tr_TR","og_type":"article","og_title":"CB-V07 Visual precision cut bellows wave valley tube cutting machine - WIREPRO Automation Technology","og_description":"WIREPO supply different tube cutting machine. CB-V07 precision cutting long corrugated tube wave valley. It has a visual sensor system to make sure cut position.","og_url":"https:\/\/www.wireproauto.com\/tr\/urun\/visual-precision-cut-bellows-wave-valley-tube-cutting-machine\/","og_site_name":"WIREPRO Automation Technology","article_modified_time":"2025-05-09T05:35:17+00:00","og_image":[{"width":850,"height":850,"url":"https:\/\/www.wireproauto.com\/wp-content\/uploads\/2021\/03\/CB-P06.jpg","type":"image\/jpeg"}],"twitter_card":"summary_large_image","twitter_misc":{"Tahmini okuma s\u00fcresi":"1 dakika"},"schema":{"@context":"https:\/\/schema.org","@graph":[{"@type":"WebPage","@id":"https:\/\/www.wireproauto.com\/product\/visual-precision-cut-bellows-wave-valley-tube-cutting-machine\/","url":"https:\/\/www.wireproauto.com\/product\/visual-precision-cut-bellows-wave-valley-tube-cutting-machine\/","name":"CB-V07 Visual precision cut bellows wave valley tube cutting machine - WIREPRO Automation Technology","isPartOf":{"@id":"https:\/\/www.wireproauto.com\/#website"},"primaryImageOfPage":{"@id":"https:\/\/www.wireproauto.com\/product\/visual-precision-cut-bellows-wave-valley-tube-cutting-machine\/#primaryimage"},"image":{"@id":"https:\/\/www.wireproauto.com\/product\/visual-precision-cut-bellows-wave-valley-tube-cutting-machine\/#primaryimage"},"thumbnailUrl":"https:\/\/www.wireproauto.com\/wp-content\/uploads\/2021\/03\/CB-P06.jpg","datePublished":"2021-03-02T05:37:25+00:00","dateModified":"2025-05-09T05:35:17+00:00","description":"WIREPO supply different tube cutting machine. CB-V07 precision cutting long corrugated tube wave valley. It has a visual sensor system to make sure cut position.","breadcrumb":{"@id":"https:\/\/www.wireproauto.com\/product\/visual-precision-cut-bellows-wave-valley-tube-cutting-machine\/#breadcrumb"},"inLanguage":"tr","potentialAction":[{"@type":"ReadAction","target":["https:\/\/www.wireproauto.com\/product\/visual-precision-cut-bellows-wave-valley-tube-cutting-machine\/"]}]},{"@type":"ImageObject","inLanguage":"tr","@id":"https:\/\/www.wireproauto.com\/product\/visual-precision-cut-bellows-wave-valley-tube-cutting-machine\/#primaryimage","url":"https:\/\/www.wireproauto.com\/wp-content\/uploads\/2021\/03\/CB-P06.jpg","contentUrl":"https:\/\/www.wireproauto.com\/wp-content\/uploads\/2021\/03\/CB-P06.jpg","width":850,"height":850,"caption":"CB-P06 Visual system precision cut corrugated pipe wave peak machine"},{"@type":"BreadcrumbList","@id":"https:\/\/www.wireproauto.com\/product\/visual-precision-cut-bellows-wave-valley-tube-cutting-machine\/#breadcrumb","itemListElement":[{"@type":"ListItem","position":1,"name":"HOME","item":"https:\/\/www.wireproauto.com\/"},{"@type":"ListItem","position":2,"name":"PRODUCTS","item":"https:\/\/www.wireproauto.com\/professional-wire-processing-machines\/"},{"@type":"ListItem","position":3,"name":"CB-V07 Visual precision cut bellows wave valley tube cutting machine"}]},{"@type":"WebSite","@id":"https:\/\/www.wireproauto.com\/#website","url":"https:\/\/www.wireproauto.com\/","name":"WIREPRO Automation Technology","description":"Wire Processing Machines and Harness Assembly Equipment, Total Solution","potentialAction":[{"@type":"SearchAction","target":{"@type":"EntryPoint","urlTemplate":"https:\/\/www.wireproauto.com\/?s={search_term_string}"},"query-input":{"@type":"PropertyValueSpecification","valueRequired":true,"valueName":"search_term_string"}}],"inLanguage":"tr"}]}},"_links":{"self":[{"href":"https:\/\/www.wireproauto.com\/tr\/wp-json\/wp\/v2\/product\/3651","targetHints":{"allow":["GET"]}}],"collection":[{"href":"https:\/\/www.wireproauto.com\/tr\/wp-json\/wp\/v2\/product"}],"about":[{"href":"https:\/\/www.wireproauto.com\/tr\/wp-json\/wp\/v2\/types\/product"}],"wp:featuredmedia":[{"embeddable":true,"href":"https:\/\/www.wireproauto.com\/tr\/wp-json\/wp\/v2\/media\/3636"}],"wp:attachment":[{"href":"https:\/\/www.wireproauto.com\/tr\/wp-json\/wp\/v2\/media?parent=3651"}],"wp:term":[{"taxonomy":"product_brand","embeddable":true,"href":"https:\/\/www.wireproauto.com\/tr\/wp-json\/wp\/v2\/product_brand?post=3651"},{"taxonomy":"product_cat","embeddable":true,"href":"https:\/\/www.wireproauto.com\/tr\/wp-json\/wp\/v2\/product_cat?post=3651"},{"taxonomy":"product_tag","embeddable":true,"href":"https:\/\/www.wireproauto.com\/tr\/wp-json\/wp\/v2\/product_tag?post=3651"}],"curies":[{"name":"wp","href":"https:\/\/api.w.org\/{rel}","templated":true}]}}