{"id":3571,"date":"2021-03-01T17:02:53","date_gmt":"2021-03-01T09:02:53","guid":{"rendered":"https:\/\/www.wireproauto.com\/?post_type=product&#038;p=3571"},"modified":"2026-03-11T17:00:50","modified_gmt":"2026-03-11T09:00:50","slug":"automatic-one-wire-cutting-stripping-twisting-machine","status":"publish","type":"product","link":"https:\/\/www.wireproauto.com\/tr\/urun\/automatic-one-wire-cutting-stripping-twisting-machine\/","title":{"rendered":"SU-T41 Otomatik tek tel kesme s\u0131y\u0131rma b\u00fck\u00fcm makinesi"},"content":{"rendered":"<div class=\"fusion-fullwidth fullwidth-box fusion-builder-row-1 fusion-flex-container nonhundred-percent-fullwidth non-hundred-percent-height-scrolling\" style=\"--awb-border-radius-top-left:0px;--awb-border-radius-top-right:0px;--awb-border-radius-bottom-right:0px;--awb-border-radius-bottom-left:0px;--awb-flex-wrap:wrap;\" ><div class=\"fusion-builder-row fusion-row fusion-flex-align-items-flex-start fusion-flex-content-wrap\" style=\"max-width:1258.4px;margin-left: calc(-4% \/ 2 );margin-right: calc(-4% \/ 2 );\"><div class=\"fusion-layout-column fusion_builder_column fusion-builder-column-0 fusion_builder_column_1_1 1_1 fusion-flex-column\" style=\"--awb-bg-size:cover;--awb-width-large:100%;--awb-margin-top-large:0px;--awb-spacing-right-large:1.92%;--awb-margin-bottom-large:0px;--awb-spacing-left-large:1.92%;--awb-width-medium:100%;--awb-spacing-right-medium:1.92%;--awb-spacing-left-medium:1.92%;--awb-width-small:100%;--awb-spacing-right-small:1.92%;--awb-spacing-left-small:1.92%;\"><div class=\"fusion-column-wrapper fusion-flex-justify-content-flex-start fusion-content-layout-column\"><div class=\"fusion-text fusion-text-1\"><h2>SU-T41 supports wire cut strip and wire end twist.<\/h2>\n<p>Twisting parts for flexible wires, thin wires, multiple copper wires, and other wires that are easy to loosen.<\/p>\n<p>1.  LCD ekran, \u00c7ince ve \u0130ngilizce deste\u011fi, otomatik bilgisayar programlamas\u0131na g\u00f6re tasarlanm\u0131\u015f t\u00fcm d\u00fc\u011fmeler ve i\u015fleme program\u0131, kullan\u0131m\u0131 kolay.<br \/>\n2.\u00a0 Four driving wheel work for wire feeding, adjustable wire pressing force, high wire feeding accuracy, no damage on the wire, and no press marks.<br \/>\n3.  Japonya'dan ithal edilen hammaddelerle yap\u0131lan y\u00fcksek kaliteli b\u0131\u00e7aklar, kesilen kenarlar \u00e7apaks\u0131zd\u0131r, a\u015f\u0131nmaya dayan\u0131kl\u0131d\u0131r ve daha uzun s\u00fcre kullan\u0131labilir.<br \/>\n4.  D\u00f6rt telli besleme tekerleklerinin bask\u0131 kuvveti ayarlanabilir, bu da \u00e7e\u015fitli boyutlardaki tellerin daha iyi i\u015flenmesine yard\u0131mc\u0131 olabilir.<br \/>\n5.\u00a0 Equipped with the copper core stepper motor which is a high precision, low noise, precise current control, low motor heating, longer service life.<br \/>\n6.  Ak\u0131ll\u0131 kontrol sistemi, 32 bit CORTEX-M3 \u00e7ekirdek i\u015flemci kullanarak, 72M'ye kadar \u00e7al\u0131\u015fma h\u0131z\u0131. Y\u00fczlerce parametre ayar\u0131n\u0131 saklayabilir.<br \/>\n7.\u00a0 Multiple processing modes are suitable for electronic wire, silicone wire, PTFE wire, glass fiber cotton, isolation wire, etc., complete material processing at one time, fully automatic cutting, half stripping, full stripping, and multi-section stripping processing can be completed at one time.<\/p>\n<h2>Wire cut strip and wire end twist machine<\/h2>\n<div class=\"video-shortcode\"><iframe title=\"SU-A41 tam otomatik elektrikli s\u0131y\u0131r\u0131c\u0131 farkl\u0131 model elektronik tel kesme \u015ferit makinesi\" width=\"1210\" height=\"681\" src=\"https:\/\/www.youtube.com\/embed\/K4FnsOiNWkE?feature=oembed\" frameborder=\"0\" allow=\"accelerometer; autoplay; clipboard-write; encrypted-media; gyroscope; picture-in-picture\" allowfullscreen><\/iframe><\/div>\n<\/div><\/div><\/div><\/div><\/div>","protected":false},"excerpt":{"rendered":"<p><strong>Model: SU-T41<\/strong><\/p>\n<p>SU-T41 is designed for small wire\u00a0 0.1 &#8211; 4.5mm2 fully automatic cutting &amp; stripping &amp; twisting.<\/p>","protected":false},"featured_media":3573,"template":"","meta":[],"product_brand":[],"product_cat":[171],"product_tag":[346,336,227],"class_list":{"0":"post-3571","1":"product","2":"type-product","3":"status-publish","4":"has-post-thumbnail","6":"product_cat-cut-and-strip","7":"product_tag-one-core-small-wire-processing-machine","8":"product_tag-one-core-small-wire-cutting-and-stripping-machine","9":"product_tag-wire-stripping-machine","11":"first","12":"instock","13":"shipping-taxable","14":"purchasable","15":"product-type-simple"},"yoast_head":"<!-- This site is optimized with the Yoast SEO plugin v26.9 - https:\/\/yoast.com\/product\/yoast-seo-wordpress\/ -->\n<title>SU-T41 Automatic one wire cutting stripping twisting machine - WIREPRO Automation Technology<\/title>\n<meta name=\"description\" content=\"SU-T41 is designed for small wire\u00a0 0.1 - 4.5mm2 fully automatic cutting &amp; stripping &amp; twisting.\u00a0From WIREPRO Automation.\" \/>\n<meta name=\"robots\" content=\"index, follow, max-snippet:-1, max-image-preview:large, max-video-preview:-1\" \/>\n<link rel=\"canonical\" href=\"https:\/\/www.wireproauto.com\/tr\/urun\/automatic-one-wire-cutting-stripping-twisting-machine\/\" \/>\n<meta property=\"og:locale\" content=\"tr_TR\" \/>\n<meta property=\"og:type\" content=\"article\" \/>\n<meta property=\"og:title\" content=\"SU-T41 Automatic one wire cutting stripping twisting machine - WIREPRO Automation Technology\" \/>\n<meta property=\"og:description\" content=\"SU-T41 is designed for small wire\u00a0 0.1 - 4.5mm2 fully automatic cutting &amp; stripping &amp; twisting.\u00a0From WIREPRO Automation.\" \/>\n<meta property=\"og:url\" content=\"https:\/\/www.wireproauto.com\/tr\/urun\/automatic-one-wire-cutting-stripping-twisting-machine\/\" \/>\n<meta property=\"og:site_name\" content=\"WIREPRO Automation Technology\" \/>\n<meta property=\"article:modified_time\" content=\"2026-03-11T09:00:50+00:00\" \/>\n<meta property=\"og:image\" content=\"https:\/\/www.wireproauto.com\/wp-content\/uploads\/2021\/03\/SU-T41.jpg\" \/>\n\t<meta property=\"og:image:width\" content=\"800\" \/>\n\t<meta property=\"og:image:height\" content=\"800\" \/>\n\t<meta property=\"og:image:type\" content=\"image\/jpeg\" \/>\n<meta name=\"twitter:card\" content=\"summary_large_image\" \/>\n<meta name=\"twitter:label1\" content=\"Tahmini okuma s\u00fcresi\" \/>\n\t<meta name=\"twitter:data1\" content=\"2 dakika\" \/>\n<script type=\"application\/ld+json\" class=\"yoast-schema-graph\">{\"@context\":\"https:\/\/schema.org\",\"@graph\":[{\"@type\":\"WebPage\",\"@id\":\"https:\/\/www.wireproauto.com\/product\/automatic-one-wire-cutting-stripping-twisting-machine\/\",\"url\":\"https:\/\/www.wireproauto.com\/product\/automatic-one-wire-cutting-stripping-twisting-machine\/\",\"name\":\"SU-T41 Automatic one wire cutting stripping twisting machine - WIREPRO Automation Technology\",\"isPartOf\":{\"@id\":\"https:\/\/www.wireproauto.com\/#website\"},\"primaryImageOfPage\":{\"@id\":\"https:\/\/www.wireproauto.com\/product\/automatic-one-wire-cutting-stripping-twisting-machine\/#primaryimage\"},\"image\":{\"@id\":\"https:\/\/www.wireproauto.com\/product\/automatic-one-wire-cutting-stripping-twisting-machine\/#primaryimage\"},\"thumbnailUrl\":\"https:\/\/www.wireproauto.com\/wp-content\/uploads\/2021\/03\/SU-T41.jpg\",\"datePublished\":\"2021-03-01T09:02:53+00:00\",\"dateModified\":\"2026-03-11T09:00:50+00:00\",\"description\":\"SU-T41 is designed for small wire\u00a0 0.1 - 4.5mm2 fully automatic cutting & stripping & twisting.\u00a0From WIREPRO Automation.\",\"breadcrumb\":{\"@id\":\"https:\/\/www.wireproauto.com\/product\/automatic-one-wire-cutting-stripping-twisting-machine\/#breadcrumb\"},\"inLanguage\":\"tr\",\"potentialAction\":[{\"@type\":\"ReadAction\",\"target\":[\"https:\/\/www.wireproauto.com\/product\/automatic-one-wire-cutting-stripping-twisting-machine\/\"]}]},{\"@type\":\"ImageObject\",\"inLanguage\":\"tr\",\"@id\":\"https:\/\/www.wireproauto.com\/product\/automatic-one-wire-cutting-stripping-twisting-machine\/#primaryimage\",\"url\":\"https:\/\/www.wireproauto.com\/wp-content\/uploads\/2021\/03\/SU-T41.jpg\",\"contentUrl\":\"https:\/\/www.wireproauto.com\/wp-content\/uploads\/2021\/03\/SU-T41.jpg\",\"width\":800,\"height\":800,\"caption\":\"SU-T41 Automatic one wire cutting stripping twisting machine\"},{\"@type\":\"BreadcrumbList\",\"@id\":\"https:\/\/www.wireproauto.com\/product\/automatic-one-wire-cutting-stripping-twisting-machine\/#breadcrumb\",\"itemListElement\":[{\"@type\":\"ListItem\",\"position\":1,\"name\":\"HOME\",\"item\":\"https:\/\/www.wireproauto.com\/\"},{\"@type\":\"ListItem\",\"position\":2,\"name\":\"PRODUCTS\",\"item\":\"https:\/\/www.wireproauto.com\/professional-wire-processing-machines\/\"},{\"@type\":\"ListItem\",\"position\":3,\"name\":\"SU-T41 Automatic one wire cutting stripping twisting machine\"}]},{\"@type\":\"WebSite\",\"@id\":\"https:\/\/www.wireproauto.com\/#website\",\"url\":\"https:\/\/www.wireproauto.com\/\",\"name\":\"WIREPRO Automation Technology\",\"description\":\"Wire Processing Machines and Harness Assembly Equipment, Total Solution\",\"potentialAction\":[{\"@type\":\"SearchAction\",\"target\":{\"@type\":\"EntryPoint\",\"urlTemplate\":\"https:\/\/www.wireproauto.com\/?s={search_term_string}\"},\"query-input\":{\"@type\":\"PropertyValueSpecification\",\"valueRequired\":true,\"valueName\":\"search_term_string\"}}],\"inLanguage\":\"tr\"}]}<\/script>\n<!-- \/ Yoast SEO plugin. -->","yoast_head_json":{"title":"SU-T41 Automatic one wire cutting stripping twisting machine - WIREPRO Automation Technology","description":"SU-T41 is designed for small wire\u00a0 0.1 - 4.5mm2 fully automatic cutting & stripping & twisting.\u00a0From WIREPRO Automation.","robots":{"index":"index","follow":"follow","max-snippet":"max-snippet:-1","max-image-preview":"max-image-preview:large","max-video-preview":"max-video-preview:-1"},"canonical":"https:\/\/www.wireproauto.com\/tr\/urun\/automatic-one-wire-cutting-stripping-twisting-machine\/","og_locale":"tr_TR","og_type":"article","og_title":"SU-T41 Automatic one wire cutting stripping twisting machine - WIREPRO Automation Technology","og_description":"SU-T41 is designed for small wire\u00a0 0.1 - 4.5mm2 fully automatic cutting & stripping & twisting.\u00a0From WIREPRO Automation.","og_url":"https:\/\/www.wireproauto.com\/tr\/urun\/automatic-one-wire-cutting-stripping-twisting-machine\/","og_site_name":"WIREPRO Automation Technology","article_modified_time":"2026-03-11T09:00:50+00:00","og_image":[{"width":800,"height":800,"url":"https:\/\/www.wireproauto.com\/wp-content\/uploads\/2021\/03\/SU-T41.jpg","type":"image\/jpeg"}],"twitter_card":"summary_large_image","twitter_misc":{"Tahmini okuma s\u00fcresi":"2 dakika"},"schema":{"@context":"https:\/\/schema.org","@graph":[{"@type":"WebPage","@id":"https:\/\/www.wireproauto.com\/product\/automatic-one-wire-cutting-stripping-twisting-machine\/","url":"https:\/\/www.wireproauto.com\/product\/automatic-one-wire-cutting-stripping-twisting-machine\/","name":"SU-T41 Automatic one wire cutting stripping twisting machine - WIREPRO Automation Technology","isPartOf":{"@id":"https:\/\/www.wireproauto.com\/#website"},"primaryImageOfPage":{"@id":"https:\/\/www.wireproauto.com\/product\/automatic-one-wire-cutting-stripping-twisting-machine\/#primaryimage"},"image":{"@id":"https:\/\/www.wireproauto.com\/product\/automatic-one-wire-cutting-stripping-twisting-machine\/#primaryimage"},"thumbnailUrl":"https:\/\/www.wireproauto.com\/wp-content\/uploads\/2021\/03\/SU-T41.jpg","datePublished":"2021-03-01T09:02:53+00:00","dateModified":"2026-03-11T09:00:50+00:00","description":"SU-T41 is designed for small wire\u00a0 0.1 - 4.5mm2 fully automatic cutting & stripping & twisting.\u00a0From WIREPRO Automation.","breadcrumb":{"@id":"https:\/\/www.wireproauto.com\/product\/automatic-one-wire-cutting-stripping-twisting-machine\/#breadcrumb"},"inLanguage":"tr","potentialAction":[{"@type":"ReadAction","target":["https:\/\/www.wireproauto.com\/product\/automatic-one-wire-cutting-stripping-twisting-machine\/"]}]},{"@type":"ImageObject","inLanguage":"tr","@id":"https:\/\/www.wireproauto.com\/product\/automatic-one-wire-cutting-stripping-twisting-machine\/#primaryimage","url":"https:\/\/www.wireproauto.com\/wp-content\/uploads\/2021\/03\/SU-T41.jpg","contentUrl":"https:\/\/www.wireproauto.com\/wp-content\/uploads\/2021\/03\/SU-T41.jpg","width":800,"height":800,"caption":"SU-T41 Automatic one wire cutting stripping twisting machine"},{"@type":"BreadcrumbList","@id":"https:\/\/www.wireproauto.com\/product\/automatic-one-wire-cutting-stripping-twisting-machine\/#breadcrumb","itemListElement":[{"@type":"ListItem","position":1,"name":"HOME","item":"https:\/\/www.wireproauto.com\/"},{"@type":"ListItem","position":2,"name":"PRODUCTS","item":"https:\/\/www.wireproauto.com\/professional-wire-processing-machines\/"},{"@type":"ListItem","position":3,"name":"SU-T41 Automatic one wire cutting stripping twisting machine"}]},{"@type":"WebSite","@id":"https:\/\/www.wireproauto.com\/#website","url":"https:\/\/www.wireproauto.com\/","name":"WIREPRO Automation Technology","description":"Wire Processing Machines and Harness Assembly Equipment, Total Solution","potentialAction":[{"@type":"SearchAction","target":{"@type":"EntryPoint","urlTemplate":"https:\/\/www.wireproauto.com\/?s={search_term_string}"},"query-input":{"@type":"PropertyValueSpecification","valueRequired":true,"valueName":"search_term_string"}}],"inLanguage":"tr"}]}},"_links":{"self":[{"href":"https:\/\/www.wireproauto.com\/tr\/wp-json\/wp\/v2\/product\/3571","targetHints":{"allow":["GET"]}}],"collection":[{"href":"https:\/\/www.wireproauto.com\/tr\/wp-json\/wp\/v2\/product"}],"about":[{"href":"https:\/\/www.wireproauto.com\/tr\/wp-json\/wp\/v2\/types\/product"}],"wp:featuredmedia":[{"embeddable":true,"href":"https:\/\/www.wireproauto.com\/tr\/wp-json\/wp\/v2\/media\/3573"}],"wp:attachment":[{"href":"https:\/\/www.wireproauto.com\/tr\/wp-json\/wp\/v2\/media?parent=3571"}],"wp:term":[{"taxonomy":"product_brand","embeddable":true,"href":"https:\/\/www.wireproauto.com\/tr\/wp-json\/wp\/v2\/product_brand?post=3571"},{"taxonomy":"product_cat","embeddable":true,"href":"https:\/\/www.wireproauto.com\/tr\/wp-json\/wp\/v2\/product_cat?post=3571"},{"taxonomy":"product_tag","embeddable":true,"href":"https:\/\/www.wireproauto.com\/tr\/wp-json\/wp\/v2\/product_tag?post=3571"}],"curies":[{"name":"wp","href":"https:\/\/api.w.org\/{rel}","templated":true}]}}