{"id":6169,"date":"2022-06-22T16:03:50","date_gmt":"2022-06-22T08:03:50","guid":{"rendered":"https:\/\/www.wireproauto.com\/?post_type=product&#038;p=6169"},"modified":"2022-08-30T10:51:37","modified_gmt":"2022-08-30T02:51:37","slug":"automatic-harness-tube-spot-tape-wrapping-machine","status":"publish","type":"product","link":"https:\/\/www.wireproauto.com\/es\/producto\/automatic-harness-tube-spot-tape-wrapping-machine\/","title":{"rendered":"HW-SC03 M\u00e1quina envolvedora autom\u00e1tica de cinta de puntos para tubos de arn\u00e9s"},"content":{"rendered":"<div class=\"fusion-fullwidth fullwidth-box fusion-builder-row-1 fusion-flex-container nonhundred-percent-fullwidth non-hundred-percent-height-scrolling\" style=\"--awb-border-radius-top-left:0px;--awb-border-radius-top-right:0px;--awb-border-radius-bottom-right:0px;--awb-border-radius-bottom-left:0px;--awb-flex-wrap:wrap;\" ><div class=\"fusion-builder-row fusion-row fusion-flex-align-items-flex-start fusion-flex-content-wrap\" style=\"max-width:1258.4px;margin-left: calc(-4% \/ 2 );margin-right: calc(-4% \/ 2 );\"><div class=\"fusion-layout-column fusion_builder_column fusion-builder-column-0 fusion_builder_column_1_1 1_1 fusion-flex-column\" style=\"--awb-bg-size:cover;--awb-width-large:100%;--awb-margin-top-large:0px;--awb-spacing-right-large:1.92%;--awb-margin-bottom-large:0px;--awb-spacing-left-large:1.92%;--awb-width-medium:100%;--awb-spacing-right-medium:1.92%;--awb-spacing-left-medium:1.92%;--awb-width-small:100%;--awb-spacing-right-small:1.92%;--awb-spacing-left-small:1.92%;\"><div class=\"fusion-column-wrapper fusion-flex-justify-content-flex-start fusion-content-layout-column\"><div class=\"fusion-text fusion-text-1\"><p>The HW-SC03 is an upgraded model from HW-SC02, for harness spot taping. The main upgrade is that the machine can control the position of the spot wrapping. By setting the tape spot wrapping distance and harness will automatically move, the operator only needs to put the wire on the machine and determine the position of the first spot. It is very suitable for the same harness, which requires multiple points for spot wrapping.<br \/>\nIt can work with different types of material tapes and different shapes of materials.<\/p>\n<h2>Features:<\/h2>\n<p>1. Can be applied to the winding of materials in different shapes and diameters<br \/>\n2. Fully automatic cut the tape when finished wrapping<br \/>\n3. Automatic move of the harness to achieve different spot taping, reduce operator workload and avoid human error<br \/>\n4. PLC control system, the tape overlapping rate tolerance is small, machine work is stable and high efficiency<br \/>\n5. Tape length and winding number adjustment is convenient and accurate\uff0c touch screen, easy to operate<\/p>\n<div class=\"video-shortcode\"><iframe title=\"HW-SC03 M\u00e1quina envolvedora autom\u00e1tica de cinta de puntos para tubos de arn\u00e9s\" width=\"1210\" height=\"681\" src=\"https:\/\/www.youtube.com\/embed\/Bu50HYD0OoQ?feature=oembed\" frameborder=\"0\" allow=\"accelerometer; autoplay; clipboard-write; encrypted-media; gyroscope; picture-in-picture\" allowfullscreen><\/iframe><\/div>\n<\/div><\/div><\/div><\/div><\/div>","protected":false},"excerpt":{"rendered":"<p><strong>Mode: HW-SC03<\/strong><\/p>\n<p>The HW-SC03 is custom spot taping machine. It can work with different shape wires or tubes.<\/p>","protected":false},"featured_media":6183,"template":"","meta":[],"product_brand":[],"product_cat":[179],"product_tag":[223],"class_list":{"0":"post-6169","1":"product","2":"type-product","3":"status-publish","4":"has-post-thumbnail","6":"product_cat-harness-taping-labeling","7":"product_tag-harness-taping-machine","9":"first","10":"instock","11":"shipping-taxable","12":"purchasable","13":"product-type-simple"},"yoast_head":"<!-- This site is optimized with the Yoast SEO plugin v26.9 - https:\/\/yoast.com\/product\/yoast-seo-wordpress\/ -->\n<title>HW-SC03 Automatic harness tube spot tape wrapping machine - WIREPRO Automation Technology<\/title>\n<meta name=\"description\" content=\"WIRERPRO Automation supply different harness taping machine, custom harness taping machine, tape wrapping machine\" \/>\n<meta name=\"robots\" content=\"index, follow, max-snippet:-1, max-image-preview:large, max-video-preview:-1\" \/>\n<link rel=\"canonical\" href=\"https:\/\/www.wireproauto.com\/es\/producto\/automatic-harness-tube-spot-tape-wrapping-machine\/\" \/>\n<meta property=\"og:locale\" content=\"es_ES\" \/>\n<meta property=\"og:type\" content=\"article\" \/>\n<meta property=\"og:title\" content=\"HW-SC03 Automatic harness tube spot tape wrapping machine - WIREPRO Automation Technology\" \/>\n<meta property=\"og:description\" content=\"WIRERPRO Automation supply different harness taping machine, custom harness taping machine, tape wrapping machine\" \/>\n<meta property=\"og:url\" content=\"https:\/\/www.wireproauto.com\/es\/producto\/automatic-harness-tube-spot-tape-wrapping-machine\/\" \/>\n<meta property=\"og:site_name\" content=\"WIREPRO Automation Technology\" \/>\n<meta property=\"article:modified_time\" content=\"2022-08-30T02:51:37+00:00\" \/>\n<meta property=\"og:image\" content=\"https:\/\/www.wireproauto.com\/wp-content\/uploads\/2022\/06\/HW-SC03-Automatic-spot-harness-tube-taping-machine-1.jpg\" \/>\n\t<meta property=\"og:image:width\" content=\"800\" \/>\n\t<meta property=\"og:image:height\" content=\"800\" \/>\n\t<meta property=\"og:image:type\" content=\"image\/jpeg\" \/>\n<meta name=\"twitter:card\" content=\"summary_large_image\" \/>\n<meta name=\"twitter:label1\" content=\"Tiempo de lectura\" \/>\n\t<meta name=\"twitter:data1\" content=\"1 minuto\" \/>\n<script type=\"application\/ld+json\" class=\"yoast-schema-graph\">{\"@context\":\"https:\/\/schema.org\",\"@graph\":[{\"@type\":\"WebPage\",\"@id\":\"https:\/\/www.wireproauto.com\/product\/automatic-harness-tube-spot-tape-wrapping-machine\/\",\"url\":\"https:\/\/www.wireproauto.com\/product\/automatic-harness-tube-spot-tape-wrapping-machine\/\",\"name\":\"HW-SC03 Automatic harness tube spot tape wrapping machine - WIREPRO Automation Technology\",\"isPartOf\":{\"@id\":\"https:\/\/www.wireproauto.com\/#website\"},\"primaryImageOfPage\":{\"@id\":\"https:\/\/www.wireproauto.com\/product\/automatic-harness-tube-spot-tape-wrapping-machine\/#primaryimage\"},\"image\":{\"@id\":\"https:\/\/www.wireproauto.com\/product\/automatic-harness-tube-spot-tape-wrapping-machine\/#primaryimage\"},\"thumbnailUrl\":\"https:\/\/www.wireproauto.com\/wp-content\/uploads\/2022\/06\/HW-SC03-Automatic-spot-harness-tube-taping-machine-1.jpg\",\"datePublished\":\"2022-06-22T08:03:50+00:00\",\"dateModified\":\"2022-08-30T02:51:37+00:00\",\"description\":\"WIRERPRO Automation supply different harness taping machine, custom harness taping machine, tape wrapping machine\",\"breadcrumb\":{\"@id\":\"https:\/\/www.wireproauto.com\/product\/automatic-harness-tube-spot-tape-wrapping-machine\/#breadcrumb\"},\"inLanguage\":\"es\",\"potentialAction\":[{\"@type\":\"ReadAction\",\"target\":[\"https:\/\/www.wireproauto.com\/product\/automatic-harness-tube-spot-tape-wrapping-machine\/\"]}]},{\"@type\":\"ImageObject\",\"inLanguage\":\"es\",\"@id\":\"https:\/\/www.wireproauto.com\/product\/automatic-harness-tube-spot-tape-wrapping-machine\/#primaryimage\",\"url\":\"https:\/\/www.wireproauto.com\/wp-content\/uploads\/2022\/06\/HW-SC03-Automatic-spot-harness-tube-taping-machine-1.jpg\",\"contentUrl\":\"https:\/\/www.wireproauto.com\/wp-content\/uploads\/2022\/06\/HW-SC03-Automatic-spot-harness-tube-taping-machine-1.jpg\",\"width\":800,\"height\":800},{\"@type\":\"BreadcrumbList\",\"@id\":\"https:\/\/www.wireproauto.com\/product\/automatic-harness-tube-spot-tape-wrapping-machine\/#breadcrumb\",\"itemListElement\":[{\"@type\":\"ListItem\",\"position\":1,\"name\":\"HOME\",\"item\":\"https:\/\/www.wireproauto.com\/\"},{\"@type\":\"ListItem\",\"position\":2,\"name\":\"PRODUCTS\",\"item\":\"https:\/\/www.wireproauto.com\/professional-wire-processing-machines\/\"},{\"@type\":\"ListItem\",\"position\":3,\"name\":\"HW-SC03 Automatic harness tube spot tape wrapping machine\"}]},{\"@type\":\"WebSite\",\"@id\":\"https:\/\/www.wireproauto.com\/#website\",\"url\":\"https:\/\/www.wireproauto.com\/\",\"name\":\"WIREPRO Automation Technology\",\"description\":\"Wire Processing Machines and Harness Assembly Equipment, Total Solution\",\"potentialAction\":[{\"@type\":\"SearchAction\",\"target\":{\"@type\":\"EntryPoint\",\"urlTemplate\":\"https:\/\/www.wireproauto.com\/?s={search_term_string}\"},\"query-input\":{\"@type\":\"PropertyValueSpecification\",\"valueRequired\":true,\"valueName\":\"search_term_string\"}}],\"inLanguage\":\"es\"}]}<\/script>\n<!-- \/ Yoast SEO plugin. -->","yoast_head_json":{"title":"HW-SC03 Automatic harness tube spot tape wrapping machine - WIREPRO Automation Technology","description":"WIRERPRO Automation supply different harness taping machine, custom harness taping machine, tape wrapping machine","robots":{"index":"index","follow":"follow","max-snippet":"max-snippet:-1","max-image-preview":"max-image-preview:large","max-video-preview":"max-video-preview:-1"},"canonical":"https:\/\/www.wireproauto.com\/es\/producto\/automatic-harness-tube-spot-tape-wrapping-machine\/","og_locale":"es_ES","og_type":"article","og_title":"HW-SC03 Automatic harness tube spot tape wrapping machine - WIREPRO Automation Technology","og_description":"WIRERPRO Automation supply different harness taping machine, custom harness taping machine, tape wrapping machine","og_url":"https:\/\/www.wireproauto.com\/es\/producto\/automatic-harness-tube-spot-tape-wrapping-machine\/","og_site_name":"WIREPRO Automation Technology","article_modified_time":"2022-08-30T02:51:37+00:00","og_image":[{"width":800,"height":800,"url":"https:\/\/www.wireproauto.com\/wp-content\/uploads\/2022\/06\/HW-SC03-Automatic-spot-harness-tube-taping-machine-1.jpg","type":"image\/jpeg"}],"twitter_card":"summary_large_image","twitter_misc":{"Tiempo de lectura":"1 minuto"},"schema":{"@context":"https:\/\/schema.org","@graph":[{"@type":"WebPage","@id":"https:\/\/www.wireproauto.com\/product\/automatic-harness-tube-spot-tape-wrapping-machine\/","url":"https:\/\/www.wireproauto.com\/product\/automatic-harness-tube-spot-tape-wrapping-machine\/","name":"HW-SC03 Automatic harness tube spot tape wrapping machine - WIREPRO Automation Technology","isPartOf":{"@id":"https:\/\/www.wireproauto.com\/#website"},"primaryImageOfPage":{"@id":"https:\/\/www.wireproauto.com\/product\/automatic-harness-tube-spot-tape-wrapping-machine\/#primaryimage"},"image":{"@id":"https:\/\/www.wireproauto.com\/product\/automatic-harness-tube-spot-tape-wrapping-machine\/#primaryimage"},"thumbnailUrl":"https:\/\/www.wireproauto.com\/wp-content\/uploads\/2022\/06\/HW-SC03-Automatic-spot-harness-tube-taping-machine-1.jpg","datePublished":"2022-06-22T08:03:50+00:00","dateModified":"2022-08-30T02:51:37+00:00","description":"WIRERPRO Automation supply different harness taping machine, custom harness taping machine, tape wrapping machine","breadcrumb":{"@id":"https:\/\/www.wireproauto.com\/product\/automatic-harness-tube-spot-tape-wrapping-machine\/#breadcrumb"},"inLanguage":"es","potentialAction":[{"@type":"ReadAction","target":["https:\/\/www.wireproauto.com\/product\/automatic-harness-tube-spot-tape-wrapping-machine\/"]}]},{"@type":"ImageObject","inLanguage":"es","@id":"https:\/\/www.wireproauto.com\/product\/automatic-harness-tube-spot-tape-wrapping-machine\/#primaryimage","url":"https:\/\/www.wireproauto.com\/wp-content\/uploads\/2022\/06\/HW-SC03-Automatic-spot-harness-tube-taping-machine-1.jpg","contentUrl":"https:\/\/www.wireproauto.com\/wp-content\/uploads\/2022\/06\/HW-SC03-Automatic-spot-harness-tube-taping-machine-1.jpg","width":800,"height":800},{"@type":"BreadcrumbList","@id":"https:\/\/www.wireproauto.com\/product\/automatic-harness-tube-spot-tape-wrapping-machine\/#breadcrumb","itemListElement":[{"@type":"ListItem","position":1,"name":"HOME","item":"https:\/\/www.wireproauto.com\/"},{"@type":"ListItem","position":2,"name":"PRODUCTS","item":"https:\/\/www.wireproauto.com\/professional-wire-processing-machines\/"},{"@type":"ListItem","position":3,"name":"HW-SC03 Automatic harness tube spot tape wrapping machine"}]},{"@type":"WebSite","@id":"https:\/\/www.wireproauto.com\/#website","url":"https:\/\/www.wireproauto.com\/","name":"WIREPRO Automation Technology","description":"Wire Processing Machines and Harness Assembly Equipment, Total Solution","potentialAction":[{"@type":"SearchAction","target":{"@type":"EntryPoint","urlTemplate":"https:\/\/www.wireproauto.com\/?s={search_term_string}"},"query-input":{"@type":"PropertyValueSpecification","valueRequired":true,"valueName":"search_term_string"}}],"inLanguage":"es"}]}},"_links":{"self":[{"href":"https:\/\/www.wireproauto.com\/es\/wp-json\/wp\/v2\/product\/6169","targetHints":{"allow":["GET"]}}],"collection":[{"href":"https:\/\/www.wireproauto.com\/es\/wp-json\/wp\/v2\/product"}],"about":[{"href":"https:\/\/www.wireproauto.com\/es\/wp-json\/wp\/v2\/types\/product"}],"wp:featuredmedia":[{"embeddable":true,"href":"https:\/\/www.wireproauto.com\/es\/wp-json\/wp\/v2\/media\/6183"}],"wp:attachment":[{"href":"https:\/\/www.wireproauto.com\/es\/wp-json\/wp\/v2\/media?parent=6169"}],"wp:term":[{"taxonomy":"product_brand","embeddable":true,"href":"https:\/\/www.wireproauto.com\/es\/wp-json\/wp\/v2\/product_brand?post=6169"},{"taxonomy":"product_cat","embeddable":true,"href":"https:\/\/www.wireproauto.com\/es\/wp-json\/wp\/v2\/product_cat?post=6169"},{"taxonomy":"product_tag","embeddable":true,"href":"https:\/\/www.wireproauto.com\/es\/wp-json\/wp\/v2\/product_tag?post=6169"}],"curies":[{"name":"wp","href":"https:\/\/api.w.org\/{rel}","templated":true}]}}