{"id":5670,"date":"2021-12-02T17:18:18","date_gmt":"2021-12-02T09:18:18","guid":{"rendered":"https:\/\/www.wireproauto.com\/?post_type=product&#038;p=5670"},"modified":"2026-01-09T15:48:52","modified_gmt":"2026-01-09T07:48:52","slug":"with-conveyor-big-wire-cable-thermal-shrinking-tube-heating-equipment","status":"publish","type":"product","link":"https:\/\/www.wireproauto.com\/es\/producto\/with-conveyor-big-wire-cable-thermal-shrinking-tube-heating-equipment\/","title":{"rendered":"RD-65BM-2 Con transportador de gran cable de alambre t\u00e9rmico tubo de contracci\u00f3n equipo de calefacci\u00f3n"},"content":{"rendered":"<div class=\"fusion-fullwidth fullwidth-box fusion-builder-row-1 fusion-flex-container nonhundred-percent-fullwidth non-hundred-percent-height-scrolling\" style=\"--awb-border-radius-top-left:0px;--awb-border-radius-top-right:0px;--awb-border-radius-bottom-right:0px;--awb-border-radius-bottom-left:0px;--awb-flex-wrap:wrap;\" ><div class=\"fusion-builder-row fusion-row fusion-flex-align-items-flex-start fusion-flex-content-wrap\" style=\"max-width:1258.4px;margin-left: calc(-4% \/ 2 );margin-right: calc(-4% \/ 2 );\"><div class=\"fusion-layout-column fusion_builder_column fusion-builder-column-0 fusion_builder_column_1_1 1_1 fusion-flex-column\" style=\"--awb-bg-size:cover;--awb-width-large:100%;--awb-margin-top-large:0px;--awb-spacing-right-large:1.92%;--awb-margin-bottom-large:0px;--awb-spacing-left-large:1.92%;--awb-width-medium:100%;--awb-spacing-right-medium:1.92%;--awb-spacing-left-medium:1.92%;--awb-width-small:100%;--awb-spacing-right-small:1.92%;--awb-spacing-left-small:1.92%;\"><div class=\"fusion-column-wrapper fusion-flex-justify-content-flex-start fusion-content-layout-column\"><div class=\"fusion-text fusion-text-1\"><p>RD-65BM-2 is the RD-65BM with auxiliary conveyor belt wire cable thermal shrinking tube heating equipment. The conveyor belt moves synchronously with the host machine, suitable for the entire wire harness is very long situation.<\/p>\n<p>The auxiliary conveyor has two types, width 400mm and width 650mm.<\/p>\n<p>A heat-shrinkable tube heating machine supports local heating and does not damage the wire. Double-sided heating makes the heat-shrinkable tube uniformly heated, heating temperature, conveying speed, adjustment, heating temperature controllable, heating The zone width is adjustable, suitable for any length of the heat-shrinkable tube. <strong>Equipment composition:<\/strong> heating machine + control system+\u00a0 auxiliary conveyor<\/p>\n<h2>Features:<\/h2>\n<p>1. Double-sided heating temperature is controllable, heating evenly, suitable for processing large diameter or thick wall heat shrinkable tubes.<br \/>\n2. The width of the heating zone is adjustable, and the width of the heating zone can be adjusted by the user according to the size of the heat-shrinkable tube, which saves energy and does not damage the thread.<br \/>\n3. Heat insulation design of heating zone, double design of heating zone shell is filled with thermal insulation material to isolate the internal and external temperature, which saves energy and protects the working environment.<br \/>\n4. This machine has a digital electronic thermostat, which can control the temperature of the heating tube to ensure temperature balance.<br \/>\nIt can be operated continuously for 24 hours to ensure work efficiency.<\/p>\n<div class=\"video-shortcode\"><iframe title=\"RD-65BM M\u00e1quina de calentamiento de tubos termorretr\u00e1ctiles de doble cara de cinta transportadora\" width=\"1210\" height=\"681\" src=\"https:\/\/www.youtube.com\/embed\/sBr1J7HdwGo?feature=oembed\" frameborder=\"0\" allow=\"accelerometer; autoplay; clipboard-write; encrypted-media; gyroscope; picture-in-picture\" allowfullscreen><\/iframe><\/div>\n<\/div><\/div><\/div><\/div><\/div>","protected":false},"excerpt":{"rendered":"<p><strong><span style=\"color: #000000;\">Model: RD-65BM-2<\/span><\/strong><\/p>\n<p>Double-sided heating makes the heat-shrinkable tube uniformly heated, heating temperature, conveying speed, adjustment, heating temperature controllable, heating The zone width is adjustable, suitable for any length of the heat-shrinkable tube.<\/p>","protected":false},"featured_media":5539,"template":"","meta":[],"product_brand":[],"product_cat":[174],"product_tag":[236],"class_list":{"0":"post-5670","1":"product","2":"type-product","3":"status-publish","4":"has-post-thumbnail","6":"product_cat-shrinkable-tube-heater","7":"product_tag-heat-shrinkable-tube-processing-machine","9":"first","10":"instock","11":"shipping-taxable","12":"purchasable","13":"product-type-simple"},"yoast_head":"<!-- This site is optimized with the Yoast SEO plugin v26.9 - https:\/\/yoast.com\/product\/yoast-seo-wordpress\/ -->\n<title>RD-65BM-2 With conveyor big wire cable thermal shrinking tube heating equipment - WIREPRO Automation Technology<\/title>\n<meta name=\"description\" content=\"shrinkable tubing heating gun, heat gun for heat shrink tubing, heat shrinking tubes heater gun, heat shrink guns, heating heat shrink tubing gun.\" \/>\n<meta name=\"robots\" content=\"index, follow, max-snippet:-1, max-image-preview:large, max-video-preview:-1\" \/>\n<link rel=\"canonical\" href=\"https:\/\/www.wireproauto.com\/es\/producto\/with-conveyor-big-wire-cable-thermal-shrinking-tube-heating-equipment\/\" \/>\n<meta property=\"og:locale\" content=\"es_ES\" \/>\n<meta property=\"og:type\" content=\"article\" \/>\n<meta property=\"og:title\" content=\"RD-65BM-2 With conveyor big wire cable thermal shrinking tube heating equipment - WIREPRO Automation Technology\" \/>\n<meta property=\"og:description\" content=\"shrinkable tubing heating gun, heat gun for heat shrink tubing, heat shrinking tubes heater gun, heat shrink guns, heating heat shrink tubing gun.\" \/>\n<meta property=\"og:url\" content=\"https:\/\/www.wireproauto.com\/es\/producto\/with-conveyor-big-wire-cable-thermal-shrinking-tube-heating-equipment\/\" \/>\n<meta property=\"og:site_name\" content=\"WIREPRO Automation Technology\" \/>\n<meta property=\"article:modified_time\" content=\"2026-01-09T07:48:52+00:00\" \/>\n<meta property=\"og:image\" content=\"https:\/\/www.wireproauto.com\/wp-content\/uploads\/2021\/10\/Heat-shrinkable-tube-heating-machine-RD-65B-6.jpg\" \/>\n\t<meta property=\"og:image:width\" content=\"800\" \/>\n\t<meta property=\"og:image:height\" content=\"800\" \/>\n\t<meta property=\"og:image:type\" content=\"image\/jpeg\" \/>\n<meta name=\"twitter:card\" content=\"summary_large_image\" \/>\n<meta name=\"twitter:label1\" content=\"Tiempo de lectura\" \/>\n\t<meta name=\"twitter:data1\" content=\"2 minutos\" \/>\n<script type=\"application\/ld+json\" class=\"yoast-schema-graph\">{\"@context\":\"https:\/\/schema.org\",\"@graph\":[{\"@type\":\"WebPage\",\"@id\":\"https:\/\/www.wireproauto.com\/product\/with-conveyor-big-wire-cable-thermal-shrinking-tube-heating-equipment\/\",\"url\":\"https:\/\/www.wireproauto.com\/product\/with-conveyor-big-wire-cable-thermal-shrinking-tube-heating-equipment\/\",\"name\":\"RD-65BM-2 With conveyor big wire cable thermal shrinking tube heating equipment - WIREPRO Automation Technology\",\"isPartOf\":{\"@id\":\"https:\/\/www.wireproauto.com\/#website\"},\"primaryImageOfPage\":{\"@id\":\"https:\/\/www.wireproauto.com\/product\/with-conveyor-big-wire-cable-thermal-shrinking-tube-heating-equipment\/#primaryimage\"},\"image\":{\"@id\":\"https:\/\/www.wireproauto.com\/product\/with-conveyor-big-wire-cable-thermal-shrinking-tube-heating-equipment\/#primaryimage\"},\"thumbnailUrl\":\"https:\/\/www.wireproauto.com\/wp-content\/uploads\/2021\/10\/Heat-shrinkable-tube-heating-machine-RD-65B-6.jpg\",\"datePublished\":\"2021-12-02T09:18:18+00:00\",\"dateModified\":\"2026-01-09T07:48:52+00:00\",\"description\":\"shrinkable tubing heating gun, heat gun for heat shrink tubing, heat shrinking tubes heater gun, heat shrink guns, heating heat shrink tubing gun.\",\"breadcrumb\":{\"@id\":\"https:\/\/www.wireproauto.com\/product\/with-conveyor-big-wire-cable-thermal-shrinking-tube-heating-equipment\/#breadcrumb\"},\"inLanguage\":\"es\",\"potentialAction\":[{\"@type\":\"ReadAction\",\"target\":[\"https:\/\/www.wireproauto.com\/product\/with-conveyor-big-wire-cable-thermal-shrinking-tube-heating-equipment\/\"]}]},{\"@type\":\"ImageObject\",\"inLanguage\":\"es\",\"@id\":\"https:\/\/www.wireproauto.com\/product\/with-conveyor-big-wire-cable-thermal-shrinking-tube-heating-equipment\/#primaryimage\",\"url\":\"https:\/\/www.wireproauto.com\/wp-content\/uploads\/2021\/10\/Heat-shrinkable-tube-heating-machine-RD-65B-6.jpg\",\"contentUrl\":\"https:\/\/www.wireproauto.com\/wp-content\/uploads\/2021\/10\/Heat-shrinkable-tube-heating-machine-RD-65B-6.jpg\",\"width\":800,\"height\":800},{\"@type\":\"BreadcrumbList\",\"@id\":\"https:\/\/www.wireproauto.com\/product\/with-conveyor-big-wire-cable-thermal-shrinking-tube-heating-equipment\/#breadcrumb\",\"itemListElement\":[{\"@type\":\"ListItem\",\"position\":1,\"name\":\"HOME\",\"item\":\"https:\/\/www.wireproauto.com\/\"},{\"@type\":\"ListItem\",\"position\":2,\"name\":\"PRODUCTS\",\"item\":\"https:\/\/www.wireproauto.com\/professional-wire-processing-machines\/\"},{\"@type\":\"ListItem\",\"position\":3,\"name\":\"RD-65BM-2 With conveyor big wire cable thermal shrinking tube heating equipment\"}]},{\"@type\":\"WebSite\",\"@id\":\"https:\/\/www.wireproauto.com\/#website\",\"url\":\"https:\/\/www.wireproauto.com\/\",\"name\":\"WIREPRO Automation Technology\",\"description\":\"Wire Processing Machines and Harness Assembly Equipment, Total Solution\",\"potentialAction\":[{\"@type\":\"SearchAction\",\"target\":{\"@type\":\"EntryPoint\",\"urlTemplate\":\"https:\/\/www.wireproauto.com\/?s={search_term_string}\"},\"query-input\":{\"@type\":\"PropertyValueSpecification\",\"valueRequired\":true,\"valueName\":\"search_term_string\"}}],\"inLanguage\":\"es\"}]}<\/script>\n<!-- \/ Yoast SEO plugin. -->","yoast_head_json":{"title":"RD-65BM-2 With conveyor big wire cable thermal shrinking tube heating equipment - WIREPRO Automation Technology","description":"shrinkable tubing heating gun, heat gun for heat shrink tubing, heat shrinking tubes heater gun, heat shrink guns, heating heat shrink tubing gun.","robots":{"index":"index","follow":"follow","max-snippet":"max-snippet:-1","max-image-preview":"max-image-preview:large","max-video-preview":"max-video-preview:-1"},"canonical":"https:\/\/www.wireproauto.com\/es\/producto\/with-conveyor-big-wire-cable-thermal-shrinking-tube-heating-equipment\/","og_locale":"es_ES","og_type":"article","og_title":"RD-65BM-2 With conveyor big wire cable thermal shrinking tube heating equipment - WIREPRO Automation Technology","og_description":"shrinkable tubing heating gun, heat gun for heat shrink tubing, heat shrinking tubes heater gun, heat shrink guns, heating heat shrink tubing gun.","og_url":"https:\/\/www.wireproauto.com\/es\/producto\/with-conveyor-big-wire-cable-thermal-shrinking-tube-heating-equipment\/","og_site_name":"WIREPRO Automation Technology","article_modified_time":"2026-01-09T07:48:52+00:00","og_image":[{"width":800,"height":800,"url":"https:\/\/www.wireproauto.com\/wp-content\/uploads\/2021\/10\/Heat-shrinkable-tube-heating-machine-RD-65B-6.jpg","type":"image\/jpeg"}],"twitter_card":"summary_large_image","twitter_misc":{"Tiempo de lectura":"2 minutos"},"schema":{"@context":"https:\/\/schema.org","@graph":[{"@type":"WebPage","@id":"https:\/\/www.wireproauto.com\/product\/with-conveyor-big-wire-cable-thermal-shrinking-tube-heating-equipment\/","url":"https:\/\/www.wireproauto.com\/product\/with-conveyor-big-wire-cable-thermal-shrinking-tube-heating-equipment\/","name":"RD-65BM-2 With conveyor big wire cable thermal shrinking tube heating equipment - WIREPRO Automation Technology","isPartOf":{"@id":"https:\/\/www.wireproauto.com\/#website"},"primaryImageOfPage":{"@id":"https:\/\/www.wireproauto.com\/product\/with-conveyor-big-wire-cable-thermal-shrinking-tube-heating-equipment\/#primaryimage"},"image":{"@id":"https:\/\/www.wireproauto.com\/product\/with-conveyor-big-wire-cable-thermal-shrinking-tube-heating-equipment\/#primaryimage"},"thumbnailUrl":"https:\/\/www.wireproauto.com\/wp-content\/uploads\/2021\/10\/Heat-shrinkable-tube-heating-machine-RD-65B-6.jpg","datePublished":"2021-12-02T09:18:18+00:00","dateModified":"2026-01-09T07:48:52+00:00","description":"shrinkable tubing heating gun, heat gun for heat shrink tubing, heat shrinking tubes heater gun, heat shrink guns, heating heat shrink tubing gun.","breadcrumb":{"@id":"https:\/\/www.wireproauto.com\/product\/with-conveyor-big-wire-cable-thermal-shrinking-tube-heating-equipment\/#breadcrumb"},"inLanguage":"es","potentialAction":[{"@type":"ReadAction","target":["https:\/\/www.wireproauto.com\/product\/with-conveyor-big-wire-cable-thermal-shrinking-tube-heating-equipment\/"]}]},{"@type":"ImageObject","inLanguage":"es","@id":"https:\/\/www.wireproauto.com\/product\/with-conveyor-big-wire-cable-thermal-shrinking-tube-heating-equipment\/#primaryimage","url":"https:\/\/www.wireproauto.com\/wp-content\/uploads\/2021\/10\/Heat-shrinkable-tube-heating-machine-RD-65B-6.jpg","contentUrl":"https:\/\/www.wireproauto.com\/wp-content\/uploads\/2021\/10\/Heat-shrinkable-tube-heating-machine-RD-65B-6.jpg","width":800,"height":800},{"@type":"BreadcrumbList","@id":"https:\/\/www.wireproauto.com\/product\/with-conveyor-big-wire-cable-thermal-shrinking-tube-heating-equipment\/#breadcrumb","itemListElement":[{"@type":"ListItem","position":1,"name":"HOME","item":"https:\/\/www.wireproauto.com\/"},{"@type":"ListItem","position":2,"name":"PRODUCTS","item":"https:\/\/www.wireproauto.com\/professional-wire-processing-machines\/"},{"@type":"ListItem","position":3,"name":"RD-65BM-2 With conveyor big wire cable thermal shrinking tube heating equipment"}]},{"@type":"WebSite","@id":"https:\/\/www.wireproauto.com\/#website","url":"https:\/\/www.wireproauto.com\/","name":"WIREPRO Automation Technology","description":"Wire Processing Machines and Harness Assembly Equipment, Total Solution","potentialAction":[{"@type":"SearchAction","target":{"@type":"EntryPoint","urlTemplate":"https:\/\/www.wireproauto.com\/?s={search_term_string}"},"query-input":{"@type":"PropertyValueSpecification","valueRequired":true,"valueName":"search_term_string"}}],"inLanguage":"es"}]}},"_links":{"self":[{"href":"https:\/\/www.wireproauto.com\/es\/wp-json\/wp\/v2\/product\/5670","targetHints":{"allow":["GET"]}}],"collection":[{"href":"https:\/\/www.wireproauto.com\/es\/wp-json\/wp\/v2\/product"}],"about":[{"href":"https:\/\/www.wireproauto.com\/es\/wp-json\/wp\/v2\/types\/product"}],"wp:featuredmedia":[{"embeddable":true,"href":"https:\/\/www.wireproauto.com\/es\/wp-json\/wp\/v2\/media\/5539"}],"wp:attachment":[{"href":"https:\/\/www.wireproauto.com\/es\/wp-json\/wp\/v2\/media?parent=5670"}],"wp:term":[{"taxonomy":"product_brand","embeddable":true,"href":"https:\/\/www.wireproauto.com\/es\/wp-json\/wp\/v2\/product_brand?post=5670"},{"taxonomy":"product_cat","embeddable":true,"href":"https:\/\/www.wireproauto.com\/es\/wp-json\/wp\/v2\/product_cat?post=5670"},{"taxonomy":"product_tag","embeddable":true,"href":"https:\/\/www.wireproauto.com\/es\/wp-json\/wp\/v2\/product_tag?post=5670"}],"curies":[{"name":"wp","href":"https:\/\/api.w.org\/{rel}","templated":true}]}}