{"id":5486,"date":"2021-10-21T18:18:45","date_gmt":"2021-10-21T10:18:45","guid":{"rendered":"https:\/\/www.wireproauto.com\/?post_type=product&#038;p=5486"},"modified":"2021-12-07T14:57:37","modified_gmt":"2021-12-07T06:57:37","slug":"for-shrinkable-tubing-heating-small-heat-gun","status":"publish","type":"product","link":"https:\/\/www.wireproauto.com\/es\/producto\/for-shrinkable-tubing-heating-small-heat-gun\/","title":{"rendered":"RG-S25 RG-S32 para cableado mazo de cables tubo termoretr\u00e1ctil calefacci\u00f3n peque\u00f1a pistola de calor"},"content":{"rendered":"<div class=\"fusion-fullwidth fullwidth-box fusion-builder-row-1 fusion-flex-container nonhundred-percent-fullwidth non-hundred-percent-height-scrolling\" style=\"--awb-border-radius-top-left:0px;--awb-border-radius-top-right:0px;--awb-border-radius-bottom-right:0px;--awb-border-radius-bottom-left:0px;--awb-flex-wrap:wrap;\" ><div class=\"fusion-builder-row fusion-row fusion-flex-align-items-flex-start fusion-flex-content-wrap\" style=\"max-width:1258.4px;margin-left: calc(-4% \/ 2 );margin-right: calc(-4% \/ 2 );\"><div class=\"fusion-layout-column fusion_builder_column fusion-builder-column-0 fusion_builder_column_1_1 1_1 fusion-flex-column\" style=\"--awb-bg-size:cover;--awb-width-large:100%;--awb-margin-top-large:0px;--awb-spacing-right-large:1.92%;--awb-margin-bottom-large:0px;--awb-spacing-left-large:1.92%;--awb-width-medium:100%;--awb-spacing-right-medium:1.92%;--awb-spacing-left-medium:1.92%;--awb-width-small:100%;--awb-spacing-right-small:1.92%;--awb-spacing-left-small:1.92%;\"><div class=\"fusion-column-wrapper fusion-flex-justify-content-flex-start fusion-content-layout-column\"><div class=\"fusion-text fusion-text-1\"><p>RG-S25 RG-S32 heat-shrinkable tube heating air gun are suitable for heating shrinkage of heat-shrinkable tubes. Main useed for thermal shrinkage of PVC pipe, PE heat shrinkable tube, PVC heat shrinkable tube, capacitors, batteries, wire terminals, heat-shrinkable sleeves\/membranes, etc.<\/p>\n<p>1. It can be installed on the assembly line.<br \/>\n2. It can adjust the temperature according to the production process requirements and control the temperature accurately.<br \/>\n3. The shrinkage time is short, suitable for any size of the heat-shrinkable tube.<br \/>\n4. It is small in size and light in weight and makes it easy to move.<br \/>\n5. Its thermal efficiency is high, it can work continuously without pausing, is durable and accurate in temperature control. It can work continuously for 24 hours, very durable.<\/p>\n<div class=\"video-shortcode\"><iframe title=\"RG-S25 RG-S32 for shrinkable tubing heating small heat gun\" width=\"1210\" height=\"681\" src=\"https:\/\/www.youtube.com\/embed\/-UCeYpRcZTg?feature=oembed\" frameborder=\"0\" allow=\"accelerometer; autoplay; clipboard-write; encrypted-media; gyroscope; picture-in-picture\" allowfullscreen><\/iframe><\/div>\n<\/div><\/div><\/div><\/div><\/div>","protected":false},"excerpt":{"rendered":"<p><strong><span style=\"color: #000000;\">Model: RG-S25 RG-S32<\/span><\/strong><\/p>\n<p>RG-S25 RG-S32 heat-shrinkable tube heating air gun are suitable for heating shrinkage of heat-shrinkable tubes.<\/p>","protected":false},"featured_media":5490,"template":"","meta":[],"product_brand":[],"product_cat":[174],"product_tag":[236],"class_list":{"0":"post-5486","1":"product","2":"type-product","3":"status-publish","4":"has-post-thumbnail","6":"product_cat-shrinkable-tube-heater","7":"product_tag-heat-shrinkable-tube-processing-machine","9":"first","10":"instock","11":"shipping-taxable","12":"purchasable","13":"product-type-simple"},"yoast_head":"<!-- This site is optimized with the Yoast SEO plugin v26.9 - https:\/\/yoast.com\/product\/yoast-seo-wordpress\/ -->\n<title>RG-S25 RG-S32 for cable wiring harness shrinkable tubing heating small heat gun - WIREPRO Automation Technology<\/title>\n<meta name=\"description\" content=\"shrinkable tubing heating gun, heat gun for heat shrink tubing, heat shrinking tubes heater gun, heat shrink guns, heating heat shrink tubing gun.\" \/>\n<meta name=\"robots\" content=\"index, follow, max-snippet:-1, max-image-preview:large, max-video-preview:-1\" \/>\n<link rel=\"canonical\" href=\"https:\/\/www.wireproauto.com\/es\/producto\/for-shrinkable-tubing-heating-small-heat-gun\/\" \/>\n<meta property=\"og:locale\" content=\"es_ES\" \/>\n<meta property=\"og:type\" content=\"article\" \/>\n<meta property=\"og:title\" content=\"RG-S25 RG-S32 for cable wiring harness shrinkable tubing heating small heat gun - WIREPRO Automation Technology\" \/>\n<meta property=\"og:description\" content=\"shrinkable tubing heating gun, heat gun for heat shrink tubing, heat shrinking tubes heater gun, heat shrink guns, heating heat shrink tubing gun.\" \/>\n<meta property=\"og:url\" content=\"https:\/\/www.wireproauto.com\/es\/producto\/for-shrinkable-tubing-heating-small-heat-gun\/\" \/>\n<meta property=\"og:site_name\" content=\"WIREPRO Automation Technology\" \/>\n<meta property=\"article:modified_time\" content=\"2021-12-07T06:57:37+00:00\" \/>\n<meta property=\"og:image\" content=\"https:\/\/www.wireproauto.com\/wp-content\/uploads\/2021\/10\/Heat-shrinkable-tube-heating-machine-RG-S32-1.png\" \/>\n\t<meta property=\"og:image:width\" content=\"800\" \/>\n\t<meta property=\"og:image:height\" content=\"800\" \/>\n\t<meta property=\"og:image:type\" content=\"image\/png\" \/>\n<meta name=\"twitter:card\" content=\"summary_large_image\" \/>\n<meta name=\"twitter:label1\" content=\"Tiempo de lectura\" \/>\n\t<meta name=\"twitter:data1\" content=\"1 minuto\" \/>\n<script type=\"application\/ld+json\" class=\"yoast-schema-graph\">{\"@context\":\"https:\/\/schema.org\",\"@graph\":[{\"@type\":\"WebPage\",\"@id\":\"https:\/\/www.wireproauto.com\/product\/for-shrinkable-tubing-heating-small-heat-gun\/\",\"url\":\"https:\/\/www.wireproauto.com\/product\/for-shrinkable-tubing-heating-small-heat-gun\/\",\"name\":\"RG-S25 RG-S32 for cable wiring harness shrinkable tubing heating small heat gun - WIREPRO Automation Technology\",\"isPartOf\":{\"@id\":\"https:\/\/www.wireproauto.com\/#website\"},\"primaryImageOfPage\":{\"@id\":\"https:\/\/www.wireproauto.com\/product\/for-shrinkable-tubing-heating-small-heat-gun\/#primaryimage\"},\"image\":{\"@id\":\"https:\/\/www.wireproauto.com\/product\/for-shrinkable-tubing-heating-small-heat-gun\/#primaryimage\"},\"thumbnailUrl\":\"https:\/\/www.wireproauto.com\/wp-content\/uploads\/2021\/10\/Heat-shrinkable-tube-heating-machine-RG-S32-1.png\",\"datePublished\":\"2021-10-21T10:18:45+00:00\",\"dateModified\":\"2021-12-07T06:57:37+00:00\",\"description\":\"shrinkable tubing heating gun, heat gun for heat shrink tubing, heat shrinking tubes heater gun, heat shrink guns, heating heat shrink tubing gun.\",\"breadcrumb\":{\"@id\":\"https:\/\/www.wireproauto.com\/product\/for-shrinkable-tubing-heating-small-heat-gun\/#breadcrumb\"},\"inLanguage\":\"es\",\"potentialAction\":[{\"@type\":\"ReadAction\",\"target\":[\"https:\/\/www.wireproauto.com\/product\/for-shrinkable-tubing-heating-small-heat-gun\/\"]}]},{\"@type\":\"ImageObject\",\"inLanguage\":\"es\",\"@id\":\"https:\/\/www.wireproauto.com\/product\/for-shrinkable-tubing-heating-small-heat-gun\/#primaryimage\",\"url\":\"https:\/\/www.wireproauto.com\/wp-content\/uploads\/2021\/10\/Heat-shrinkable-tube-heating-machine-RG-S32-1.png\",\"contentUrl\":\"https:\/\/www.wireproauto.com\/wp-content\/uploads\/2021\/10\/Heat-shrinkable-tube-heating-machine-RG-S32-1.png\",\"width\":800,\"height\":800},{\"@type\":\"BreadcrumbList\",\"@id\":\"https:\/\/www.wireproauto.com\/product\/for-shrinkable-tubing-heating-small-heat-gun\/#breadcrumb\",\"itemListElement\":[{\"@type\":\"ListItem\",\"position\":1,\"name\":\"HOME\",\"item\":\"https:\/\/www.wireproauto.com\/\"},{\"@type\":\"ListItem\",\"position\":2,\"name\":\"PRODUCTS\",\"item\":\"https:\/\/www.wireproauto.com\/professional-wire-processing-machines\/\"},{\"@type\":\"ListItem\",\"position\":3,\"name\":\"RG-S25 RG-S32 for cable wiring harness shrinkable tubing heating small heat gun\"}]},{\"@type\":\"WebSite\",\"@id\":\"https:\/\/www.wireproauto.com\/#website\",\"url\":\"https:\/\/www.wireproauto.com\/\",\"name\":\"WIREPRO Automation Technology\",\"description\":\"Wire Processing Machines and Harness Assembly Equipment, Total Solution\",\"potentialAction\":[{\"@type\":\"SearchAction\",\"target\":{\"@type\":\"EntryPoint\",\"urlTemplate\":\"https:\/\/www.wireproauto.com\/?s={search_term_string}\"},\"query-input\":{\"@type\":\"PropertyValueSpecification\",\"valueRequired\":true,\"valueName\":\"search_term_string\"}}],\"inLanguage\":\"es\"}]}<\/script>\n<!-- \/ Yoast SEO plugin. -->","yoast_head_json":{"title":"RG-S25 RG-S32 for cable wiring harness shrinkable tubing heating small heat gun - WIREPRO Automation Technology","description":"shrinkable tubing heating gun, heat gun for heat shrink tubing, heat shrinking tubes heater gun, heat shrink guns, heating heat shrink tubing gun.","robots":{"index":"index","follow":"follow","max-snippet":"max-snippet:-1","max-image-preview":"max-image-preview:large","max-video-preview":"max-video-preview:-1"},"canonical":"https:\/\/www.wireproauto.com\/es\/producto\/for-shrinkable-tubing-heating-small-heat-gun\/","og_locale":"es_ES","og_type":"article","og_title":"RG-S25 RG-S32 for cable wiring harness shrinkable tubing heating small heat gun - WIREPRO Automation Technology","og_description":"shrinkable tubing heating gun, heat gun for heat shrink tubing, heat shrinking tubes heater gun, heat shrink guns, heating heat shrink tubing gun.","og_url":"https:\/\/www.wireproauto.com\/es\/producto\/for-shrinkable-tubing-heating-small-heat-gun\/","og_site_name":"WIREPRO Automation Technology","article_modified_time":"2021-12-07T06:57:37+00:00","og_image":[{"width":800,"height":800,"url":"https:\/\/www.wireproauto.com\/wp-content\/uploads\/2021\/10\/Heat-shrinkable-tube-heating-machine-RG-S32-1.png","type":"image\/png"}],"twitter_card":"summary_large_image","twitter_misc":{"Tiempo de lectura":"1 minuto"},"schema":{"@context":"https:\/\/schema.org","@graph":[{"@type":"WebPage","@id":"https:\/\/www.wireproauto.com\/product\/for-shrinkable-tubing-heating-small-heat-gun\/","url":"https:\/\/www.wireproauto.com\/product\/for-shrinkable-tubing-heating-small-heat-gun\/","name":"RG-S25 RG-S32 for cable wiring harness shrinkable tubing heating small heat gun - WIREPRO Automation Technology","isPartOf":{"@id":"https:\/\/www.wireproauto.com\/#website"},"primaryImageOfPage":{"@id":"https:\/\/www.wireproauto.com\/product\/for-shrinkable-tubing-heating-small-heat-gun\/#primaryimage"},"image":{"@id":"https:\/\/www.wireproauto.com\/product\/for-shrinkable-tubing-heating-small-heat-gun\/#primaryimage"},"thumbnailUrl":"https:\/\/www.wireproauto.com\/wp-content\/uploads\/2021\/10\/Heat-shrinkable-tube-heating-machine-RG-S32-1.png","datePublished":"2021-10-21T10:18:45+00:00","dateModified":"2021-12-07T06:57:37+00:00","description":"shrinkable tubing heating gun, heat gun for heat shrink tubing, heat shrinking tubes heater gun, heat shrink guns, heating heat shrink tubing gun.","breadcrumb":{"@id":"https:\/\/www.wireproauto.com\/product\/for-shrinkable-tubing-heating-small-heat-gun\/#breadcrumb"},"inLanguage":"es","potentialAction":[{"@type":"ReadAction","target":["https:\/\/www.wireproauto.com\/product\/for-shrinkable-tubing-heating-small-heat-gun\/"]}]},{"@type":"ImageObject","inLanguage":"es","@id":"https:\/\/www.wireproauto.com\/product\/for-shrinkable-tubing-heating-small-heat-gun\/#primaryimage","url":"https:\/\/www.wireproauto.com\/wp-content\/uploads\/2021\/10\/Heat-shrinkable-tube-heating-machine-RG-S32-1.png","contentUrl":"https:\/\/www.wireproauto.com\/wp-content\/uploads\/2021\/10\/Heat-shrinkable-tube-heating-machine-RG-S32-1.png","width":800,"height":800},{"@type":"BreadcrumbList","@id":"https:\/\/www.wireproauto.com\/product\/for-shrinkable-tubing-heating-small-heat-gun\/#breadcrumb","itemListElement":[{"@type":"ListItem","position":1,"name":"HOME","item":"https:\/\/www.wireproauto.com\/"},{"@type":"ListItem","position":2,"name":"PRODUCTS","item":"https:\/\/www.wireproauto.com\/professional-wire-processing-machines\/"},{"@type":"ListItem","position":3,"name":"RG-S25 RG-S32 for cable wiring harness shrinkable tubing heating small heat gun"}]},{"@type":"WebSite","@id":"https:\/\/www.wireproauto.com\/#website","url":"https:\/\/www.wireproauto.com\/","name":"WIREPRO Automation Technology","description":"Wire Processing Machines and Harness Assembly Equipment, Total Solution","potentialAction":[{"@type":"SearchAction","target":{"@type":"EntryPoint","urlTemplate":"https:\/\/www.wireproauto.com\/?s={search_term_string}"},"query-input":{"@type":"PropertyValueSpecification","valueRequired":true,"valueName":"search_term_string"}}],"inLanguage":"es"}]}},"_links":{"self":[{"href":"https:\/\/www.wireproauto.com\/es\/wp-json\/wp\/v2\/product\/5486","targetHints":{"allow":["GET"]}}],"collection":[{"href":"https:\/\/www.wireproauto.com\/es\/wp-json\/wp\/v2\/product"}],"about":[{"href":"https:\/\/www.wireproauto.com\/es\/wp-json\/wp\/v2\/types\/product"}],"wp:featuredmedia":[{"embeddable":true,"href":"https:\/\/www.wireproauto.com\/es\/wp-json\/wp\/v2\/media\/5490"}],"wp:attachment":[{"href":"https:\/\/www.wireproauto.com\/es\/wp-json\/wp\/v2\/media?parent=5486"}],"wp:term":[{"taxonomy":"product_brand","embeddable":true,"href":"https:\/\/www.wireproauto.com\/es\/wp-json\/wp\/v2\/product_brand?post=5486"},{"taxonomy":"product_cat","embeddable":true,"href":"https:\/\/www.wireproauto.com\/es\/wp-json\/wp\/v2\/product_cat?post=5486"},{"taxonomy":"product_tag","embeddable":true,"href":"https:\/\/www.wireproauto.com\/es\/wp-json\/wp\/v2\/product_tag?post=5486"}],"curies":[{"name":"wp","href":"https:\/\/api.w.org\/{rel}","templated":true}]}}