{"id":4178,"date":"2021-06-08T11:56:10","date_gmt":"2021-06-08T03:56:10","guid":{"rendered":"https:\/\/www.wireproauto.com\/?post_type=product&#038;p=4178"},"modified":"2022-02-15T15:06:03","modified_gmt":"2022-02-15T07:06:03","slug":"hw-d25-small-size-tape-wrap-around-harness-taping-machine","status":"publish","type":"product","link":"https:\/\/www.wireproauto.com\/es\/producto\/hw-d25-small-size-tape-wrap-around-harness-taping-machine\/","title":{"rendered":"HW-D25 m\u00e1quina encintadora de arneses de peque\u00f1o tama\u00f1o"},"content":{"rendered":"<div class=\"fusion-fullwidth fullwidth-box fusion-builder-row-1 fusion-flex-container nonhundred-percent-fullwidth non-hundred-percent-height-scrolling\" style=\"--awb-border-radius-top-left:0px;--awb-border-radius-top-right:0px;--awb-border-radius-bottom-right:0px;--awb-border-radius-bottom-left:0px;--awb-flex-wrap:wrap;\" ><div class=\"fusion-builder-row fusion-row fusion-flex-align-items-flex-start fusion-flex-content-wrap\" style=\"max-width:1258.4px;margin-left: calc(-4% \/ 2 );margin-right: calc(-4% \/ 2 );\"><div class=\"fusion-layout-column fusion_builder_column fusion-builder-column-0 fusion_builder_column_1_1 1_1 fusion-flex-column\" style=\"--awb-bg-size:cover;--awb-width-large:100%;--awb-margin-top-large:0px;--awb-spacing-right-large:1.92%;--awb-margin-bottom-large:0px;--awb-spacing-left-large:1.92%;--awb-width-medium:100%;--awb-spacing-right-medium:1.92%;--awb-spacing-left-medium:1.92%;--awb-width-small:100%;--awb-spacing-right-small:1.92%;--awb-spacing-left-small:1.92%;\"><div class=\"fusion-column-wrapper fusion-flex-justify-content-flex-start fusion-content-layout-column\"><div class=\"fusion-text fusion-text-1\"><p><strong>HW-D25\u00a0<\/strong>supports wire harness continuous &amp; spot taping. It can work with different types of material tape without back paper, such as cloth tape, PVC tape, etc. It&#8217;s mostly used for continuous taping.<\/p>\n<p data-spm-anchor-id=\"a2700.details.0.i23.2b4a283a3Mo0OR\">Features:<br \/>\n1. Different materials tapes are available<br \/>\n2. The finished products maintain flat, no wrinkles<br \/>\n3. Support different winding method switching: same position point winding, different positions spiral winding<br \/>\n4. Wrapping laps and wrapping speed can be set, display the output<br \/>\n5. Changing blades very quickly<\/p>\n<h2 data-spm-anchor-id=\"a2700.details.0.i23.2b4a283a3Mo0OR\"><strong>HW-D25 <\/strong>Harness taping machine video:<\/h2>\n<div class=\"video-shortcode\"><iframe title=\"HW-D25 China good price cable harness wrap around tape winding machine electrical taping machine\" width=\"1210\" height=\"681\" src=\"https:\/\/www.youtube.com\/embed\/uef5mcE6hCA?feature=oembed\" frameborder=\"0\" allow=\"accelerometer; autoplay; clipboard-write; encrypted-media; gyroscope; picture-in-picture\" allowfullscreen><\/iframe><\/div>\n<\/div><\/div><\/div><\/div><\/div>","protected":false},"excerpt":{"rendered":"<p><strong>Model: HW-D25 <\/strong><\/p>\n<p>It supports wire harness continuous &amp; spot taping. It&#8217;s a very good cost-effective choice if you have limited budget.<\/p>","protected":false},"featured_media":4100,"template":"","meta":[],"product_brand":[],"product_cat":[179],"product_tag":[223],"class_list":{"0":"post-4178","1":"product","2":"type-product","3":"status-publish","4":"has-post-thumbnail","6":"product_cat-harness-taping-labeling","7":"product_tag-harness-taping-machine","9":"first","10":"instock","11":"shipping-taxable","12":"purchasable","13":"product-type-simple"},"yoast_head":"<!-- This site is optimized with the Yoast SEO plugin v26.9 - https:\/\/yoast.com\/product\/yoast-seo-wordpress\/ -->\n<title>HW-D25 small size tape wrap around harness taping machine - WIREPRO Automation Technology<\/title>\n<meta name=\"description\" content=\"WIREPRO Automation supplys different kind Harness taping machine, Wire tape wrapping machine, Tube taping winding machine. Contact us if you need!\" \/>\n<meta name=\"robots\" content=\"index, follow, max-snippet:-1, max-image-preview:large, max-video-preview:-1\" \/>\n<link rel=\"canonical\" href=\"https:\/\/www.wireproauto.com\/es\/producto\/hw-d25-small-size-tape-wrap-around-harness-taping-machine\/\" \/>\n<meta property=\"og:locale\" content=\"es_ES\" \/>\n<meta property=\"og:type\" content=\"article\" \/>\n<meta property=\"og:title\" content=\"HW-D25 small size tape wrap around harness taping machine - WIREPRO Automation Technology\" \/>\n<meta property=\"og:description\" content=\"WIREPRO Automation supplys different kind Harness taping machine, Wire tape wrapping machine, Tube taping winding machine. Contact us if you need!\" \/>\n<meta property=\"og:url\" content=\"https:\/\/www.wireproauto.com\/es\/producto\/hw-d25-small-size-tape-wrap-around-harness-taping-machine\/\" \/>\n<meta property=\"og:site_name\" content=\"WIREPRO Automation Technology\" \/>\n<meta property=\"article:modified_time\" content=\"2022-02-15T07:06:03+00:00\" \/>\n<meta property=\"og:image\" content=\"https:\/\/www.wireproauto.com\/wp-content\/uploads\/2021\/06\/harness-taping-HW-M30-2.jpg\" \/>\n\t<meta property=\"og:image:width\" content=\"750\" \/>\n\t<meta property=\"og:image:height\" content=\"750\" \/>\n\t<meta property=\"og:image:type\" content=\"image\/jpeg\" \/>\n<meta name=\"twitter:card\" content=\"summary_large_image\" \/>\n<meta name=\"twitter:label1\" content=\"Tiempo de lectura\" \/>\n\t<meta name=\"twitter:data1\" content=\"1 minuto\" \/>\n<script type=\"application\/ld+json\" class=\"yoast-schema-graph\">{\"@context\":\"https:\/\/schema.org\",\"@graph\":[{\"@type\":\"WebPage\",\"@id\":\"https:\/\/www.wireproauto.com\/product\/hw-d25-small-size-tape-wrap-around-harness-taping-machine\/\",\"url\":\"https:\/\/www.wireproauto.com\/product\/hw-d25-small-size-tape-wrap-around-harness-taping-machine\/\",\"name\":\"HW-D25 small size tape wrap around harness taping machine - WIREPRO Automation Technology\",\"isPartOf\":{\"@id\":\"https:\/\/www.wireproauto.com\/#website\"},\"primaryImageOfPage\":{\"@id\":\"https:\/\/www.wireproauto.com\/product\/hw-d25-small-size-tape-wrap-around-harness-taping-machine\/#primaryimage\"},\"image\":{\"@id\":\"https:\/\/www.wireproauto.com\/product\/hw-d25-small-size-tape-wrap-around-harness-taping-machine\/#primaryimage\"},\"thumbnailUrl\":\"https:\/\/www.wireproauto.com\/wp-content\/uploads\/2021\/06\/harness-taping-HW-M30-2.jpg\",\"datePublished\":\"2021-06-08T03:56:10+00:00\",\"dateModified\":\"2022-02-15T07:06:03+00:00\",\"description\":\"WIREPRO Automation supplys different kind Harness taping machine, Wire tape wrapping machine, Tube taping winding machine. Contact us if you need!\",\"breadcrumb\":{\"@id\":\"https:\/\/www.wireproauto.com\/product\/hw-d25-small-size-tape-wrap-around-harness-taping-machine\/#breadcrumb\"},\"inLanguage\":\"es\",\"potentialAction\":[{\"@type\":\"ReadAction\",\"target\":[\"https:\/\/www.wireproauto.com\/product\/hw-d25-small-size-tape-wrap-around-harness-taping-machine\/\"]}]},{\"@type\":\"ImageObject\",\"inLanguage\":\"es\",\"@id\":\"https:\/\/www.wireproauto.com\/product\/hw-d25-small-size-tape-wrap-around-harness-taping-machine\/#primaryimage\",\"url\":\"https:\/\/www.wireproauto.com\/wp-content\/uploads\/2021\/06\/harness-taping-HW-M30-2.jpg\",\"contentUrl\":\"https:\/\/www.wireproauto.com\/wp-content\/uploads\/2021\/06\/harness-taping-HW-M30-2.jpg\",\"width\":750,\"height\":750,\"caption\":\"HB-W25 small power cord wire winding coiling machine\"},{\"@type\":\"BreadcrumbList\",\"@id\":\"https:\/\/www.wireproauto.com\/product\/hw-d25-small-size-tape-wrap-around-harness-taping-machine\/#breadcrumb\",\"itemListElement\":[{\"@type\":\"ListItem\",\"position\":1,\"name\":\"HOME\",\"item\":\"https:\/\/www.wireproauto.com\/\"},{\"@type\":\"ListItem\",\"position\":2,\"name\":\"PRODUCTS\",\"item\":\"https:\/\/www.wireproauto.com\/professional-wire-processing-machines\/\"},{\"@type\":\"ListItem\",\"position\":3,\"name\":\"HW-D25 small size tape wrap around harness taping machine\"}]},{\"@type\":\"WebSite\",\"@id\":\"https:\/\/www.wireproauto.com\/#website\",\"url\":\"https:\/\/www.wireproauto.com\/\",\"name\":\"WIREPRO Automation Technology\",\"description\":\"Wire Processing Machines and Harness Assembly Equipment, Total Solution\",\"potentialAction\":[{\"@type\":\"SearchAction\",\"target\":{\"@type\":\"EntryPoint\",\"urlTemplate\":\"https:\/\/www.wireproauto.com\/?s={search_term_string}\"},\"query-input\":{\"@type\":\"PropertyValueSpecification\",\"valueRequired\":true,\"valueName\":\"search_term_string\"}}],\"inLanguage\":\"es\"}]}<\/script>\n<!-- \/ Yoast SEO plugin. -->","yoast_head_json":{"title":"HW-D25 small size tape wrap around harness taping machine - WIREPRO Automation Technology","description":"WIREPRO Automation supplys different kind Harness taping machine, Wire tape wrapping machine, Tube taping winding machine. Contact us if you need!","robots":{"index":"index","follow":"follow","max-snippet":"max-snippet:-1","max-image-preview":"max-image-preview:large","max-video-preview":"max-video-preview:-1"},"canonical":"https:\/\/www.wireproauto.com\/es\/producto\/hw-d25-small-size-tape-wrap-around-harness-taping-machine\/","og_locale":"es_ES","og_type":"article","og_title":"HW-D25 small size tape wrap around harness taping machine - WIREPRO Automation Technology","og_description":"WIREPRO Automation supplys different kind Harness taping machine, Wire tape wrapping machine, Tube taping winding machine. Contact us if you need!","og_url":"https:\/\/www.wireproauto.com\/es\/producto\/hw-d25-small-size-tape-wrap-around-harness-taping-machine\/","og_site_name":"WIREPRO Automation Technology","article_modified_time":"2022-02-15T07:06:03+00:00","og_image":[{"width":750,"height":750,"url":"https:\/\/www.wireproauto.com\/wp-content\/uploads\/2021\/06\/harness-taping-HW-M30-2.jpg","type":"image\/jpeg"}],"twitter_card":"summary_large_image","twitter_misc":{"Tiempo de lectura":"1 minuto"},"schema":{"@context":"https:\/\/schema.org","@graph":[{"@type":"WebPage","@id":"https:\/\/www.wireproauto.com\/product\/hw-d25-small-size-tape-wrap-around-harness-taping-machine\/","url":"https:\/\/www.wireproauto.com\/product\/hw-d25-small-size-tape-wrap-around-harness-taping-machine\/","name":"HW-D25 small size tape wrap around harness taping machine - WIREPRO Automation Technology","isPartOf":{"@id":"https:\/\/www.wireproauto.com\/#website"},"primaryImageOfPage":{"@id":"https:\/\/www.wireproauto.com\/product\/hw-d25-small-size-tape-wrap-around-harness-taping-machine\/#primaryimage"},"image":{"@id":"https:\/\/www.wireproauto.com\/product\/hw-d25-small-size-tape-wrap-around-harness-taping-machine\/#primaryimage"},"thumbnailUrl":"https:\/\/www.wireproauto.com\/wp-content\/uploads\/2021\/06\/harness-taping-HW-M30-2.jpg","datePublished":"2021-06-08T03:56:10+00:00","dateModified":"2022-02-15T07:06:03+00:00","description":"WIREPRO Automation supplys different kind Harness taping machine, Wire tape wrapping machine, Tube taping winding machine. Contact us if you need!","breadcrumb":{"@id":"https:\/\/www.wireproauto.com\/product\/hw-d25-small-size-tape-wrap-around-harness-taping-machine\/#breadcrumb"},"inLanguage":"es","potentialAction":[{"@type":"ReadAction","target":["https:\/\/www.wireproauto.com\/product\/hw-d25-small-size-tape-wrap-around-harness-taping-machine\/"]}]},{"@type":"ImageObject","inLanguage":"es","@id":"https:\/\/www.wireproauto.com\/product\/hw-d25-small-size-tape-wrap-around-harness-taping-machine\/#primaryimage","url":"https:\/\/www.wireproauto.com\/wp-content\/uploads\/2021\/06\/harness-taping-HW-M30-2.jpg","contentUrl":"https:\/\/www.wireproauto.com\/wp-content\/uploads\/2021\/06\/harness-taping-HW-M30-2.jpg","width":750,"height":750,"caption":"HB-W25 small power cord wire winding coiling machine"},{"@type":"BreadcrumbList","@id":"https:\/\/www.wireproauto.com\/product\/hw-d25-small-size-tape-wrap-around-harness-taping-machine\/#breadcrumb","itemListElement":[{"@type":"ListItem","position":1,"name":"HOME","item":"https:\/\/www.wireproauto.com\/"},{"@type":"ListItem","position":2,"name":"PRODUCTS","item":"https:\/\/www.wireproauto.com\/professional-wire-processing-machines\/"},{"@type":"ListItem","position":3,"name":"HW-D25 small size tape wrap around harness taping machine"}]},{"@type":"WebSite","@id":"https:\/\/www.wireproauto.com\/#website","url":"https:\/\/www.wireproauto.com\/","name":"WIREPRO Automation Technology","description":"Wire Processing Machines and Harness Assembly Equipment, Total Solution","potentialAction":[{"@type":"SearchAction","target":{"@type":"EntryPoint","urlTemplate":"https:\/\/www.wireproauto.com\/?s={search_term_string}"},"query-input":{"@type":"PropertyValueSpecification","valueRequired":true,"valueName":"search_term_string"}}],"inLanguage":"es"}]}},"_links":{"self":[{"href":"https:\/\/www.wireproauto.com\/es\/wp-json\/wp\/v2\/product\/4178","targetHints":{"allow":["GET"]}}],"collection":[{"href":"https:\/\/www.wireproauto.com\/es\/wp-json\/wp\/v2\/product"}],"about":[{"href":"https:\/\/www.wireproauto.com\/es\/wp-json\/wp\/v2\/types\/product"}],"wp:featuredmedia":[{"embeddable":true,"href":"https:\/\/www.wireproauto.com\/es\/wp-json\/wp\/v2\/media\/4100"}],"wp:attachment":[{"href":"https:\/\/www.wireproauto.com\/es\/wp-json\/wp\/v2\/media?parent=4178"}],"wp:term":[{"taxonomy":"product_brand","embeddable":true,"href":"https:\/\/www.wireproauto.com\/es\/wp-json\/wp\/v2\/product_brand?post=4178"},{"taxonomy":"product_cat","embeddable":true,"href":"https:\/\/www.wireproauto.com\/es\/wp-json\/wp\/v2\/product_cat?post=4178"},{"taxonomy":"product_tag","embeddable":true,"href":"https:\/\/www.wireproauto.com\/es\/wp-json\/wp\/v2\/product_tag?post=4178"}],"curies":[{"name":"wp","href":"https:\/\/api.w.org\/{rel}","templated":true}]}}